{"id":575,"date":"2020-12-08T11:08:10","date_gmt":"2020-12-08T11:08:10","guid":{"rendered":"https:\/\/cow.stimdata.tools\/?post_type=product&#038;p=575"},"modified":"2021-10-12T15:52:24","modified_gmt":"2021-10-12T15:52:24","slug":"couteau-dag-horn-knives","status":"publish","type":"product","link":"https:\/\/c-o-w.fr\/?product=couteau-dag-horn-knives","title":{"rendered":"Couteau Dag Horn Knives"},"content":{"rendered":"<p>Jeremy, passionn\u00e9 par la fabrication des couteaux en s\u00e9rie limit\u00e9e et exclusive pour les grands chefs \u00e9toil\u00e9s de France et d\u2019Europe, a accept\u00e9 de d\u00e9velopper pour COW une s\u00e9rie sp\u00e9ciale.<\/p>\n<p>Une lame en inox ins\u00e9r\u00e9e dans un manche en noyer &#8230; le fruit d\u2019un long travail de conception.<\/p>\n<p>La bo\u00eete \u00e0 double usage, \u00e9tui et pr\u00e9sentoir, est en ch\u00eane issu de la for\u00eat de Tron\u00e7ais qui respecte le d\u00e9veloppement harmonieux de l\u2019\u00e9cosyst\u00e8me.<br \/>\nNum\u00e9rot\u00e9e de 1 \u00e0 100, cette s\u00e9rie exceptionnelle marque la premi\u00e8re collaboration entre Dag Horn Knives et Cheese Of The World.<\/p>\n<p>Pour commander : contact@c-o-w.fr ou par t\u00e9l\u00e9phone : 0188335400<\/p>\n","protected":false},"excerpt":{"rendered":"<p>Pour les fous de fromages, pour les fines lames, pour les \u00e9picuriens, et les amoureux de la pr\u00e9cision et du beau geste&#8230;. nous vous proposons notre couteau num\u00e9rot\u00e9.<\/p>\n","protected":false},"featured_media":604,"template":"","meta":[],"product_cat":[22],"product_tag":[],"jetpack_sharing_enabled":true,"_links":{"self":[{"href":"https:\/\/c-o-w.fr\/index.php?rest_route=\/wp\/v2\/product\/575"}],"collection":[{"href":"https:\/\/c-o-w.fr\/index.php?rest_route=\/wp\/v2\/product"}],"about":[{"href":"https:\/\/c-o-w.fr\/index.php?rest_route=\/wp\/v2\/types\/product"}],"wp:featuredmedia":[{"embeddable":true,"href":"https:\/\/c-o-w.fr\/index.php?rest_route=\/wp\/v2\/media\/604"}],"wp:attachment":[{"href":"https:\/\/c-o-w.fr\/index.php?rest_route=%2Fwp%2Fv2%2Fmedia&parent=575"}],"wp:term":[{"taxonomy":"product_cat","embeddable":true,"href":"https:\/\/c-o-w.fr\/index.php?rest_route=%2Fwp%2Fv2%2Fproduct_cat&post=575"},{"taxonomy":"product_tag","embeddable":true,"href":"https:\/\/c-o-w.fr\/index.php?rest_route=%2Fwp%2Fv2%2Fproduct_tag&post=575"}],"curies":[{"name":"wp","href":"https:\/\/api.w.org\/{rel}","templated":true}]}}