{"id":4495,"date":"2024-05-24T14:58:23","date_gmt":"2024-05-24T14:58:23","guid":{"rendered":"https:\/\/c-o-w.fr\/?post_type=product&#038;p=4495"},"modified":"2024-05-24T15:03:58","modified_gmt":"2024-05-24T15:03:58","slug":"fait-maison","status":"publish","type":"product","link":"https:\/\/c-o-w.fr\/?product=fait-maison","title":{"rendered":"Fait maison"},"content":{"rendered":"<p>Nous r\u00e9alisons chaque semaine des produits frais (yaourts, fabrications fromag\u00e8res) que nous proposons en boutique :<br \/>\n&#8211; Yaourt ferme nature (130 ou 210g) : r\u00e9alis\u00e9 \u00e0 base de lait cru de vache jersiaise<br \/>\n&#8211; Yaourt brass\u00e9s aromatis\u00e9s (300g) : aux fruits (fraise, mirabelle, abricot, myrtille, p\u00eache), \u00e0 la cr\u00e8me de marron, \u00e0 la noisettes ou \u00e0 la vanille<br \/>\n&#8211; \u00ab Gros \u00bb suisse \u00e0 l\u2019ancienne (300g) : r\u00e9confortant et g\u00e9n\u00e9reux<br \/>\n&#8211; Fromages frais et tartinables : aux herbes fraiches<br \/>\n&#8211; Fromage fil\u00e9 fa\u00e7on Halloumi : assaisonn\u00e9 au zaatar. Pr\u00eat \u00e0 cuire !<\/p>\n","protected":false},"excerpt":{"rendered":"<p>Produits frais et fabrications fromag\u00e8res<\/p>\n","protected":false},"featured_media":4402,"template":"","meta":[],"product_cat":[21],"product_tag":[],"jetpack_sharing_enabled":true,"_links":{"self":[{"href":"https:\/\/c-o-w.fr\/index.php?rest_route=\/wp\/v2\/product\/4495"}],"collection":[{"href":"https:\/\/c-o-w.fr\/index.php?rest_route=\/wp\/v2\/product"}],"about":[{"href":"https:\/\/c-o-w.fr\/index.php?rest_route=\/wp\/v2\/types\/product"}],"wp:featuredmedia":[{"embeddable":true,"href":"https:\/\/c-o-w.fr\/index.php?rest_route=\/wp\/v2\/media\/4402"}],"wp:attachment":[{"href":"https:\/\/c-o-w.fr\/index.php?rest_route=%2Fwp%2Fv2%2Fmedia&parent=4495"}],"wp:term":[{"taxonomy":"product_cat","embeddable":true,"href":"https:\/\/c-o-w.fr\/index.php?rest_route=%2Fwp%2Fv2%2Fproduct_cat&post=4495"},{"taxonomy":"product_tag","embeddable":true,"href":"https:\/\/c-o-w.fr\/index.php?rest_route=%2Fwp%2Fv2%2Fproduct_tag&post=4495"}],"curies":[{"name":"wp","href":"https:\/\/api.w.org\/{rel}","templated":true}]}}