{"id":4493,"date":"2024-05-24T14:57:35","date_gmt":"2024-05-24T14:57:35","guid":{"rendered":"https:\/\/c-o-w.fr\/?post_type=product&#038;p=4493"},"modified":"2024-05-24T15:04:14","modified_gmt":"2024-05-24T15:04:14","slug":"produits-laitiers","status":"publish","type":"product","link":"https:\/\/c-o-w.fr\/?product=produits-laitiers","title":{"rendered":"Produits laitiers"},"content":{"rendered":"<p>Laits et produits laitiers fermiers, r\u00e9alis\u00e9e au domaine de la Charlotterie (77), \u00e0 moins de 50km de Paris.<br \/>\n&#8211; Lait cru (1L), bouteille en verre consign\u00e9e. Livr\u00e9 le mercredi apr\u00e8s la traite du matin (4 jours de DLC)<br \/>\n&#8211; Faisselle (1kg)<br \/>\n&#8211; Fromage blanc (1kg)<br \/>\n&#8211; Skyr (1kg)<\/p>\n","protected":false},"excerpt":{"rendered":"<p>Laits et produits laitiers fermiers<\/p>\n","protected":false},"featured_media":4494,"template":"","meta":[],"product_cat":[21],"product_tag":[],"jetpack_sharing_enabled":true,"_links":{"self":[{"href":"https:\/\/c-o-w.fr\/index.php?rest_route=\/wp\/v2\/product\/4493"}],"collection":[{"href":"https:\/\/c-o-w.fr\/index.php?rest_route=\/wp\/v2\/product"}],"about":[{"href":"https:\/\/c-o-w.fr\/index.php?rest_route=\/wp\/v2\/types\/product"}],"wp:featuredmedia":[{"embeddable":true,"href":"https:\/\/c-o-w.fr\/index.php?rest_route=\/wp\/v2\/media\/4494"}],"wp:attachment":[{"href":"https:\/\/c-o-w.fr\/index.php?rest_route=%2Fwp%2Fv2%2Fmedia&parent=4493"}],"wp:term":[{"taxonomy":"product_cat","embeddable":true,"href":"https:\/\/c-o-w.fr\/index.php?rest_route=%2Fwp%2Fv2%2Fproduct_cat&post=4493"},{"taxonomy":"product_tag","embeddable":true,"href":"https:\/\/c-o-w.fr\/index.php?rest_route=%2Fwp%2Fv2%2Fproduct_tag&post=4493"}],"curies":[{"name":"wp","href":"https:\/\/api.w.org\/{rel}","templated":true}]}}