{"id":4396,"date":"2024-05-24T10:11:25","date_gmt":"2024-05-24T10:11:25","guid":{"rendered":"https:\/\/c-o-w.fr\/?post_type=product&#038;p=4396"},"modified":"2024-05-24T10:13:30","modified_gmt":"2024-05-24T10:13:30","slug":"plateau-fromage-6-personnes","status":"publish","type":"product","link":"https:\/\/c-o-w.fr\/?product=plateau-fromage-6-personnes","title":{"rendered":"Plateau fromage 6 personnes"},"content":{"rendered":"<p>Assortiment de fromages s\u00e9lectionn\u00e9 et joliment dress\u00e9 par nos soins.<br \/>\nPortion de 120g par personne.<\/p>\n","protected":false},"excerpt":{"rendered":"<p>Assortiment de fromages s\u00e9lectionn\u00e9 et joliment dress\u00e9 par nos soins. Portion de 120g par personne.<\/p>\n","protected":false},"featured_media":4399,"template":"","meta":[],"product_cat":[38],"product_tag":[],"jetpack_sharing_enabled":true,"_links":{"self":[{"href":"https:\/\/c-o-w.fr\/index.php?rest_route=\/wp\/v2\/product\/4396"}],"collection":[{"href":"https:\/\/c-o-w.fr\/index.php?rest_route=\/wp\/v2\/product"}],"about":[{"href":"https:\/\/c-o-w.fr\/index.php?rest_route=\/wp\/v2\/types\/product"}],"wp:featuredmedia":[{"embeddable":true,"href":"https:\/\/c-o-w.fr\/index.php?rest_route=\/wp\/v2\/media\/4399"}],"wp:attachment":[{"href":"https:\/\/c-o-w.fr\/index.php?rest_route=%2Fwp%2Fv2%2Fmedia&parent=4396"}],"wp:term":[{"taxonomy":"product_cat","embeddable":true,"href":"https:\/\/c-o-w.fr\/index.php?rest_route=%2Fwp%2Fv2%2Fproduct_cat&post=4396"},{"taxonomy":"product_tag","embeddable":true,"href":"https:\/\/c-o-w.fr\/index.php?rest_route=%2Fwp%2Fv2%2Fproduct_tag&post=4396"}],"curies":[{"name":"wp","href":"https:\/\/api.w.org\/{rel}","templated":true}]}}