{"id":1743,"date":"2021-10-11T15:52:28","date_gmt":"2021-10-11T15:52:28","guid":{"rendered":"https:\/\/cow.stimdata.tools\/?product=portion-tomme-aux-poivres"},"modified":"2021-10-12T11:53:13","modified_gmt":"2021-10-12T11:53:13","slug":"portion-tomme-aux-poivres","status":"publish","type":"product","link":"https:\/\/c-o-w.fr\/?product=portion-tomme-aux-poivres","title":{"rendered":"Portion Tomme aux poivres"},"content":{"rendered":"<p>Fabriqu\u00e9 par Albert Kraus \u00e0 800\u00a0m\u00e8tres d\u2019altitude, dans la r\u00e9gion d\u2019Allgau en Bavi\u00e8re, le ALP BLOSSOM (litt\u00e9ralement \u00ab\u00a0Fleur des Alpes\u00a0\u00bb) constitue une \u00e9vocation champ\u00eatre par excellence\u00a0! En cours d\u2019affinage, cette tomme aux fleurs se voit recouverte d\u2019un bouquet de gentiane, lavande, violette, bleuet\u2026 qui vient subtilement infuser sa p\u00e2te. En bouche, les notes fleuries laissent place \u00e0 une douceur miell\u00e9e ponctu\u00e9e de discr\u00e8tes touches de caramel.<\/p>\n","protected":false},"excerpt":{"rendered":"<p><strong><em>Type de fromage : <\/em><\/strong> Lait cru de vache<br \/>\n<strong><em>Producteur : <\/em><\/strong> Famille Martin<br \/>\n<strong><em>Intensit\u00e9 : <\/em><\/strong> 4\/5<br \/>\n<em><strong>Coagulant : <\/strong><\/em> Pr\u00e9sure<br \/>\n<em><strong>Affinage : <\/strong><\/em> 6 &#8211; 8mois<br \/>\n<em><strong>Poids : <\/strong><\/em> environ 250g<\/p>\n[yith_wcwl_add_to_wishlist]\n","protected":false},"featured_media":622,"template":"","meta":[],"product_cat":[39],"product_tag":[],"jetpack_sharing_enabled":true,"_links":{"self":[{"href":"https:\/\/c-o-w.fr\/index.php?rest_route=\/wp\/v2\/product\/1743"}],"collection":[{"href":"https:\/\/c-o-w.fr\/index.php?rest_route=\/wp\/v2\/product"}],"about":[{"href":"https:\/\/c-o-w.fr\/index.php?rest_route=\/wp\/v2\/types\/product"}],"wp:featuredmedia":[{"embeddable":true,"href":"https:\/\/c-o-w.fr\/index.php?rest_route=\/wp\/v2\/media\/622"}],"wp:attachment":[{"href":"https:\/\/c-o-w.fr\/index.php?rest_route=%2Fwp%2Fv2%2Fmedia&parent=1743"}],"wp:term":[{"taxonomy":"product_cat","embeddable":true,"href":"https:\/\/c-o-w.fr\/index.php?rest_route=%2Fwp%2Fv2%2Fproduct_cat&post=1743"},{"taxonomy":"product_tag","embeddable":true,"href":"https:\/\/c-o-w.fr\/index.php?rest_route=%2Fwp%2Fv2%2Fproduct_tag&post=1743"}],"curies":[{"name":"wp","href":"https:\/\/api.w.org\/{rel}","templated":true}]}}