{"id":1727,"date":"2021-10-11T15:52:12","date_gmt":"2021-10-11T15:52:12","guid":{"rendered":"https:\/\/cow.stimdata.tools\/?product=tomme-aux-poivres"},"modified":"2022-01-19T10:34:25","modified_gmt":"2022-01-19T10:34:25","slug":"tomme-aux-poivres","status":"publish","type":"product","link":"https:\/\/c-o-w.fr\/?product=tomme-aux-poivres","title":{"rendered":"Tomme aux poivres"},"content":{"rendered":"<p>Fabriqu\u00e9 par Sennerei Huban,la premi\u00e8re \u00e9cole de fromage d\u2019Autriche, cette tomme est fabriqu\u00e9e \u00e0 la main en roues vieillies pendant six mois.<\/p>\n","protected":false},"excerpt":{"rendered":"<p><strong><em>Type de fromage : <\/em><\/strong>Lait thermis\u00e9 de vache<br \/>\n<em><strong>Producteur : <\/strong><\/em>Sennerei Huban<br \/>\n<em><strong>Intensit\u00e9 : <\/strong><\/em>2\/5<br \/>\n<em><strong>Coagulant : <\/strong><\/em>Pr\u00e9sure<br \/>\n<em><strong>Affinage : <\/strong><\/em>6 mois<br \/>\n<em><strong>Poids : <\/strong><\/em>250g environ<\/p>\n","protected":false},"featured_media":622,"template":"","meta":[],"product_cat":[20],"product_tag":[],"jetpack_sharing_enabled":true,"_links":{"self":[{"href":"https:\/\/c-o-w.fr\/index.php?rest_route=\/wp\/v2\/product\/1727"}],"collection":[{"href":"https:\/\/c-o-w.fr\/index.php?rest_route=\/wp\/v2\/product"}],"about":[{"href":"https:\/\/c-o-w.fr\/index.php?rest_route=\/wp\/v2\/types\/product"}],"wp:featuredmedia":[{"embeddable":true,"href":"https:\/\/c-o-w.fr\/index.php?rest_route=\/wp\/v2\/media\/622"}],"wp:attachment":[{"href":"https:\/\/c-o-w.fr\/index.php?rest_route=%2Fwp%2Fv2%2Fmedia&parent=1727"}],"wp:term":[{"taxonomy":"product_cat","embeddable":true,"href":"https:\/\/c-o-w.fr\/index.php?rest_route=%2Fwp%2Fv2%2Fproduct_cat&post=1727"},{"taxonomy":"product_tag","embeddable":true,"href":"https:\/\/c-o-w.fr\/index.php?rest_route=%2Fwp%2Fv2%2Fproduct_tag&post=1727"}],"curies":[{"name":"wp","href":"https:\/\/api.w.org\/{rel}","templated":true}]}}