{"id":1724,"date":"2021-10-11T15:52:10","date_gmt":"2021-10-11T15:52:10","guid":{"rendered":"https:\/\/cow.stimdata.tools\/?product=oaxaca"},"modified":"2021-10-13T09:13:16","modified_gmt":"2021-10-13T09:13:16","slug":"oaxaca","status":"publish","type":"product","link":"https:\/\/c-o-w.fr\/?product=oaxaca","title":{"rendered":"Oaxaca"},"content":{"rendered":"<p>\u00c9galement connu sous le nom de Queso Oaxaca, Asadero ou Quesillo. Le Oaxaca est un nom mexicain pour un fromage semi-doux, blanc, hispanique, fabriqu\u00e9 \u00e0 partir de lait de vache. Appartenant \u00e0 la famille des p\u00e2tes fil\u00e9es, semblable \u00e0 une mozzarella, Oaxaca est un fromage caill\u00e9 \u00e9tir\u00e9, p\u00e9tri et vendu dans de longues tresses doucement enroul\u00e9es en boules.<br \/>\nLe Oaxaca a une saveur de beurre et est un excellent fromage fondant. Ses saveurs douces et legerement sal\u00e9es font de lui l&rsquo;un des fromages les plus populaires pour la pr\u00e9paration des quesadillas et un excellent fromage \u00e0 farcir dans les recettes de p\u00e2tisserie.<\/p>\n","protected":false},"excerpt":{"rendered":"<p><strong><em>Type de fromage : <\/em><\/strong>Lait entier de vache<br \/>\n<em><strong>Producteur : <\/strong><\/em>Quesito Lindo<br \/>\n<em><strong>Intensit\u00e9 : <\/strong><\/em>2\/5<br \/>\n<em><strong>Coagulant : <\/strong><\/em>Pr\u00e9sure<br \/>\n<em><strong>Affinage : <\/strong><\/em>Aucun affinage pour ce type de produit<br \/>\n<em><strong>Poids : <\/strong><\/em>250g<\/p>\n","protected":false},"featured_media":622,"template":"","meta":[],"product_cat":[93,92],"product_tag":[],"jetpack_sharing_enabled":true,"_links":{"self":[{"href":"https:\/\/c-o-w.fr\/index.php?rest_route=\/wp\/v2\/product\/1724"}],"collection":[{"href":"https:\/\/c-o-w.fr\/index.php?rest_route=\/wp\/v2\/product"}],"about":[{"href":"https:\/\/c-o-w.fr\/index.php?rest_route=\/wp\/v2\/types\/product"}],"wp:featuredmedia":[{"embeddable":true,"href":"https:\/\/c-o-w.fr\/index.php?rest_route=\/wp\/v2\/media\/622"}],"wp:attachment":[{"href":"https:\/\/c-o-w.fr\/index.php?rest_route=%2Fwp%2Fv2%2Fmedia&parent=1724"}],"wp:term":[{"taxonomy":"product_cat","embeddable":true,"href":"https:\/\/c-o-w.fr\/index.php?rest_route=%2Fwp%2Fv2%2Fproduct_cat&post=1724"},{"taxonomy":"product_tag","embeddable":true,"href":"https:\/\/c-o-w.fr\/index.php?rest_route=%2Fwp%2Fv2%2Fproduct_tag&post=1724"}],"curies":[{"name":"wp","href":"https:\/\/api.w.org\/{rel}","templated":true}]}}