{"id":1227,"date":"2021-04-20T13:47:57","date_gmt":"2021-04-20T13:47:57","guid":{"rendered":"https:\/\/cow.stimdata.tools\/?post_type=product&#038;p=1227"},"modified":"2021-10-11T15:48:36","modified_gmt":"2021-10-11T15:48:36","slug":"confiture-de-lait","status":"publish","type":"product","link":"https:\/\/c-o-w.fr\/?product=confiture-de-lait","title":{"rendered":"Confiture de lait"},"content":{"rendered":"<div class=\"entry-content\">\n<p>Maison Borniambuc<\/p>\n<p>Fort-Moville, Eure, Normandie<\/p>\n<p>Situ\u00e9e \u00e0 Fort-Moville dans l\u2019Eure, la Maison Borniambuc fabrique des produits frais d\u2019exception (cr\u00e8me crue, fromages blancs lisse et campagne\u2026), ainsi que de la confiture de lait. Cette sp\u00e9cialit\u00e9 culinaire normande est \u00e9labor\u00e9e \u00e0 partir d\u2019un m\u00e9lange de lait et de sucre port\u00e9 \u00e0 \u00e9bullition puis cuit \u00e0 feu doux. D\u2019une texture extr\u00eamement onctueuse, elle offre de d\u00e9licieux accents caram\u00e9lis\u00e9s, \u00e0 m\u00eame d\u2019aromatiser yaourts ou fromages blancs et de napper glace, cr\u00eape, gaufre, tartine\u2026<\/p>\n<\/div>\n","protected":false},"excerpt":{"rendered":"<div class=\"entry-content\">\n<p>Maison Borniambuc<\/p>\n<p>Fort-Moville, Eure, Normandie<\/p>\n<p>Situ\u00e9e \u00e0 Fort-Moville dans l\u2019Eure, la Maison Borniambuc fabrique des produits frais d\u2019exception (cr\u00e8me crue, fromages blancs lisse et campagne\u2026), ainsi que de la confiture de lait. Cette sp\u00e9cialit\u00e9 culinaire normande est \u00e9labor\u00e9e \u00e0 partir d\u2019un m\u00e9lange de lait et de sucre port\u00e9 \u00e0 \u00e9bullition puis cuit \u00e0 feu doux. D\u2019une texture extr\u00eamement onctueuse, elle offre de d\u00e9licieux accents caram\u00e9lis\u00e9s, \u00e0 m\u00eame d\u2019aromatiser yaourts ou fromages blancs et de napper glace, cr\u00eape, gaufre, tartine\u2026<\/p>\n<\/div>\n","protected":false},"featured_media":1228,"template":"","meta":[],"product_cat":[22],"product_tag":[],"jetpack_sharing_enabled":true,"_links":{"self":[{"href":"https:\/\/c-o-w.fr\/index.php?rest_route=\/wp\/v2\/product\/1227"}],"collection":[{"href":"https:\/\/c-o-w.fr\/index.php?rest_route=\/wp\/v2\/product"}],"about":[{"href":"https:\/\/c-o-w.fr\/index.php?rest_route=\/wp\/v2\/types\/product"}],"wp:featuredmedia":[{"embeddable":true,"href":"https:\/\/c-o-w.fr\/index.php?rest_route=\/wp\/v2\/media\/1228"}],"wp:attachment":[{"href":"https:\/\/c-o-w.fr\/index.php?rest_route=%2Fwp%2Fv2%2Fmedia&parent=1227"}],"wp:term":[{"taxonomy":"product_cat","embeddable":true,"href":"https:\/\/c-o-w.fr\/index.php?rest_route=%2Fwp%2Fv2%2Fproduct_cat&post=1227"},{"taxonomy":"product_tag","embeddable":true,"href":"https:\/\/c-o-w.fr\/index.php?rest_route=%2Fwp%2Fv2%2Fproduct_tag&post=1227"}],"curies":[{"name":"wp","href":"https:\/\/api.w.org\/{rel}","templated":true}]}}