{"id":1121,"date":"2021-04-09T15:47:25","date_gmt":"2021-04-09T15:47:25","guid":{"rendered":"https:\/\/cow.stimdata.tools\/?product=tsuru"},"modified":"2021-10-12T14:31:12","modified_gmt":"2021-10-12T14:31:12","slug":"tsuru","status":"publish","type":"product","link":"https:\/\/c-o-w.fr\/?product=tsuru","title":{"rendered":"Tsuru"},"content":{"rendered":"<p>G\u00e9ographe de formation, Rub\u00e9n Valbuena apprend \u00e0 travailler le fromage en France. Avec sa femme Asela \u00c1lvarez, il cr\u00e9e en 2011 la fromagerie Granja Cantagrullas \u00e0 Ramiro, dans la province de Valladolid, laquelle devient la premi\u00e8re entreprise autoris\u00e9e en Espagne \u00e0 vendre des fromages de moins de 2 mois d\u2019affinage fabriqu\u00e9s \u00e0 partir de lait de brebis cru. \u00ab Cantagrullas \u00bb, c\u2019est le nom d\u2019un ruisseau proche du village de Ramiro, o\u00f9 les grues en migration vers l\u2019Afrique ont l\u2019habitude de se reposer. Si Rub\u00e9n cr\u00e9e plus tard CULTIVO, une association de producteurs artisanaux avec deux points de vente \u00e0 Madrid, c\u2019est bien ici, \u00e0 Ramiro, que se concentre l\u2019essentiel de son activit\u00e9 : \u00e0 partir du lait cru des brebis de sa s\u0153ur et de son beau-fr\u00e8re, il y produit deux beurres et trois fromages diff\u00e9rents, parmi lesquels le TSURU (en fran\u00e7ais, la \u00ab grue \u00bb, en r\u00e9f\u00e9rence aux oiseaux de passage qui c\u00f4toient chaque ann\u00e9e la fromagerie). Apr\u00e8s un affinage de 40 jours sur planches de bois, le TSURU \u00e9volue pendant 2 mois en ana\u00e9robie (priv\u00e9 d\u2019air) dans un espace r\u00e9frig\u00e9r\u00e9. En r\u00e9sulte un fromage fort, \u00e9pic\u00e9 et salin, au persillage joliment d\u00e9velopp\u00e9 et \u00e0 la texture ferme et fondante.<\/p>\n","protected":false},"excerpt":{"rendered":"<p><strong><em>Type de fromage : <\/em><\/strong>Lait cru de brebis<br \/>\n<em><strong>Producteur : <\/strong><\/em>La fromagerie Granja Cantagrullas<br \/>\n<em><strong>Intensit\u00e9 : <\/strong><\/em><br \/>\n<em><strong>Coagulant : <\/strong><\/em><br \/>\n<em><strong>Affinage : <\/strong><\/em>2 mois<br \/>\n<em><strong>Poids : <\/strong><\/em><\/p>\n","protected":false},"featured_media":622,"template":"","meta":[],"product_cat":[26,42],"product_tag":[],"jetpack_sharing_enabled":true,"_links":{"self":[{"href":"https:\/\/c-o-w.fr\/index.php?rest_route=\/wp\/v2\/product\/1121"}],"collection":[{"href":"https:\/\/c-o-w.fr\/index.php?rest_route=\/wp\/v2\/product"}],"about":[{"href":"https:\/\/c-o-w.fr\/index.php?rest_route=\/wp\/v2\/types\/product"}],"wp:featuredmedia":[{"embeddable":true,"href":"https:\/\/c-o-w.fr\/index.php?rest_route=\/wp\/v2\/media\/622"}],"wp:attachment":[{"href":"https:\/\/c-o-w.fr\/index.php?rest_route=%2Fwp%2Fv2%2Fmedia&parent=1121"}],"wp:term":[{"taxonomy":"product_cat","embeddable":true,"href":"https:\/\/c-o-w.fr\/index.php?rest_route=%2Fwp%2Fv2%2Fproduct_cat&post=1121"},{"taxonomy":"product_tag","embeddable":true,"href":"https:\/\/c-o-w.fr\/index.php?rest_route=%2Fwp%2Fv2%2Fproduct_tag&post=1121"}],"curies":[{"name":"wp","href":"https:\/\/api.w.org\/{rel}","templated":true}]}}