{"id":1120,"date":"2021-04-09T15:47:24","date_gmt":"2021-04-09T15:47:24","guid":{"rendered":"https:\/\/cow.stimdata.tools\/?product=tomme-de-fobello"},"modified":"2021-10-12T14:31:33","modified_gmt":"2021-10-12T14:31:33","slug":"tomme-de-fobello","status":"publish","type":"product","link":"https:\/\/c-o-w.fr\/?product=tomme-de-fobello","title":{"rendered":"Tomme de Fobello"},"content":{"rendered":"<p>C\u2019est \u00e0 Fobello dans le Pi\u00e9mont, au c\u0153ur du parc naturel de l\u2019Alta Valsesia, qu\u2019est \u00e9tablie la fromagerie La Giunc\u00e0. L\u00e0, \u00e0 1100\u00a0m\u00e8tres d\u2019altitude, Bruno Giovannacci fabrique des fromages que Gianluca Bacchella affine.\u00c2g\u00e9e de 60\u00a0jours minimum, la TOMME DE FOBELLO ressemble fort \u00e0 sa cousine fran\u00e7aise, la TOMME DE SAVOIE I.G.P. Sa p\u00e2te souple, fondante en bouche, offre des saveurs acidul\u00e9es et herbac\u00e9es, accompagn\u00e9es de nuances de cr\u00e8me et de discr\u00e8tes notes de foin et de champignon.On cuisine volontiers la TOMME DE FOBELLO dans la bien-nomm\u00e9e tarte \u00ab\u00a03\u00a0T\u00a0\u00bb\u00a0: tomme, tomates, thym\u00a0!<\/p>\n","protected":false},"excerpt":{"rendered":"<p><strong><em>Type de fromage : <\/em><\/strong>Lait cru de vache<br \/>\n<em><strong>Producteur : <\/strong><\/em>Bruno Giovannacci<br \/>\n<em><strong>Intensit\u00e9 : <\/strong><\/em><br \/>\n<em><strong>Coagulant : <\/strong><\/em><br \/>\n<em><strong>Affinage : <\/strong><\/em><br \/>\n<em><strong>Poids : <\/strong><\/em><\/p>\n","protected":false},"featured_media":622,"template":"","meta":[],"product_cat":[30,41],"product_tag":[],"jetpack_sharing_enabled":true,"_links":{"self":[{"href":"https:\/\/c-o-w.fr\/index.php?rest_route=\/wp\/v2\/product\/1120"}],"collection":[{"href":"https:\/\/c-o-w.fr\/index.php?rest_route=\/wp\/v2\/product"}],"about":[{"href":"https:\/\/c-o-w.fr\/index.php?rest_route=\/wp\/v2\/types\/product"}],"wp:featuredmedia":[{"embeddable":true,"href":"https:\/\/c-o-w.fr\/index.php?rest_route=\/wp\/v2\/media\/622"}],"wp:attachment":[{"href":"https:\/\/c-o-w.fr\/index.php?rest_route=%2Fwp%2Fv2%2Fmedia&parent=1120"}],"wp:term":[{"taxonomy":"product_cat","embeddable":true,"href":"https:\/\/c-o-w.fr\/index.php?rest_route=%2Fwp%2Fv2%2Fproduct_cat&post=1120"},{"taxonomy":"product_tag","embeddable":true,"href":"https:\/\/c-o-w.fr\/index.php?rest_route=%2Fwp%2Fv2%2Fproduct_tag&post=1120"}],"curies":[{"name":"wp","href":"https:\/\/api.w.org\/{rel}","templated":true}]}}