{"id":1119,"date":"2021-04-09T15:47:18","date_gmt":"2021-04-09T15:47:18","guid":{"rendered":"https:\/\/cow.stimdata.tools\/?product=sparkenhoe-blue"},"modified":"2021-10-12T14:31:53","modified_gmt":"2021-10-12T14:31:53","slug":"sparkenhoe-blue","status":"publish","type":"product","link":"https:\/\/c-o-w.fr\/?product=sparkenhoe-blue","title":{"rendered":"Sparkenhoe Blue"},"content":{"rendered":"<p>La Sparkenhoe Farm de David et Jo Clarke est situ\u00e9e \u00e0 Upton, dans le Warwickshire, au centre de l\u2019Angleterre. Dans cette ferme d\u00e9j\u00e0 productrice de RED LEICESTER, leurs fils Will fabrique depuis 2017 le SPARKENHOE BLUE.La cr\u00e9ation d\u2019un nouveau fromage est toujours un challenge, qui demande de mettre \u00e0 l\u2019\u00e9preuve ses talents de fromager\u2026 \u00c9paul\u00e9 par l\u2019\u00e9quipe londonienne de Neal\u2019s Yard Dairy, Will a brillamment relev\u00e9 le d\u00e9fi\u00a0!Inspir\u00e9 de l\u2019iconique STILTON BLUE CHEESE D.O.P., le SPARKENHOE BLUE offre une texture \u00e0 la fois ferme et cr\u00e9meuse, vein\u00e9e de fines marbrures bleu p\u00e2le. Ses saveurs de sous-bois sont d\u00e9licieusement marqu\u00e9es par de subtiles notes acides et d\u2019agr\u00e9ables nuances levur\u00e9es. Si le SPARKENHOE BLUE demeure un fromage \u00ab\u00a0neuf\u00a0\u00bb, il a pourtant tout de la noblesse d\u2019un bleu ancestral, sans fausse note ni d\u00e9s\u00e9quilibre. Une vraie r\u00e9ussite.<\/p>\n","protected":false},"excerpt":{"rendered":"<p><strong><em>Type de fromage : <\/em><\/strong>Lait cru de vache<br \/>\n<em><strong>Producteur : <\/strong><\/em>David et Jo Clarke<br \/>\n<em><strong>Intensit\u00e9 : <\/strong><\/em><br \/>\n<em><strong>Coagulant : <\/strong><\/em>Pr\u00e9sure<br \/>\n<em><strong>Affinage : <\/strong><\/em>4-6 mois minimum<br \/>\n<em><strong>Poids : <\/strong><\/em>~7Kg<\/p>\n","protected":false},"featured_media":622,"template":"","meta":[],"product_cat":[42,84],"product_tag":[],"jetpack_sharing_enabled":true,"_links":{"self":[{"href":"https:\/\/c-o-w.fr\/index.php?rest_route=\/wp\/v2\/product\/1119"}],"collection":[{"href":"https:\/\/c-o-w.fr\/index.php?rest_route=\/wp\/v2\/product"}],"about":[{"href":"https:\/\/c-o-w.fr\/index.php?rest_route=\/wp\/v2\/types\/product"}],"wp:featuredmedia":[{"embeddable":true,"href":"https:\/\/c-o-w.fr\/index.php?rest_route=\/wp\/v2\/media\/622"}],"wp:attachment":[{"href":"https:\/\/c-o-w.fr\/index.php?rest_route=%2Fwp%2Fv2%2Fmedia&parent=1119"}],"wp:term":[{"taxonomy":"product_cat","embeddable":true,"href":"https:\/\/c-o-w.fr\/index.php?rest_route=%2Fwp%2Fv2%2Fproduct_cat&post=1119"},{"taxonomy":"product_tag","embeddable":true,"href":"https:\/\/c-o-w.fr\/index.php?rest_route=%2Fwp%2Fv2%2Fproduct_tag&post=1119"}],"curies":[{"name":"wp","href":"https:\/\/api.w.org\/{rel}","templated":true}]}}