{"id":1112,"date":"2021-04-09T15:47:00","date_gmt":"2021-04-09T15:47:00","guid":{"rendered":"https:\/\/cow.stimdata.tools\/?product=queso-de-la-serena-d-o-p"},"modified":"2021-10-12T14:35:03","modified_gmt":"2021-10-12T14:35:03","slug":"queso-de-la-serena-d-o-p","status":"publish","type":"product","link":"https:\/\/c-o-w.fr\/?product=queso-de-la-serena-d-o-p","title":{"rendered":"Queso de la Serena D.O.P."},"content":{"rendered":"<p>Pr\u00e8s de Malaga, dans la r\u00e9gion d\u2019Estr\u00e9madure au sud-ouest de la p\u00e9ninsule ib\u00e9rique, Sanchez Hidalgo trait \u00e0 la main ses brebis m\u00e9rinos. Il enrichit le lait cru r\u00e9colt\u00e9 d\u2019un coagulant v\u00e9g\u00e9tal tir\u00e9 de la fleur de chardon afin de fabriquer le QUESO DE LA SERENA. Il s\u2019agit d\u2019une p\u00e2te semi-press\u00e9e non cuite affin\u00e9e 2\u00a0mois minimum, en cela diff\u00e9rente de la TORTA DE LA SERENA, p\u00e2te molle \u00e0 cro\u00fbte lav\u00e9e \u00e0 la texture coulante. Sa p\u00e2te ferme fond instantan\u00e9ment en bouche, d\u00e9livrant all\u00e9grement acidit\u00e9 lactique, fruits ferment\u00e9s et l\u00e9g\u00e8re salinit\u00e9.<\/p>\n","protected":false},"excerpt":{"rendered":"<p><strong><em>Type de fromage : <\/em><\/strong>Lait cru de brebis<br \/>\n<strong><em>Type de p\u00e2te : <\/em><\/strong>P\u00e2te semi-press\u00e9e non cuite<br \/>\n<em><strong>Producteur : <\/strong><\/em>Sanchez Hidalgo<br \/>\n<em><strong>Intensit\u00e9 : <\/strong><\/em><br \/>\n<em><strong>Coagulant : <\/strong><\/em>V\u00e9g\u00e9tal<br \/>\n<em><strong>Affinage : <\/strong><\/em><br \/>\n<em><strong>Poids : <\/strong><\/em><\/p>\n","protected":false},"featured_media":622,"template":"","meta":[],"product_cat":[26,40],"product_tag":[],"jetpack_sharing_enabled":true,"_links":{"self":[{"href":"https:\/\/c-o-w.fr\/index.php?rest_route=\/wp\/v2\/product\/1112"}],"collection":[{"href":"https:\/\/c-o-w.fr\/index.php?rest_route=\/wp\/v2\/product"}],"about":[{"href":"https:\/\/c-o-w.fr\/index.php?rest_route=\/wp\/v2\/types\/product"}],"wp:featuredmedia":[{"embeddable":true,"href":"https:\/\/c-o-w.fr\/index.php?rest_route=\/wp\/v2\/media\/622"}],"wp:attachment":[{"href":"https:\/\/c-o-w.fr\/index.php?rest_route=%2Fwp%2Fv2%2Fmedia&parent=1112"}],"wp:term":[{"taxonomy":"product_cat","embeddable":true,"href":"https:\/\/c-o-w.fr\/index.php?rest_route=%2Fwp%2Fv2%2Fproduct_cat&post=1112"},{"taxonomy":"product_tag","embeddable":true,"href":"https:\/\/c-o-w.fr\/index.php?rest_route=%2Fwp%2Fv2%2Fproduct_tag&post=1112"}],"curies":[{"name":"wp","href":"https:\/\/api.w.org\/{rel}","templated":true}]}}