{"id":1111,"date":"2021-04-09T15:46:58","date_gmt":"2021-04-09T15:46:58","guid":{"rendered":"https:\/\/cow.stimdata.tools\/?product=pepe-botella"},"modified":"2021-10-12T14:35:24","modified_gmt":"2021-10-12T14:35:24","slug":"pepe-botella","status":"publish","type":"product","link":"https:\/\/c-o-w.fr\/?product=pepe-botella","title":{"rendered":"Pepe Botella"},"content":{"rendered":"<p>Le PEPE BOTELLA est une tomme de ch\u00e8vre BIO \u00e9labor\u00e9e par la fromagerie El Gazul dans la Sierra de Cadix, au sud de l\u2019Espagne. Telle que nous la proposons en boutique, elle est affin\u00e9e pendant 6 mois par CULTIVO, une association de producteurs artisanaux qui disposent notamment de deux boutiques \u00e0 Madrid. Ce fromage \u00e0 la p\u00e2te onctueuse livre \u00e0 la d\u00e9gustation une intensit\u00e9 caprine subtile et mod\u00e9r\u00e9e, toute en longueur.<\/p>\n","protected":false},"excerpt":{"rendered":"<p><strong><em>Type de fromage : <\/em><\/strong>Lait cru de ch\u00e8vre payoya<br \/>\n<strong><em>Producteur : <\/em><\/strong>La Fromagerie El Gazul<br \/>\n<em><strong>Intensit\u00e9 : <\/strong><\/em><br \/>\n<em><strong>Coagulant : <\/strong><\/em><br \/>\n<em><strong>Affinage : <\/strong><\/em><br \/>\n<em><strong>Poids : <\/strong><\/em><\/p>\n","protected":false},"featured_media":622,"template":"","meta":[],"product_cat":[26,41],"product_tag":[],"jetpack_sharing_enabled":true,"_links":{"self":[{"href":"https:\/\/c-o-w.fr\/index.php?rest_route=\/wp\/v2\/product\/1111"}],"collection":[{"href":"https:\/\/c-o-w.fr\/index.php?rest_route=\/wp\/v2\/product"}],"about":[{"href":"https:\/\/c-o-w.fr\/index.php?rest_route=\/wp\/v2\/types\/product"}],"wp:featuredmedia":[{"embeddable":true,"href":"https:\/\/c-o-w.fr\/index.php?rest_route=\/wp\/v2\/media\/622"}],"wp:attachment":[{"href":"https:\/\/c-o-w.fr\/index.php?rest_route=%2Fwp%2Fv2%2Fmedia&parent=1111"}],"wp:term":[{"taxonomy":"product_cat","embeddable":true,"href":"https:\/\/c-o-w.fr\/index.php?rest_route=%2Fwp%2Fv2%2Fproduct_cat&post=1111"},{"taxonomy":"product_tag","embeddable":true,"href":"https:\/\/c-o-w.fr\/index.php?rest_route=%2Fwp%2Fv2%2Fproduct_tag&post=1111"}],"curies":[{"name":"wp","href":"https:\/\/api.w.org\/{rel}","templated":true}]}}