{"id":1104,"date":"2021-04-09T15:46:43","date_gmt":"2021-04-09T15:46:43","guid":{"rendered":"https:\/\/cow.stimdata.tools\/?product=marzolino-detruria"},"modified":"2021-10-12T14:36:54","modified_gmt":"2021-10-12T14:36:54","slug":"marzolino-detruria","status":"publish","type":"product","link":"https:\/\/c-o-w.fr\/?product=marzolino-detruria","title":{"rendered":"Marzolino d&rsquo;Etruria"},"content":{"rendered":"<p>Angela Fiorini et Simone Sargentoni fabriquent le MARZOLINO D\u2019ETRURIA dans leur fromagerie Il Fiorino \u00e0 Roccalbegna en Toscane. C\u2019est le p\u00e8re d\u2019Angela, Duilio Fiorini, qui a d\u00e9but\u00e9 cette aventure familiale en 1957. Le lait de brebis est collect\u00e9 au c\u0153ur des collines de la Maremme, dans un rayon de 30\u00a0km autour de la fromagerie.Traditionnellement produit uniquement au mois de mars (d\u2019o\u00f9 son nom), le MARZOLINO D\u2019ETRURIA adopte une forme originale, vaguement pyramidale. S\u2019il est jeune, sa p\u00e2te souple parsem\u00e9e de petits trous de fermentation livre d\u2019agr\u00e9ables notes ovines. Plus affin\u00e9, il pr\u00e9sente une p\u00e2te homog\u00e8ne et dense, d\u2019une texture \u00e9lastique \u00e0 friable. D\u2019un go\u00fbt plus animal, il peut gagner en l\u00e9ger piquant.<\/p>\n","protected":false},"excerpt":{"rendered":"<p><strong><em>Type de fromage : <\/em><\/strong>Lait cru de brebis<br \/>\n<em><strong>Producteur : <\/strong><\/em>Fromagerie Il Fiorino<br \/>\n<em><strong>Intensit\u00e9 : <\/strong><\/em><br \/>\n<em><strong>Coagulant : <\/strong><\/em><br \/>\n<em><strong>Affinage : <\/strong><\/em><br \/>\n<em><strong>Poids : <\/strong><\/em><\/p>\n","protected":false},"featured_media":622,"template":"","meta":[],"product_cat":[30,41],"product_tag":[],"jetpack_sharing_enabled":true,"_links":{"self":[{"href":"https:\/\/c-o-w.fr\/index.php?rest_route=\/wp\/v2\/product\/1104"}],"collection":[{"href":"https:\/\/c-o-w.fr\/index.php?rest_route=\/wp\/v2\/product"}],"about":[{"href":"https:\/\/c-o-w.fr\/index.php?rest_route=\/wp\/v2\/types\/product"}],"wp:featuredmedia":[{"embeddable":true,"href":"https:\/\/c-o-w.fr\/index.php?rest_route=\/wp\/v2\/media\/622"}],"wp:attachment":[{"href":"https:\/\/c-o-w.fr\/index.php?rest_route=%2Fwp%2Fv2%2Fmedia&parent=1104"}],"wp:term":[{"taxonomy":"product_cat","embeddable":true,"href":"https:\/\/c-o-w.fr\/index.php?rest_route=%2Fwp%2Fv2%2Fproduct_cat&post=1104"},{"taxonomy":"product_tag","embeddable":true,"href":"https:\/\/c-o-w.fr\/index.php?rest_route=%2Fwp%2Fv2%2Fproduct_tag&post=1104"}],"curies":[{"name":"wp","href":"https:\/\/api.w.org\/{rel}","templated":true}]}}