{"id":1103,"date":"2021-04-09T15:46:41","date_gmt":"2021-04-09T15:46:41","guid":{"rendered":"https:\/\/cow.stimdata.tools\/?product=lincolnshire-poacher"},"modified":"2021-10-12T14:37:18","modified_gmt":"2021-10-12T14:37:18","slug":"lincolnshire-poacher","status":"publish","type":"product","link":"https:\/\/c-o-w.fr\/?product=lincolnshire-poacher","title":{"rendered":"Lincolnshire Poacher"},"content":{"rendered":"<p>C\u2019est \u00e0 Alford, dans le Lincolnshire sur la c\u00f4te Est de l\u2019Angleterre, que Simon et Tim Jones fabriquent le LINCOLNSHIRE POACHER. Ils repr\u00e9sentent la 4e g\u00e9n\u00e9ration de leur famille, install\u00e9e depuis 1917. Selon la m\u00e9thode traditionnelle, ce fromage se voit, pendant toute la dur\u00e9e de son affinage (un an minimum), envelopp\u00e9 dans une toile de lin badigeonn\u00e9e de saindoux. Il d\u00e9veloppe ainsi une p\u00e2te lisse, ferme et dense proche du COMT\u00c9, qui offre en bouche une texture agr\u00e9ablement fondante. Sa p\u00e2te \u00e0 la l\u00e9g\u00e8re acidit\u00e9 lactique livre, apr\u00e8s un affinage pouss\u00e9 de 24\u00a0mois, de discr\u00e8tes et chaleureuses saveurs d\u2019ananas aux notes bois\u00e9es.<\/p>\n","protected":false},"excerpt":{"rendered":"<p><strong><em>Type de fromage : <\/em><\/strong>Lait cru de vache<br \/>\n<em><strong>Producteur : <\/strong><\/em>Simon et Tim Jones<br \/>\n<em><strong>Intensit\u00e9 : <\/strong><\/em><br \/>\n<em><strong>Coagulant : <\/strong><\/em>Pr\u00e9sure<br \/>\n<em><strong>Affinage : <\/strong><\/em>24 mois<br \/>\n<em><strong>Poids : <\/strong><\/em><\/p>\n","protected":false},"featured_media":622,"template":"","meta":[],"product_cat":[41,84],"product_tag":[],"jetpack_sharing_enabled":true,"_links":{"self":[{"href":"https:\/\/c-o-w.fr\/index.php?rest_route=\/wp\/v2\/product\/1103"}],"collection":[{"href":"https:\/\/c-o-w.fr\/index.php?rest_route=\/wp\/v2\/product"}],"about":[{"href":"https:\/\/c-o-w.fr\/index.php?rest_route=\/wp\/v2\/types\/product"}],"wp:featuredmedia":[{"embeddable":true,"href":"https:\/\/c-o-w.fr\/index.php?rest_route=\/wp\/v2\/media\/622"}],"wp:attachment":[{"href":"https:\/\/c-o-w.fr\/index.php?rest_route=%2Fwp%2Fv2%2Fmedia&parent=1103"}],"wp:term":[{"taxonomy":"product_cat","embeddable":true,"href":"https:\/\/c-o-w.fr\/index.php?rest_route=%2Fwp%2Fv2%2Fproduct_cat&post=1103"},{"taxonomy":"product_tag","embeddable":true,"href":"https:\/\/c-o-w.fr\/index.php?rest_route=%2Fwp%2Fv2%2Fproduct_tag&post=1103"}],"curies":[{"name":"wp","href":"https:\/\/api.w.org\/{rel}","templated":true}]}}