{"id":1102,"date":"2021-04-09T15:46:33","date_gmt":"2021-04-09T15:46:33","guid":{"rendered":"https:\/\/cow.stimdata.tools\/?product=import-placeholder-for-yrula-truffe"},"modified":"2021-10-12T14:37:52","modified_gmt":"2021-10-12T14:37:52","slug":"yrula-truffe","status":"publish","type":"product","link":"https:\/\/c-o-w.fr\/?product=yrula-truffe","title":{"rendered":"Yrula truff\u00e9"},"content":{"rendered":"<p>Le YRULA est un fromage de brebis enrichi en truffe fabriqu\u00e9 \u00e0 Asteasu, dans la communaut\u00e9 autonome basque, par la famille Otegui-Hidalgo et Fernando Rodr\u00edguez Aldudo. Apr\u00e8s un minimum de 2,5\u00a0mois d\u2019affinage, la douceur fondante de sa p\u00e2te r\u00e9v\u00e8le une surprenante sucrosit\u00e9 aux caract\u00e8res ovins, merveilleusement accompagn\u00e9e par les notes de malt toast\u00e9 et de noisette caract\u00e9ristiques de la truffe.<\/p>\n","protected":false},"excerpt":{"rendered":"<p><strong><em>Type de fromage : <\/em><\/strong>Lait cru de brebis et truffe noire<br \/>\n<em><strong>Producteur : <\/strong><\/em>La famille Otegui-Hidalgo<br \/>\n<em><strong>Intensit\u00e9 : <\/strong><\/em><br \/>\n<em><strong>Coagulant : <\/strong><\/em><br \/>\n<em><strong>Affinage : <\/strong><\/em><br \/>\n<em><strong>Poids : <\/strong><\/em><\/p>\n","protected":false},"featured_media":622,"template":"","meta":[],"product_cat":[26,41],"product_tag":[],"jetpack_sharing_enabled":true,"_links":{"self":[{"href":"https:\/\/c-o-w.fr\/index.php?rest_route=\/wp\/v2\/product\/1102"}],"collection":[{"href":"https:\/\/c-o-w.fr\/index.php?rest_route=\/wp\/v2\/product"}],"about":[{"href":"https:\/\/c-o-w.fr\/index.php?rest_route=\/wp\/v2\/types\/product"}],"wp:featuredmedia":[{"embeddable":true,"href":"https:\/\/c-o-w.fr\/index.php?rest_route=\/wp\/v2\/media\/622"}],"wp:attachment":[{"href":"https:\/\/c-o-w.fr\/index.php?rest_route=%2Fwp%2Fv2%2Fmedia&parent=1102"}],"wp:term":[{"taxonomy":"product_cat","embeddable":true,"href":"https:\/\/c-o-w.fr\/index.php?rest_route=%2Fwp%2Fv2%2Fproduct_cat&post=1102"},{"taxonomy":"product_tag","embeddable":true,"href":"https:\/\/c-o-w.fr\/index.php?rest_route=%2Fwp%2Fv2%2Fproduct_tag&post=1102"}],"curies":[{"name":"wp","href":"https:\/\/api.w.org\/{rel}","templated":true}]}}