{"id":1098,"date":"2021-04-09T15:46:31","date_gmt":"2021-04-09T15:46:31","guid":{"rendered":"https:\/\/cow.stimdata.tools\/?product=import-placeholder-for-sao-jorge"},"modified":"2021-10-12T14:39:24","modified_gmt":"2021-10-12T14:39:24","slug":"sao-jorge-d-o-p","status":"publish","type":"product","link":"https:\/\/c-o-w.fr\/?product=sao-jorge-d-o-p","title":{"rendered":"S\u00e3o Jorge D.O.P."},"content":{"rendered":"<p>L\u2019histoire du QUEIJO S\u00c3O JORGE (ou QUEIJO DA ILHA, \u00ab fromage de l\u2019\u00eele \u00bb) t\u00e9moigne de la pr\u00e9sence de colons flamands dans l\u2019archipel des A\u00e7ores d\u00e8s le 15e si\u00e8cle : ce sont eux qui y ont introduit les vaches ! Fabriqu\u00e9 sur l\u2019\u00eele \u00e9ponyme, \u00e0 Beira, par la coop\u00e9rative LactA\u00e7ores, cet imposant fromage pr\u00e9sente une cro\u00fbte lisse de couleur jaune p\u00e2le et une p\u00e2te ferme, parfois l\u00e9g\u00e8rement vein\u00e9e de bleu quand l\u2019affinage est pouss\u00e9. C\u00f4t\u00e9 saveurs, il se situe \u00e0 mi-chemin entre l\u2019oc\u00e9an &#8211; les algues, l\u2019iode\u2026 &#8211; et l\u2019\u00e9table &#8211; notes animales, l\u00e9ger piquant\u2026<\/p>\n","protected":false},"excerpt":{"rendered":"<p><strong><em>Type de fromage : <\/em><\/strong>Lait cru de vache<br \/>\n<strong><em>Producteur : <\/em><\/strong>LactA\u00e7ores<br \/>\n<em><strong>Intensit\u00e9 : <\/strong><\/em><br \/>\n<em><strong>Coagulant : <\/strong><\/em><br \/>\n<em><strong>Affinage : <\/strong><\/em><br \/>\n<em><strong>Poids : <\/strong><\/em><\/p>\n","protected":false},"featured_media":641,"template":"","meta":[],"product_cat":[41,34],"product_tag":[],"jetpack_sharing_enabled":true,"_links":{"self":[{"href":"https:\/\/c-o-w.fr\/index.php?rest_route=\/wp\/v2\/product\/1098"}],"collection":[{"href":"https:\/\/c-o-w.fr\/index.php?rest_route=\/wp\/v2\/product"}],"about":[{"href":"https:\/\/c-o-w.fr\/index.php?rest_route=\/wp\/v2\/types\/product"}],"wp:featuredmedia":[{"embeddable":true,"href":"https:\/\/c-o-w.fr\/index.php?rest_route=\/wp\/v2\/media\/641"}],"wp:attachment":[{"href":"https:\/\/c-o-w.fr\/index.php?rest_route=%2Fwp%2Fv2%2Fmedia&parent=1098"}],"wp:term":[{"taxonomy":"product_cat","embeddable":true,"href":"https:\/\/c-o-w.fr\/index.php?rest_route=%2Fwp%2Fv2%2Fproduct_cat&post=1098"},{"taxonomy":"product_tag","embeddable":true,"href":"https:\/\/c-o-w.fr\/index.php?rest_route=%2Fwp%2Fv2%2Fproduct_tag&post=1098"}],"curies":[{"name":"wp","href":"https:\/\/api.w.org\/{rel}","templated":true}]}}