{"id":1097,"date":"2021-04-09T15:46:31","date_gmt":"2021-04-09T15:46:31","guid":{"rendered":"https:\/\/cow.stimdata.tools\/?product=import-placeholder-for-montebore"},"modified":"2021-10-12T14:39:50","modified_gmt":"2021-10-12T14:39:50","slug":"montebore","status":"publish","type":"product","link":"https:\/\/c-o-w.fr\/?product=montebore","title":{"rendered":"Montebore"},"content":{"rendered":"<p>Si le MONTEBORE a \u00e9t\u00e9 sauv\u00e9 de la disparition in extremis, le label Slow Food y est pour beaucoup. Fabriqu\u00e9 dans l\u2019est du Pi\u00e9mont et affin\u00e9 de 20 \u00e0 150\u00a0jours, ce fromage est fabriqu\u00e9 \u00e0 partir d\u2019un m\u00e9lange de lait de vache \u2013\u00a0\u00e0 hauteur de 70%\u00a0&#8211; et de brebis \u2013\u00a0\u00e0 hauteur de 30%. Form\u00e9 par la superposition de trois moules, il arbore des allures originales de tour de Babel \u00e0 m\u00eame de dynamiser un plateau. D\u2019une texture onctueuse \u00e0 ferme voire cassante, le MONTEBORE offre de surprenantes saveurs animales accompagn\u00e9es de fra\u00eeches notes de raisin blanc et, lorsque l\u2019affinage est plus avanc\u00e9, d\u2019un \u00e9nergique piquant en arri\u00e8re-bouche.<\/p>\n","protected":false},"excerpt":{"rendered":"<p><strong><em>Type de fromage : <\/em><\/strong>Lait cru de vache (70%) et brebis (30%)<br \/>\n<em><strong>Producteur : <\/strong><\/em>Caseifico Terre Del Giarolo<br \/>\n<em><strong>Intensit\u00e9 : <\/strong><\/em><br \/>\n<em><strong>Coagulant : <\/strong><\/em>Pr\u00e9sure<br \/>\n<em><strong>Affinage : <\/strong><\/em>20 jours minimum<br \/>\n<em><strong>Poids : <\/strong><\/em>750g<\/p>\n","protected":false},"featured_media":622,"template":"","meta":[],"product_cat":[30,41],"product_tag":[],"jetpack_sharing_enabled":true,"_links":{"self":[{"href":"https:\/\/c-o-w.fr\/index.php?rest_route=\/wp\/v2\/product\/1097"}],"collection":[{"href":"https:\/\/c-o-w.fr\/index.php?rest_route=\/wp\/v2\/product"}],"about":[{"href":"https:\/\/c-o-w.fr\/index.php?rest_route=\/wp\/v2\/types\/product"}],"wp:featuredmedia":[{"embeddable":true,"href":"https:\/\/c-o-w.fr\/index.php?rest_route=\/wp\/v2\/media\/622"}],"wp:attachment":[{"href":"https:\/\/c-o-w.fr\/index.php?rest_route=%2Fwp%2Fv2%2Fmedia&parent=1097"}],"wp:term":[{"taxonomy":"product_cat","embeddable":true,"href":"https:\/\/c-o-w.fr\/index.php?rest_route=%2Fwp%2Fv2%2Fproduct_cat&post=1097"},{"taxonomy":"product_tag","embeddable":true,"href":"https:\/\/c-o-w.fr\/index.php?rest_route=%2Fwp%2Fv2%2Fproduct_tag&post=1097"}],"curies":[{"name":"wp","href":"https:\/\/api.w.org\/{rel}","templated":true}]}}