{"id":1092,"date":"2021-04-09T15:46:29","date_gmt":"2021-04-09T15:46:29","guid":{"rendered":"https:\/\/cow.stimdata.tools\/?product=import-placeholder-for-queso-campoveja"},"modified":"2021-10-12T14:42:32","modified_gmt":"2021-10-12T14:42:32","slug":"queso-campoveja","status":"publish","type":"product","link":"https:\/\/c-o-w.fr\/?product=queso-campoveja","title":{"rendered":"Queso Campoveja"},"content":{"rendered":"<p>C\u2019est dans leur fromagerie de Serrada, au c\u0153ur de la province de Valladolid, que les fr\u00e8res Sanz Esteban fabriquent le QUESO CAMPOVEJA (\u00ab\u00a0vieux champ\u00a0\u00bb en fran\u00e7ais). Il existe sous trois affinages diff\u00e9rents\u00a0: semicurado, viejo et a\u00f1ejo. Son odeur p\u00e9n\u00e9trante annonce \u00e0 raison une exp\u00e9rience organoleptique intense\u00a0! La puissance de ses notes de lard et de cr\u00e8me l\u00e9g\u00e8rement fum\u00e9es, d\u2019une belle longueur en bouche, se r\u00e9v\u00e8le en effet particuli\u00e8rement addictive.<\/p>\n","protected":false},"excerpt":{"rendered":"<p><strong><em>Type de fromage : <\/em><\/strong>Lait cru de brebis<br \/>\n<em><strong>Producteur : <\/strong><\/em>Les fr\u00e8res Sanz Esteban<br \/>\n<em><strong>Intensit\u00e9 : <\/strong><\/em><br \/>\n<em><strong>Coagulant : <\/strong><\/em>Pr\u00e9sure<br \/>\n<em><strong>Affinage : <\/strong><\/em><br \/>\n<em><strong>Poids : <\/strong><\/em>350g<\/p>\n","protected":false},"featured_media":622,"template":"","meta":[],"product_cat":[26,43],"product_tag":[],"jetpack_sharing_enabled":true,"_links":{"self":[{"href":"https:\/\/c-o-w.fr\/index.php?rest_route=\/wp\/v2\/product\/1092"}],"collection":[{"href":"https:\/\/c-o-w.fr\/index.php?rest_route=\/wp\/v2\/product"}],"about":[{"href":"https:\/\/c-o-w.fr\/index.php?rest_route=\/wp\/v2\/types\/product"}],"wp:featuredmedia":[{"embeddable":true,"href":"https:\/\/c-o-w.fr\/index.php?rest_route=\/wp\/v2\/media\/622"}],"wp:attachment":[{"href":"https:\/\/c-o-w.fr\/index.php?rest_route=%2Fwp%2Fv2%2Fmedia&parent=1092"}],"wp:term":[{"taxonomy":"product_cat","embeddable":true,"href":"https:\/\/c-o-w.fr\/index.php?rest_route=%2Fwp%2Fv2%2Fproduct_cat&post=1092"},{"taxonomy":"product_tag","embeddable":true,"href":"https:\/\/c-o-w.fr\/index.php?rest_route=%2Fwp%2Fv2%2Fproduct_tag&post=1092"}],"curies":[{"name":"wp","href":"https:\/\/api.w.org\/{rel}","templated":true}]}}