{"id":1090,"date":"2021-04-09T15:46:28","date_gmt":"2021-04-09T15:46:28","guid":{"rendered":"https:\/\/cow.stimdata.tools\/?product=import-placeholder-for-sinodun-hill"},"modified":"2021-10-12T14:43:10","modified_gmt":"2021-10-12T14:43:10","slug":"sinodun-hill","status":"publish","type":"product","link":"https:\/\/c-o-w.fr\/?product=sinodun-hill","title":{"rendered":"Sinodun Hill"},"content":{"rendered":"<p>La Earth Trust Farm, situ\u00e9e \u00e0 Little Wittenham dans l\u2019Oxfordshire (Angleterre), est g\u00e9r\u00e9e par Rachel Yarrow et Fraser Norton. Depuis 2016, ils fabriquent ici le SINODUN HILL, fromage de ch\u00e8vre de la forme d\u2019une pyramide tronqu\u00e9e, proche du VALEN\u00c7AY. SINODUN vient du terme celtique seno-dunum qui signifie \u00ab\u00a0vieille forteresse\u00a0\u00bb.Tel que nous le recevons, \u00e0 3\u00a0semaines d\u2019affinage, il est jeune et offre une p\u00e2te l\u00e9g\u00e8re, quasi a\u00e9rienne. Sous une fine cro\u00fbte aux nuances de fruits rouges se d\u00e9voile une belle acidit\u00e9 lactique marqu\u00e9e de notes noiset\u00e9es et herbac\u00e9es. Affin\u00e9 davantage de temps dans nos caves parisiennes aux diff\u00e9rentes ambiances (en termes d\u2019humidit\u00e9 et de temp\u00e9rature), il acquiert une texture confite ou s\u00e8che, et sa cro\u00fbte devient vermicul\u00e9e. Aussi gagne-t-il en caract\u00e8re et livre-t-il des saveurs plus puissantes, voire piquantes.<\/p>\n","protected":false},"excerpt":{"rendered":"<p><strong><em>Type de fromage : <\/em><\/strong>Lait cru de ch\u00e8vre<br \/>\n<em><strong>Producteur : <\/strong><\/em>Earth Trust Farm<br \/>\n<em><strong>Intensit\u00e9 : <\/strong><\/em><br \/>\n<em><strong>Coagulant : <\/strong><\/em>V\u00e9g\u00e9tal<br \/>\n<em><strong>Affinage : <\/strong><\/em><br \/>\n<em><strong>Poids : <\/strong><\/em>180g<\/p>\n","protected":false},"featured_media":622,"template":"","meta":[],"product_cat":[85,84],"product_tag":[],"jetpack_sharing_enabled":true,"_links":{"self":[{"href":"https:\/\/c-o-w.fr\/index.php?rest_route=\/wp\/v2\/product\/1090"}],"collection":[{"href":"https:\/\/c-o-w.fr\/index.php?rest_route=\/wp\/v2\/product"}],"about":[{"href":"https:\/\/c-o-w.fr\/index.php?rest_route=\/wp\/v2\/types\/product"}],"wp:featuredmedia":[{"embeddable":true,"href":"https:\/\/c-o-w.fr\/index.php?rest_route=\/wp\/v2\/media\/622"}],"wp:attachment":[{"href":"https:\/\/c-o-w.fr\/index.php?rest_route=%2Fwp%2Fv2%2Fmedia&parent=1090"}],"wp:term":[{"taxonomy":"product_cat","embeddable":true,"href":"https:\/\/c-o-w.fr\/index.php?rest_route=%2Fwp%2Fv2%2Fproduct_cat&post=1090"},{"taxonomy":"product_tag","embeddable":true,"href":"https:\/\/c-o-w.fr\/index.php?rest_route=%2Fwp%2Fv2%2Fproduct_tag&post=1090"}],"curies":[{"name":"wp","href":"https:\/\/api.w.org\/{rel}","templated":true}]}}