{"id":1085,"date":"2021-04-09T15:46:15","date_gmt":"2021-04-09T15:46:15","guid":{"rendered":"https:\/\/cow.stimdata.tools\/?product=corra-linn"},"modified":"2021-10-12T15:11:33","modified_gmt":"2021-10-12T15:11:33","slug":"corra-linn","status":"publish","type":"product","link":"https:\/\/c-o-w.fr\/?product=corra-linn","title":{"rendered":"Corra Linn"},"content":{"rendered":"<p>Pour Errington Cheese, dans le Lanarkshire en \u00c9cosse, Selina Cairns fabrique le CORRA LINN. Son nom est celui d\u2019une chute d\u2019eau proche (corrach linne signifie \u00ab\u00a0cascade\u00a0\u00bb ou \u00ab\u00a0eau agit\u00e9e\u00a0\u00bb en ga\u00e9lique). Drap\u00e9 de l\u2019habituelle toile de lin, le CORRA LINN a tout d\u2019un petit cheddar rustique\u2026 si ce n\u2019est qu\u2019il est fabriqu\u00e9 \u00e0 partir de lait de brebis\u00a0! Sa p\u00e2te l\u00e9g\u00e8rement granuleuse, fondante en bouche, offre des saveurs florales et des nuances plus animales aux envol\u00e9es carn\u00e9es, de type bouillon.<\/p>\n","protected":false},"excerpt":{"rendered":"<p><strong><em>Type de fromage : <\/em><\/strong>Lait cru de brebis<br \/>\n<em><strong>Producteur : <\/strong><\/em>Selina Cairns<br \/>\n<em><strong>Intensit\u00e9 : <\/strong><\/em><br \/>\n<em><strong>Coagulant : <\/strong><\/em><br \/>\n<em><strong>Affinage : <\/strong><\/em><br \/>\n<em><strong>Poids : <\/strong><\/em><\/p>\n","protected":false},"featured_media":622,"template":"","meta":[],"product_cat":[41,84],"product_tag":[],"jetpack_sharing_enabled":true,"_links":{"self":[{"href":"https:\/\/c-o-w.fr\/index.php?rest_route=\/wp\/v2\/product\/1085"}],"collection":[{"href":"https:\/\/c-o-w.fr\/index.php?rest_route=\/wp\/v2\/product"}],"about":[{"href":"https:\/\/c-o-w.fr\/index.php?rest_route=\/wp\/v2\/types\/product"}],"wp:featuredmedia":[{"embeddable":true,"href":"https:\/\/c-o-w.fr\/index.php?rest_route=\/wp\/v2\/media\/622"}],"wp:attachment":[{"href":"https:\/\/c-o-w.fr\/index.php?rest_route=%2Fwp%2Fv2%2Fmedia&parent=1085"}],"wp:term":[{"taxonomy":"product_cat","embeddable":true,"href":"https:\/\/c-o-w.fr\/index.php?rest_route=%2Fwp%2Fv2%2Fproduct_cat&post=1085"},{"taxonomy":"product_tag","embeddable":true,"href":"https:\/\/c-o-w.fr\/index.php?rest_route=%2Fwp%2Fv2%2Fproduct_tag&post=1085"}],"curies":[{"name":"wp","href":"https:\/\/api.w.org\/{rel}","templated":true}]}}