{"id":1075,"date":"2021-04-09T15:46:05","date_gmt":"2021-04-09T15:46:05","guid":{"rendered":"https:\/\/cow.stimdata.tools\/?product=import-placeholder-for-lille-aske-petit-cendre"},"modified":"2021-10-12T15:14:50","modified_gmt":"2021-10-12T15:14:50","slug":"lille-aske-petit-cendre","status":"publish","type":"product","link":"https:\/\/c-o-w.fr\/?product=lille-aske-petit-cendre","title":{"rendered":"Lille Aske (Petit cendr\u00e9)"},"content":{"rendered":"<p>C\u2019est \u00e0 Jaeren, au sud-ouest de la Norv\u00e8ge, que Bo Jensen, fromager d\u2019origine danoise, a \u00e9tabli sa laiterie. Il transforme ici le lait riche en mati\u00e8re grasse de ses 150\u00a0ch\u00e8vres norv\u00e9giennes. Avant d\u2019embrasser la carri\u00e8re fromag\u00e8re, Bo a \u0153uvr\u00e9 en cuisine, en confiserie, en boucherie\u2026 Il aime \u00e9changer sur ses exp\u00e9riences pass\u00e9es et son travail actuel. Fort heureusement, les quelques prix qu\u2019il a remport\u00e9s, dont la m\u00e9daille Super Gold aux World Cheese Awards de Londres en 2018, n\u2019ont rien chang\u00e9 \u00e0 son caract\u00e8re avenant et sympathique\u00a0!Le LILLE ASKE est un petit fromage de ch\u00e8vre rond et cendr\u00e9, \u00e0 la texture ferme, fondante, agr\u00e9ablement tapissante. Ses odeurs \u00e9voquent l\u2019\u00e9table et l\u2019herbe fra\u00eeche. D&rsquo;une longueur en bouche rare, il livre de g\u00e9n\u00e9reuses notes noiset\u00e9es, salines et acidul\u00e9es.<\/p>\n","protected":false},"excerpt":{"rendered":"<p><strong><em>Type de fromage : <\/em><\/strong>Lait cru de ch\u00e8vre<br \/>\n<em><strong>Producteur : <\/strong><\/em>Bo Jensen<br \/>\n<em><strong>Intensit\u00e9 : <\/strong><\/em><br \/>\n<em><strong>Coagulant : <\/strong><\/em><br \/>\n<em><strong>Affinage : <\/strong><\/em><br \/>\n<em><strong>Poids : <\/strong><\/em><\/p>\n","protected":false},"featured_media":654,"template":"","meta":[],"product_cat":[32,85],"product_tag":[],"jetpack_sharing_enabled":true,"_links":{"self":[{"href":"https:\/\/c-o-w.fr\/index.php?rest_route=\/wp\/v2\/product\/1075"}],"collection":[{"href":"https:\/\/c-o-w.fr\/index.php?rest_route=\/wp\/v2\/product"}],"about":[{"href":"https:\/\/c-o-w.fr\/index.php?rest_route=\/wp\/v2\/types\/product"}],"wp:featuredmedia":[{"embeddable":true,"href":"https:\/\/c-o-w.fr\/index.php?rest_route=\/wp\/v2\/media\/654"}],"wp:attachment":[{"href":"https:\/\/c-o-w.fr\/index.php?rest_route=%2Fwp%2Fv2%2Fmedia&parent=1075"}],"wp:term":[{"taxonomy":"product_cat","embeddable":true,"href":"https:\/\/c-o-w.fr\/index.php?rest_route=%2Fwp%2Fv2%2Fproduct_cat&post=1075"},{"taxonomy":"product_tag","embeddable":true,"href":"https:\/\/c-o-w.fr\/index.php?rest_route=%2Fwp%2Fv2%2Fproduct_tag&post=1075"}],"curies":[{"name":"wp","href":"https:\/\/api.w.org\/{rel}","templated":true}]}}