{"id":1073,"date":"2021-04-09T15:46:04","date_gmt":"2021-04-09T15:46:04","guid":{"rendered":"https:\/\/cow.stimdata.tools\/?product=import-placeholder-for-floranis"},"modified":"2021-10-12T15:16:07","modified_gmt":"2021-10-12T15:16:07","slug":"floranis","status":"publish","type":"product","link":"https:\/\/c-o-w.fr\/?product=floranis","title":{"rendered":"Floranis"},"content":{"rendered":"<p>Producteur de MONT D\u2019OR et d\u2019autres produits disponibles chez COW (\u00c9PIVE, SAINT-POINT, ESTIVE, MORBIER), Fabrice Michelin fabrique \u00e9galement le FLORANIS, \u00e0 Saint-Point-Lac dans le Haut-Doubs. Tomme de vache enrichie en graines d\u2019anis vert d\u2019Andalousie, le FLORANIS offre des saveurs parfum\u00e9es aux notes de r\u00e9glisse et de fenouil. De par ses qualit\u00e9s de fonte imbattables, il constitue une alternative originale au traditionnel fromage \u00e0 raclette.<\/p>\n","protected":false},"excerpt":{"rendered":"<p><strong><em>Type de fromage : <\/em><\/strong>Lait cru de vache<br \/>\n<strong><em>Producteur : <\/em><\/strong>Fabrice Michelin<br \/>\n<em><strong>Intensit\u00e9 : <\/strong><\/em><br \/>\n<em><strong>Coagulant : <\/strong><\/em><br \/>\n<em><strong>Affinage : <\/strong><\/em><br \/>\n<em><strong>Poids : <\/strong><\/em><\/p>\n","protected":false},"featured_media":622,"template":"","meta":[],"product_cat":[18,41],"product_tag":[],"jetpack_sharing_enabled":true,"_links":{"self":[{"href":"https:\/\/c-o-w.fr\/index.php?rest_route=\/wp\/v2\/product\/1073"}],"collection":[{"href":"https:\/\/c-o-w.fr\/index.php?rest_route=\/wp\/v2\/product"}],"about":[{"href":"https:\/\/c-o-w.fr\/index.php?rest_route=\/wp\/v2\/types\/product"}],"wp:featuredmedia":[{"embeddable":true,"href":"https:\/\/c-o-w.fr\/index.php?rest_route=\/wp\/v2\/media\/622"}],"wp:attachment":[{"href":"https:\/\/c-o-w.fr\/index.php?rest_route=%2Fwp%2Fv2%2Fmedia&parent=1073"}],"wp:term":[{"taxonomy":"product_cat","embeddable":true,"href":"https:\/\/c-o-w.fr\/index.php?rest_route=%2Fwp%2Fv2%2Fproduct_cat&post=1073"},{"taxonomy":"product_tag","embeddable":true,"href":"https:\/\/c-o-w.fr\/index.php?rest_route=%2Fwp%2Fv2%2Fproduct_tag&post=1073"}],"curies":[{"name":"wp","href":"https:\/\/api.w.org\/{rel}","templated":true}]}}