{"id":1055,"date":"2021-04-09T15:45:52","date_gmt":"2021-04-09T15:45:52","guid":{"rendered":"https:\/\/cow.stimdata.tools\/?product=braojos"},"modified":"2021-10-12T15:26:14","modified_gmt":"2021-10-12T15:26:14","slug":"braojos","status":"publish","type":"product","link":"https:\/\/c-o-w.fr\/?product=braojos","title":{"rendered":"Braojos"},"content":{"rendered":"<p>G\u00e9ographe de formation, Rub\u00e9n Valbuena apprend \u00e0 travailler le fromage en France. Avec sa femme Asela \u00c1lvarez, il cr\u00e9e en 2011 la fromagerie Granja Cantagrullas \u00e0 Ramiro, dans la province de Valladolid, laquelle devient la premi\u00e8re entreprise autoris\u00e9e en Espagne \u00e0 vendre des fromages de moins de 2\u00a0mois d\u2019affinage fabriqu\u00e9s \u00e0 partir de lait de brebis cru. \u00ab\u00a0Cantagrullas\u00a0\u00bb, c\u2019est le nom d\u2019un ruisseau proche du village de Ramiro, o\u00f9 les grues en migration vers l\u2019Afrique ont l\u2019habitude de se reposer. Si Rub\u00e9n cr\u00e9e plus tard CULTIVO, une association de producteurs artisanaux avec deux points de vente \u00e0 Madrid, c\u2019est bien ici, \u00e0 Ramiro, que se concentre l\u2019essentiel de son activit\u00e9\u00a0: \u00e0 partir du lait cru des brebis de sa s\u0153ur et de son beau-fr\u00e8re, il y produit deux beurres et trois fromages diff\u00e9rents, parmi lesquels le BRAOJOS. Apr\u00e8s un affinage de 20 \u00e0 40\u00a0jours, sa texture cr\u00e9meuse et son go\u00fbt de lait de brebis aux notes acides conqui\u00e8rent de nombreux palais\u2026 et se retrouvent sur quelques grandes tables de restaurants \u00e9toil\u00e9s. Bient\u00f4t la v\u00f4tre\u00a0?<\/p>\n","protected":false},"excerpt":{"rendered":"<p><strong><em>Type de fromage : <\/em><\/strong>Lait cru de brebis<br \/>\n<em><strong>Producteur : <\/strong><\/em>Rub\u00e9n Valbuena<br \/>\n<em><strong>Intensit\u00e9 : <\/strong><\/em><br \/>\n<em><strong>Coagulant : <\/strong><\/em><br \/>\n<em><strong>Affinage : <\/strong><\/em><br \/>\n<em><strong>Poids : <\/strong><\/em><\/p>\n","protected":false},"featured_media":622,"template":"","meta":[],"product_cat":[26,43],"product_tag":[],"jetpack_sharing_enabled":true,"_links":{"self":[{"href":"https:\/\/c-o-w.fr\/index.php?rest_route=\/wp\/v2\/product\/1055"}],"collection":[{"href":"https:\/\/c-o-w.fr\/index.php?rest_route=\/wp\/v2\/product"}],"about":[{"href":"https:\/\/c-o-w.fr\/index.php?rest_route=\/wp\/v2\/types\/product"}],"wp:featuredmedia":[{"embeddable":true,"href":"https:\/\/c-o-w.fr\/index.php?rest_route=\/wp\/v2\/media\/622"}],"wp:attachment":[{"href":"https:\/\/c-o-w.fr\/index.php?rest_route=%2Fwp%2Fv2%2Fmedia&parent=1055"}],"wp:term":[{"taxonomy":"product_cat","embeddable":true,"href":"https:\/\/c-o-w.fr\/index.php?rest_route=%2Fwp%2Fv2%2Fproduct_cat&post=1055"},{"taxonomy":"product_tag","embeddable":true,"href":"https:\/\/c-o-w.fr\/index.php?rest_route=%2Fwp%2Fv2%2Fproduct_tag&post=1055"}],"curies":[{"name":"wp","href":"https:\/\/api.w.org\/{rel}","templated":true}]}}