{"id":1054,"date":"2021-04-09T15:45:51","date_gmt":"2021-04-09T15:45:51","guid":{"rendered":"https:\/\/cow.stimdata.tools\/?product=berkswell"},"modified":"2021-10-12T15:26:41","modified_gmt":"2021-10-12T15:26:41","slug":"berkswell","status":"publish","type":"product","link":"https:\/\/c-o-w.fr\/?product=berkswell","title":{"rendered":"Berkswell"},"content":{"rendered":"<p>\u00c0 la suite de Stephen Fletcher et de sa m\u00e8re Sheila, c\u2019est aujourd\u2019hui Linda Dutch qui \u0153uvre \u00e0 la Ram Hall Farm, dans le West Midlands (comt\u00e9 de Birmingham). Dans cette ferme du 16e\u00a0si\u00e8cle proche du village de Berkswell, elle travaille le lait de brebis de race East Friesland pour donner naissance au fromage \u00e9ponyme. Le BERKSWELL \u00e9pouse une forme de soucoupe, et t\u00e9moigne en cela d\u2019anciennes techniques de moulage, en \u00e9gouttoirs \u00e0 p\u00e2tes. D\u2019ordinaire affin\u00e9 4\u00a0mois, ce fromage \u00e0 p\u00e2te press\u00e9e non cuite pr\u00e9sente une texture dense, parfois friable. Jeune, il offre des nuances noiset\u00e9es, un go\u00fbt l\u00e9ger de caramel et un final acidul\u00e9. Plus mature, il se caract\u00e9rise par des saveurs ovines et des notes de cave affirm\u00e9es. Enfin, lorsque sa p\u00e2te se teinte de quelques veines bleut\u00e9es, il gagne en puissance et en piquant.<\/p>\n","protected":false},"excerpt":{"rendered":"<p><strong><em>Type de fromage : <\/em><\/strong>Lait cru de brebis<br \/>\n<em><strong>Producteur : <\/strong><\/em>Linda Dutch<br \/>\n<em><strong>Intensit\u00e9 : <\/strong><\/em><br \/>\n<em><strong>Coagulant : <\/strong><\/em><br \/>\n<em><strong>Affinage : <\/strong><\/em><br \/>\n<em><strong>Poids : <\/strong><\/em><\/p>\n","protected":false},"featured_media":640,"template":"","meta":[],"product_cat":[41,84],"product_tag":[],"jetpack_sharing_enabled":true,"_links":{"self":[{"href":"https:\/\/c-o-w.fr\/index.php?rest_route=\/wp\/v2\/product\/1054"}],"collection":[{"href":"https:\/\/c-o-w.fr\/index.php?rest_route=\/wp\/v2\/product"}],"about":[{"href":"https:\/\/c-o-w.fr\/index.php?rest_route=\/wp\/v2\/types\/product"}],"wp:featuredmedia":[{"embeddable":true,"href":"https:\/\/c-o-w.fr\/index.php?rest_route=\/wp\/v2\/media\/640"}],"wp:attachment":[{"href":"https:\/\/c-o-w.fr\/index.php?rest_route=%2Fwp%2Fv2%2Fmedia&parent=1054"}],"wp:term":[{"taxonomy":"product_cat","embeddable":true,"href":"https:\/\/c-o-w.fr\/index.php?rest_route=%2Fwp%2Fv2%2Fproduct_cat&post=1054"},{"taxonomy":"product_tag","embeddable":true,"href":"https:\/\/c-o-w.fr\/index.php?rest_route=%2Fwp%2Fv2%2Fproduct_tag&post=1054"}],"curies":[{"name":"wp","href":"https:\/\/api.w.org\/{rel}","templated":true}]}}