{"id":1049,"date":"2021-04-09T15:45:37","date_gmt":"2021-04-09T15:45:37","guid":{"rendered":"https:\/\/cow.stimdata.tools\/?product=import-placeholder-for-gouda-fermier"},"modified":"2021-10-12T15:30:18","modified_gmt":"2021-10-12T15:30:18","slug":"gouda-fermier-24-mois","status":"publish","type":"product","link":"https:\/\/c-o-w.fr\/?product=gouda-fermier-24-mois","title":{"rendered":"Gouda Fermier 24 MOIS"},"content":{"rendered":"<p>V\u00e9ritable institution fromag\u00e8re n\u00e9erlandaise, la maison Bourgondisch dispose de deux boutiques\u00a0: l\u2019une \u00e0 Amsterdam et l\u2019autre \u00e0 Beverwijk, en bordure de la mer du Nord. C\u2019est \u00e0 Beverwijk que se trouvent les caves d\u2019affinage. Depuis d\u00e9but 2020, celles-ci se voient progressivement d\u00e9m\u00e9nag\u00e9es vers le Fort Zuidwijkermeer d\u2019Assendelft. Durant quatre d\u00e9cennies, l\u2019arm\u00e9e n\u00e9erlandaise s\u2019est servi de cet ancien fort de d\u00e9fense militaire pour entreposer quelques explosifs\u2026 Voil\u00e0 une belle reconversion\u00a0! Dans sa gamme des p\u00e2tes press\u00e9es non cuites, la maison Bourgondisch propose notamment le GOUDA FERMIER 24 MOIS. De par son affinage prolong\u00e9, ce fromage \u00e0 la cro\u00fbte paraffin\u00e9e pr\u00e9sente une texture tr\u00e8s ferme. Son fondant en bouche est rythm\u00e9 par le croustillant des cristaux de tyrosine qui pars\u00e8ment d\u00e9licieusement sa p\u00e2te. Son nez doux et fruit\u00e9 pr\u00e9c\u00e8de des saveurs beurr\u00e9es aux envol\u00e9es caram\u00e9lis\u00e9es.<\/p>\n","protected":false},"excerpt":{"rendered":"<p><strong><em>Type de fromage : <\/em><\/strong>Lait cru de vache<br \/>\n<em><strong>Producteur : <\/strong><\/em>Bourgondisch<br \/>\n<em><strong>Intensit\u00e9 : <\/strong><\/em>4\/5<br \/>\n<em><strong>Coagulant : <\/strong><\/em>Pr\u00e9sure<br \/>\n<em><strong>Affinage : <\/strong><\/em>24 mois<br \/>\n<em><strong>Poids : <\/strong><\/em>18Kg<\/p>\n","protected":false},"featured_media":622,"template":"","meta":[],"product_cat":[41,33],"product_tag":[],"jetpack_sharing_enabled":true,"_links":{"self":[{"href":"https:\/\/c-o-w.fr\/index.php?rest_route=\/wp\/v2\/product\/1049"}],"collection":[{"href":"https:\/\/c-o-w.fr\/index.php?rest_route=\/wp\/v2\/product"}],"about":[{"href":"https:\/\/c-o-w.fr\/index.php?rest_route=\/wp\/v2\/types\/product"}],"wp:featuredmedia":[{"embeddable":true,"href":"https:\/\/c-o-w.fr\/index.php?rest_route=\/wp\/v2\/media\/622"}],"wp:attachment":[{"href":"https:\/\/c-o-w.fr\/index.php?rest_route=%2Fwp%2Fv2%2Fmedia&parent=1049"}],"wp:term":[{"taxonomy":"product_cat","embeddable":true,"href":"https:\/\/c-o-w.fr\/index.php?rest_route=%2Fwp%2Fv2%2Fproduct_cat&post=1049"},{"taxonomy":"product_tag","embeddable":true,"href":"https:\/\/c-o-w.fr\/index.php?rest_route=%2Fwp%2Fv2%2Fproduct_tag&post=1049"}],"curies":[{"name":"wp","href":"https:\/\/api.w.org\/{rel}","templated":true}]}}