{"id":1047,"date":"2021-04-09T15:45:37","date_gmt":"2021-04-09T15:45:37","guid":{"rendered":"https:\/\/cow.stimdata.tools\/?product=import-placeholder-for-sennerkase-fenugrec"},"modified":"2021-10-12T15:31:07","modified_gmt":"2021-10-12T15:31:07","slug":"sennerkase-fenugrec","status":"publish","type":"product","link":"https:\/\/c-o-w.fr\/?product=sennerkase-fenugrec","title":{"rendered":"Sennerk\u00e4se Fenugrec"},"content":{"rendered":"<p>Fabriqu\u00e9 par Arturo Chiriboga, fromager \u00e9quatorien install\u00e9 aux pieds des Alpes bavaroises, le SENNERK\u00c4SE FENUGREC est un fromage \u00e0 p\u00e2te press\u00e9e non cuite. Sa p\u00e2te souple est parsem\u00e9e de graines de fenugrec. Celles-ci lui conf\u00e8rent un go\u00fbt noiset\u00e9 l\u00e9g\u00e8rement anis\u00e9 et subtilement amer, proche du c\u00e9leri. Gr\u00e2ce \u00e0 sa qualit\u00e9 de fonte imbattable et \u00e0 son go\u00fbt singulier, le SENNERK\u00c4SE FENUGREC deviendra vite un incontournable de vos soir\u00e9es raclette ! En saison hivernale, vous trouverez \u00e9galement en boutique un fromage du m\u00eame type, pimp\u00e9 \u00e0 l\u2019ail des ours.<\/p>\n","protected":false},"excerpt":{"rendered":"<p><strong><em>Type de fromage : <\/em><\/strong>Lait cru de vache<br \/>\n<em><strong>Producteur : <\/strong><\/em>Arturo Chiriboga<br \/>\n<em><strong>Intensit\u00e9 : <\/strong><\/em><br \/>\n<em><strong>Coagulant : <\/strong><\/em><br \/>\n<em><strong>Affinage : <\/strong><\/em><br \/>\n<em><strong>Poids : <\/strong><\/em><\/p>\n","protected":false},"featured_media":622,"template":"","meta":[],"product_cat":[17,41],"product_tag":[],"jetpack_sharing_enabled":true,"_links":{"self":[{"href":"https:\/\/c-o-w.fr\/index.php?rest_route=\/wp\/v2\/product\/1047"}],"collection":[{"href":"https:\/\/c-o-w.fr\/index.php?rest_route=\/wp\/v2\/product"}],"about":[{"href":"https:\/\/c-o-w.fr\/index.php?rest_route=\/wp\/v2\/types\/product"}],"wp:featuredmedia":[{"embeddable":true,"href":"https:\/\/c-o-w.fr\/index.php?rest_route=\/wp\/v2\/media\/622"}],"wp:attachment":[{"href":"https:\/\/c-o-w.fr\/index.php?rest_route=%2Fwp%2Fv2%2Fmedia&parent=1047"}],"wp:term":[{"taxonomy":"product_cat","embeddable":true,"href":"https:\/\/c-o-w.fr\/index.php?rest_route=%2Fwp%2Fv2%2Fproduct_cat&post=1047"},{"taxonomy":"product_tag","embeddable":true,"href":"https:\/\/c-o-w.fr\/index.php?rest_route=%2Fwp%2Fv2%2Fproduct_tag&post=1047"}],"curies":[{"name":"wp","href":"https:\/\/api.w.org\/{rel}","templated":true}]}}