{"id":1042,"date":"2021-04-09T15:45:35","date_gmt":"2021-04-09T15:45:35","guid":{"rendered":"https:\/\/cow.stimdata.tools\/?product=import-placeholder-for-cuatro-picos"},"modified":"2021-10-12T15:33:05","modified_gmt":"2021-10-12T15:33:05","slug":"cuatro-picos","status":"publish","type":"product","link":"https:\/\/c-o-w.fr\/?product=cuatro-picos","title":{"rendered":"Cuatro Picos"},"content":{"rendered":"<p>Ce sont les trois fr\u00e8res Rold\u00e1n (Luis, Manuel et Nacho) qui fabriquent le CUATRO PICOS dans la ferme artisanale Hoya de la Iglesia h\u00e9rit\u00e9e de leur p\u00e8re, \u00e0 l\u2019ouest de la province de Valence.Le CUATRO PICOS doit sa forme originale de \u00ab\u00a0coussin\u00a0\u00bb \u00e0 son moulage traditionnel en torchon. D\u2019une texture quasi beurr\u00e9e aux faibles ar\u00f4mes caprins, sa p\u00e2te transpire fra\u00eecheur, \u00e2pret\u00e9 et acidit\u00e9. D\u2019aucuns y liront l\u2019\u00e9vocation nostalgique d\u2019une averse campagnarde, ou la r\u00e9miniscence des champs humides et libres de l\u2019enfance\u2026\u00a0En arri\u00e8re-bouche appara\u00eet une l\u00e9g\u00e8re saveur noiset\u00e9e tirant sur le c\u00e9leri. Gr\u00e2ce \u00e0 sa forme singuli\u00e8re, le CUATRO PICOS viendra \u00e9gayer vos plateaux. Ses qualit\u00e9s de fonte font par ailleurs de lui une alternative caprine au traditionnel fromage \u00e0 raclette.<\/p>\n","protected":false},"excerpt":{"rendered":"<p><strong><em>Type de fromage : <\/em><\/strong>Lait de ch\u00e8vre pasteuris\u00e9<br \/>\n<em><strong>Producteur : <\/strong><\/em>Les fr\u00e8res Rold\u00e1n<br \/>\n<em><strong>Intensit\u00e9 : <\/strong><\/em><br \/>\n<em><strong>Coagulant : <\/strong><\/em><br \/>\n<em><strong>Affinage : <\/strong><\/em><br \/>\n<em><strong>Poids : <\/strong><\/em><\/p>\n","protected":false},"featured_media":636,"template":"","meta":[],"product_cat":[26,41],"product_tag":[],"jetpack_sharing_enabled":true,"_links":{"self":[{"href":"https:\/\/c-o-w.fr\/index.php?rest_route=\/wp\/v2\/product\/1042"}],"collection":[{"href":"https:\/\/c-o-w.fr\/index.php?rest_route=\/wp\/v2\/product"}],"about":[{"href":"https:\/\/c-o-w.fr\/index.php?rest_route=\/wp\/v2\/types\/product"}],"wp:featuredmedia":[{"embeddable":true,"href":"https:\/\/c-o-w.fr\/index.php?rest_route=\/wp\/v2\/media\/636"}],"wp:attachment":[{"href":"https:\/\/c-o-w.fr\/index.php?rest_route=%2Fwp%2Fv2%2Fmedia&parent=1042"}],"wp:term":[{"taxonomy":"product_cat","embeddable":true,"href":"https:\/\/c-o-w.fr\/index.php?rest_route=%2Fwp%2Fv2%2Fproduct_cat&post=1042"},{"taxonomy":"product_tag","embeddable":true,"href":"https:\/\/c-o-w.fr\/index.php?rest_route=%2Fwp%2Fv2%2Fproduct_tag&post=1042"}],"curies":[{"name":"wp","href":"https:\/\/api.w.org\/{rel}","templated":true}]}}