{"id":1040,"date":"2021-04-09T15:45:34","date_gmt":"2021-04-09T15:45:34","guid":{"rendered":"https:\/\/cow.stimdata.tools\/?product=import-placeholder-for-fiore-sardo-fume"},"modified":"2021-10-12T15:33:34","modified_gmt":"2021-10-12T15:33:34","slug":"fiore-sardo-fume-d-o-p","status":"publish","type":"product","link":"https:\/\/c-o-w.fr\/?product=fiore-sardo-fume-d-o-p","title":{"rendered":"Fiore Sardo Fum\u00e9 D.O.P."},"content":{"rendered":"<p>Plac\u00e9e sous le label BIO, la Fromagerie Debbene se situe \u00e0 Macomer en Sardaigne, sur le plateau de Campeda. L\u00e0, les 1800\u00a0brebis sardes de Gianfranco et Salvatore Bussu disposent de plus de 200\u00a0hectares de p\u00e2turages et livrent un lait particuli\u00e8rement riche.Tel un vieux PECORINO, leur FIORE SARDO pr\u00e9sente une cro\u00fbte rustique et une p\u00e2te friable. Le fumage au bois de h\u00eatre ou de gen\u00e9vrier conf\u00e8re \u00e0 la p\u00e2te un go\u00fbt bois\u00e9 tr\u00e8s marqu\u00e9. Ar\u00f4mes de cave, saveurs animales, l\u00e9ger piquant\u2026 Voil\u00e0 un fromage riche en caract\u00e8re\u00a0!<\/p>\n","protected":false},"excerpt":{"rendered":"<p><strong><em>Type de fromage : <\/em><\/strong>Lait cru de brebis<br \/>\n<em><strong>Producteur : <\/strong><\/em>La Fromagerie Debbene<br \/>\n<em><strong>Intensit\u00e9 : <\/strong><\/em><br \/>\n<em><strong>Coagulant : <\/strong><\/em><br \/>\n<em><strong>Affinage : <\/strong><\/em><br \/>\n<em><strong>Poids : <\/strong><\/em><\/p>\n","protected":false},"featured_media":622,"template":"","meta":[],"product_cat":[30,41],"product_tag":[],"jetpack_sharing_enabled":true,"_links":{"self":[{"href":"https:\/\/c-o-w.fr\/index.php?rest_route=\/wp\/v2\/product\/1040"}],"collection":[{"href":"https:\/\/c-o-w.fr\/index.php?rest_route=\/wp\/v2\/product"}],"about":[{"href":"https:\/\/c-o-w.fr\/index.php?rest_route=\/wp\/v2\/types\/product"}],"wp:featuredmedia":[{"embeddable":true,"href":"https:\/\/c-o-w.fr\/index.php?rest_route=\/wp\/v2\/media\/622"}],"wp:attachment":[{"href":"https:\/\/c-o-w.fr\/index.php?rest_route=%2Fwp%2Fv2%2Fmedia&parent=1040"}],"wp:term":[{"taxonomy":"product_cat","embeddable":true,"href":"https:\/\/c-o-w.fr\/index.php?rest_route=%2Fwp%2Fv2%2Fproduct_cat&post=1040"},{"taxonomy":"product_tag","embeddable":true,"href":"https:\/\/c-o-w.fr\/index.php?rest_route=%2Fwp%2Fv2%2Fproduct_tag&post=1040"}],"curies":[{"name":"wp","href":"https:\/\/api.w.org\/{rel}","templated":true}]}}