{"id":1037,"date":"2021-04-09T15:45:33","date_gmt":"2021-04-09T15:45:33","guid":{"rendered":"https:\/\/cow.stimdata.tools\/?product=import-placeholder-for-innes-log"},"modified":"2021-10-12T15:35:05","modified_gmt":"2021-10-12T15:35:05","slug":"innes-log","status":"publish","type":"product","link":"https:\/\/c-o-w.fr\/?product=innes-log","title":{"rendered":"Innes Log"},"content":{"rendered":"<p>La Highfields Farm Dairy est une petite ferme laiti\u00e8re ind\u00e9pendante g\u00e9r\u00e9e par Joe Bennett pr\u00e8s de Tamworth, dans le Staffordshire, au centre de l\u2019Angleterre. En collaborant avec l\u2019\u00e9quipe d\u2019affineurs de Neal\u2019s Yard Dairy, Joe produit un fromage de ch\u00e8vre cendr\u00e9 en forme de b\u00fbche, de type SAINTE-MAURE-DE-TOURAINE. Jeune, il offre une belle acidit\u00e9 lactique marqu\u00e9e de notes noiset\u00e9es et herbac\u00e9es. Plus affin\u00e9 apr\u00e8s maturation dans nos caves parisiennes, d\u2019une texture confite ou s\u00e8che, il gagne en caract\u00e8re et livre des saveurs plus puissantes, voire piquantes.<\/p>\n","protected":false},"excerpt":{"rendered":"<p><strong><em>Type de fromage : <\/em><\/strong>Lait cru de ch\u00e8vre<br \/>\n<em><strong>Producteur : <\/strong><\/em>Joe Bennett<br \/>\n<em><strong>Intensit\u00e9 : <\/strong><\/em><br \/>\n<em><strong>Coagulant : <\/strong><\/em><br \/>\n<em><strong>Affinage : <\/strong><\/em><br \/>\n<em><strong>Poids : <\/strong><\/em><\/p>\n","protected":false},"featured_media":647,"template":"","meta":[],"product_cat":[85,84],"product_tag":[],"jetpack_sharing_enabled":true,"_links":{"self":[{"href":"https:\/\/c-o-w.fr\/index.php?rest_route=\/wp\/v2\/product\/1037"}],"collection":[{"href":"https:\/\/c-o-w.fr\/index.php?rest_route=\/wp\/v2\/product"}],"about":[{"href":"https:\/\/c-o-w.fr\/index.php?rest_route=\/wp\/v2\/types\/product"}],"wp:featuredmedia":[{"embeddable":true,"href":"https:\/\/c-o-w.fr\/index.php?rest_route=\/wp\/v2\/media\/647"}],"wp:attachment":[{"href":"https:\/\/c-o-w.fr\/index.php?rest_route=%2Fwp%2Fv2%2Fmedia&parent=1037"}],"wp:term":[{"taxonomy":"product_cat","embeddable":true,"href":"https:\/\/c-o-w.fr\/index.php?rest_route=%2Fwp%2Fv2%2Fproduct_cat&post=1037"},{"taxonomy":"product_tag","embeddable":true,"href":"https:\/\/c-o-w.fr\/index.php?rest_route=%2Fwp%2Fv2%2Fproduct_tag&post=1037"}],"curies":[{"name":"wp","href":"https:\/\/api.w.org\/{rel}","templated":true}]}}