{"id":1035,"date":"2021-04-09T15:45:32","date_gmt":"2021-04-09T15:45:32","guid":{"rendered":"https:\/\/cow.stimdata.tools\/?product=import-placeholder-for-shropshire-blue"},"modified":"2021-10-12T15:35:25","modified_gmt":"2021-10-12T15:35:25","slug":"shropshire-blue","status":"publish","type":"product","link":"https:\/\/c-o-w.fr\/?product=shropshire-blue","title":{"rendered":"Shropshire Blue"},"content":{"rendered":"<p>Le SHROPSHIRE BLUE que nous proposons en boutique est fabriqu\u00e9 par Billy Kevan et son \u00e9quipe \u00e0 Colston Bassett dans le Nottinghamshire. Ce fromage \u00e0 p\u00e2te persill\u00e9e a \u00e9t\u00e9 invent\u00e9 dans les ann\u00e9es 1930 par le fromager Dennis Biggins. S\u2019il est color\u00e9 au rocou (pigment naturel issu des graines du rocouyer, un arbre sud-am\u00e9ricain) et arbore donc une teinte orang\u00e9e bien reconnaissable, il est n\u00e9anmoins un proche cousin du STILTON, dont il constitue une version un brin plus rustique et animale. Sa texture beurr\u00e9e l\u00e9g\u00e8rement friable offre des saveurs complexes de cr\u00e8me, de levure, de sous-bois et d\u2019\u00e9table.<\/p>\n","protected":false},"excerpt":{"rendered":"<p><strong><em>Type de fromage : <\/em><\/strong>Lait de vache pasteuris\u00e9<br \/>\n<em><strong>Producteur : <\/strong><\/em>Billy Kevan &#8211; Coston Basset<br \/>\n<em><strong>Intensit\u00e9 : <\/strong><\/em>3\/5<br \/>\n<em><strong>Coagulant : <\/strong><\/em>Pr\u00e9sure<br \/>\n<em><strong>Affinage : <\/strong><\/em> 4-6 mois<br \/>\n<em><strong>Poids : <\/strong><\/em>~8Kg<\/p>\n","protected":false},"featured_media":622,"template":"","meta":[],"product_cat":[42,84],"product_tag":[],"jetpack_sharing_enabled":true,"_links":{"self":[{"href":"https:\/\/c-o-w.fr\/index.php?rest_route=\/wp\/v2\/product\/1035"}],"collection":[{"href":"https:\/\/c-o-w.fr\/index.php?rest_route=\/wp\/v2\/product"}],"about":[{"href":"https:\/\/c-o-w.fr\/index.php?rest_route=\/wp\/v2\/types\/product"}],"wp:featuredmedia":[{"embeddable":true,"href":"https:\/\/c-o-w.fr\/index.php?rest_route=\/wp\/v2\/media\/622"}],"wp:attachment":[{"href":"https:\/\/c-o-w.fr\/index.php?rest_route=%2Fwp%2Fv2%2Fmedia&parent=1035"}],"wp:term":[{"taxonomy":"product_cat","embeddable":true,"href":"https:\/\/c-o-w.fr\/index.php?rest_route=%2Fwp%2Fv2%2Fproduct_cat&post=1035"},{"taxonomy":"product_tag","embeddable":true,"href":"https:\/\/c-o-w.fr\/index.php?rest_route=%2Fwp%2Fv2%2Fproduct_tag&post=1035"}],"curies":[{"name":"wp","href":"https:\/\/api.w.org\/{rel}","templated":true}]}}