{"id":1031,"date":"2021-04-09T15:45:30","date_gmt":"2021-04-09T15:45:30","guid":{"rendered":"https:\/\/cow.stimdata.tools\/?product=import-placeholder-for-scamorza-affumicata"},"modified":"2021-10-12T15:37:48","modified_gmt":"2021-10-12T15:37:48","slug":"scamorza-affumicata","status":"publish","type":"product","link":"https:\/\/c-o-w.fr\/?product=scamorza-affumicata","title":{"rendered":"Scamorza Affumicata"},"content":{"rendered":"<p>La Laiterie de Molise est \u00e9tablie depuis 1955 dans la province de Campobasso, au nord de Naples. Elle produit notamment la SCAMORZA AFFUMICATA, cousine de la MOZZARELLA, \u00e0 la p\u00e2te plus s\u00e8che et plus dure. Pour son affinage de 3 \u00e0 6\u00a0semaines, elle est suspendue avec d\u2019autres \u00ab\u00a0en guirlandes\u00a0\u00bb. Sa p\u00e2te l\u00e9g\u00e8rement \u00e9lastique, fum\u00e9e au bois de h\u00eatre ou de gen\u00e9vrier, offre des notes lactiques et bois\u00e9es. Fromage d\u2019accompagnement culinaire, la SCAMORZA agr\u00e9mente volontiers salades et autres pizzas, et peut aussi se d\u00e9guster en tranches \u00e0 peine fondues sur du pain croustillant.<\/p>\n","protected":false},"excerpt":{"rendered":"<p><strong><em>Type de fromage : <\/em><\/strong>Lait de vache pasteuris\u00e9<br \/>\n<em><strong>Producteur : <\/strong><\/em>La Laiterie de Molise<br \/>\n<em><strong>Intensit\u00e9 : <\/strong><\/em>1\/5<br \/>\n<em><strong>Coagulant : <\/strong><\/em>Pr\u00e9sure<br \/>\n<em><strong>Affinage : <\/strong><\/em>2 semaines &#8211; 1 mois<br \/>\n<em><strong>Poids : <\/strong><\/em>Poids en fonction du conditionnement<\/p>\n","protected":false},"featured_media":814,"template":"","meta":[],"product_cat":[30,21],"product_tag":[],"jetpack_sharing_enabled":true,"_links":{"self":[{"href":"https:\/\/c-o-w.fr\/index.php?rest_route=\/wp\/v2\/product\/1031"}],"collection":[{"href":"https:\/\/c-o-w.fr\/index.php?rest_route=\/wp\/v2\/product"}],"about":[{"href":"https:\/\/c-o-w.fr\/index.php?rest_route=\/wp\/v2\/types\/product"}],"wp:featuredmedia":[{"embeddable":true,"href":"https:\/\/c-o-w.fr\/index.php?rest_route=\/wp\/v2\/media\/814"}],"wp:attachment":[{"href":"https:\/\/c-o-w.fr\/index.php?rest_route=%2Fwp%2Fv2%2Fmedia&parent=1031"}],"wp:term":[{"taxonomy":"product_cat","embeddable":true,"href":"https:\/\/c-o-w.fr\/index.php?rest_route=%2Fwp%2Fv2%2Fproduct_cat&post=1031"},{"taxonomy":"product_tag","embeddable":true,"href":"https:\/\/c-o-w.fr\/index.php?rest_route=%2Fwp%2Fv2%2Fproduct_tag&post=1031"}],"curies":[{"name":"wp","href":"https:\/\/api.w.org\/{rel}","templated":true}]}}