{"id":1030,"date":"2021-04-09T15:45:30","date_gmt":"2021-04-09T15:45:30","guid":{"rendered":"https:\/\/cow.stimdata.tools\/?product=import-placeholder-for-pecorino-bio"},"modified":"2021-10-11T15:47:34","modified_gmt":"2021-10-11T15:47:34","slug":"pecorino-del-sig-g-bio","status":"publish","type":"product","link":"https:\/\/c-o-w.fr\/?product=pecorino-del-sig-g-bio","title":{"rendered":"Pecorino del Sig. G BIO"},"content":{"rendered":"<p>Le PECORINO DEL SIG. G (Pecorino de Monsieur G) est fabriqu\u00e9 par Giovanni Cannas dans sa ferme de Lischeto, \u00e0 Volterra en Toscane. Ses 800\u00a0brebis paissent sur les 240\u00a0hectares que compte le domaine, entre sculptures et autres \u0153uvres paysag\u00e8res (Giovanni nourrit une forte passion pour l\u2019art\u00a0!). Aid\u00e9 par sa s\u0153ur Rosita et le fromager Ruggero (qui transforme le lait), Giovanni travaille dans le respect du cycle naturel des b\u00eates.Tr\u00e8s jeune et frais, le PECORINO DEL SIG. G offre une p\u00e2te blanche cr\u00e9meuse marqu\u00e9e par des ar\u00f4mes de fruits jeunes, de discr\u00e8tes touches ovines et une d\u00e9licate acidit\u00e9 lactique.<\/p>\n","protected":false},"excerpt":{"rendered":"<p><strong><em>Type de fromage : <\/em><\/strong>Lait cru de brebis<\/p>\n<p><em><strong>Producteur : <\/strong><\/em>Giovanni Cannas<\/p>\n<p><em><strong>Intensit\u00e9 :<\/strong><\/em>3\/5<\/p>\n<p><em><strong>Coagulant :<\/strong><\/em>Pr\u00e9sure<\/p>\n<p><em><strong>Affinage :<\/strong><\/em>4mois<\/p>\n<p><em><strong>Poids :<\/strong><\/em>~4Kg<\/p>\n","protected":false},"featured_media":622,"template":"","meta":[],"product_cat":[30,41],"product_tag":[],"jetpack_sharing_enabled":true,"_links":{"self":[{"href":"https:\/\/c-o-w.fr\/index.php?rest_route=\/wp\/v2\/product\/1030"}],"collection":[{"href":"https:\/\/c-o-w.fr\/index.php?rest_route=\/wp\/v2\/product"}],"about":[{"href":"https:\/\/c-o-w.fr\/index.php?rest_route=\/wp\/v2\/types\/product"}],"wp:featuredmedia":[{"embeddable":true,"href":"https:\/\/c-o-w.fr\/index.php?rest_route=\/wp\/v2\/media\/622"}],"wp:attachment":[{"href":"https:\/\/c-o-w.fr\/index.php?rest_route=%2Fwp%2Fv2%2Fmedia&parent=1030"}],"wp:term":[{"taxonomy":"product_cat","embeddable":true,"href":"https:\/\/c-o-w.fr\/index.php?rest_route=%2Fwp%2Fv2%2Fproduct_cat&post=1030"},{"taxonomy":"product_tag","embeddable":true,"href":"https:\/\/c-o-w.fr\/index.php?rest_route=%2Fwp%2Fv2%2Fproduct_tag&post=1030"}],"curies":[{"name":"wp","href":"https:\/\/api.w.org\/{rel}","templated":true}]}}