{"id":1026,"date":"2021-04-09T15:45:28","date_gmt":"2021-04-09T15:45:28","guid":{"rendered":"https:\/\/cow.stimdata.tools\/?product=import-placeholder-for-candido"},"modified":"2021-10-12T15:42:41","modified_gmt":"2021-10-12T15:42:41","slug":"candido","status":"publish","type":"product","link":"https:\/\/c-o-w.fr\/?product=candido","title":{"rendered":"Candido"},"content":{"rendered":"<p>Le CANDIDO est fabriqu\u00e9 par Juan Luis Aroca Sepulveda \u00e0 la fromagerie artisanale Quesos La Torre, \u00e0 La Roda (Castille-La Mancha), o\u00f9 il est affin\u00e9 75 jours minimum. Son cro\u00fbtage gris cache une p\u00e2te fondante vein\u00e9e de moisissures gris-bleu au caract\u00e8re peu marqu\u00e9. D\u2019une tapissante douceur, sa d\u00e9gustation se veut une exp\u00e9rience g\u00e9n\u00e9reuse, marqu\u00e9e par d\u2019agr\u00e9ables notes lact\u00e9es et herbac\u00e9es.<\/p>\n","protected":false},"excerpt":{"rendered":"<p><strong><em>Type de fromage : <\/em><\/strong>Lait cru de brebis<br \/>\n<em><strong>Producteur : <\/strong><\/em>Juan Luis Aroca Sepulveda<br \/>\n<em><strong>Intensit\u00e9 : <\/strong><\/em><br \/>\n<em><strong>Coagulant : <\/strong><\/em><br \/>\n<em><strong>Affinage : <\/strong><\/em><br \/>\n<em><strong>Poids : <\/strong><\/em><\/p>\n","protected":false},"featured_media":622,"template":"","meta":[],"product_cat":[26,42],"product_tag":[],"jetpack_sharing_enabled":true,"_links":{"self":[{"href":"https:\/\/c-o-w.fr\/index.php?rest_route=\/wp\/v2\/product\/1026"}],"collection":[{"href":"https:\/\/c-o-w.fr\/index.php?rest_route=\/wp\/v2\/product"}],"about":[{"href":"https:\/\/c-o-w.fr\/index.php?rest_route=\/wp\/v2\/types\/product"}],"wp:featuredmedia":[{"embeddable":true,"href":"https:\/\/c-o-w.fr\/index.php?rest_route=\/wp\/v2\/media\/622"}],"wp:attachment":[{"href":"https:\/\/c-o-w.fr\/index.php?rest_route=%2Fwp%2Fv2%2Fmedia&parent=1026"}],"wp:term":[{"taxonomy":"product_cat","embeddable":true,"href":"https:\/\/c-o-w.fr\/index.php?rest_route=%2Fwp%2Fv2%2Fproduct_cat&post=1026"},{"taxonomy":"product_tag","embeddable":true,"href":"https:\/\/c-o-w.fr\/index.php?rest_route=%2Fwp%2Fv2%2Fproduct_tag&post=1026"}],"curies":[{"name":"wp","href":"https:\/\/api.w.org\/{rel}","templated":true}]}}