{"id":1020,"date":"2021-04-09T15:45:25","date_gmt":"2021-04-09T15:45:25","guid":{"rendered":"https:\/\/cow.stimdata.tools\/?product=import-placeholder-for-sao-miguel"},"modified":"2021-10-12T15:44:26","modified_gmt":"2021-10-12T15:44:26","slug":"sao-miguel","status":"publish","type":"product","link":"https:\/\/c-o-w.fr\/?product=sao-miguel","title":{"rendered":"S\u00e3o Miguel"},"content":{"rendered":"<p>L\u2019histoire du S\u00c3O MIGUEL t\u00e9moigne de la pr\u00e9sence de colons flamands dans l\u2019archipel des A\u00e7ores d\u00e8s le 15e\u00a0si\u00e8cle\u00a0: ce sont eux qui y ont introduit les vaches\u00a0! Fabriqu\u00e9 sur l\u2019\u00eele \u00e9ponyme par la coop\u00e9rative LactA\u00e7ores, cet imposant fromage \u00e0 la cro\u00fbte de paraffine noire offre, apr\u00e8s un affinage de 9\u00a0mois minimum, une p\u00e2te ferme et dense l\u00e9g\u00e8rement friable ou granuleuse, \u00e9voquant un cheddar fermier. Touches de gentiane et de fruits des bois, saveurs iod\u00e9es tirant sur le r\u00e9glisse en fin de d\u00e9gustation&#8230; autant d\u2019ar\u00f4mes puissants, gages d\u2019une exp\u00e9rience intense\u00a0!<\/p>\n","protected":false},"excerpt":{"rendered":"<p><strong><em>Type de fromage : <\/em><\/strong>Lait de vache pasteuris\u00e9<br \/>\n<em><strong>Producteur : <\/strong><\/em>LactA\u00e7ores<br \/>\n<em><strong>Intensit\u00e9 : <\/strong><\/em><br \/>\n<em><strong>Coagulant : <\/strong><\/em><br \/>\n<em><strong>Affinage : <\/strong><\/em><br \/>\n<em><strong>Poids : <\/strong><\/em><\/p>\n","protected":false},"featured_media":634,"template":"","meta":[],"product_cat":[41,34],"product_tag":[],"jetpack_sharing_enabled":true,"_links":{"self":[{"href":"https:\/\/c-o-w.fr\/index.php?rest_route=\/wp\/v2\/product\/1020"}],"collection":[{"href":"https:\/\/c-o-w.fr\/index.php?rest_route=\/wp\/v2\/product"}],"about":[{"href":"https:\/\/c-o-w.fr\/index.php?rest_route=\/wp\/v2\/types\/product"}],"wp:featuredmedia":[{"embeddable":true,"href":"https:\/\/c-o-w.fr\/index.php?rest_route=\/wp\/v2\/media\/634"}],"wp:attachment":[{"href":"https:\/\/c-o-w.fr\/index.php?rest_route=%2Fwp%2Fv2%2Fmedia&parent=1020"}],"wp:term":[{"taxonomy":"product_cat","embeddable":true,"href":"https:\/\/c-o-w.fr\/index.php?rest_route=%2Fwp%2Fv2%2Fproduct_cat&post=1020"},{"taxonomy":"product_tag","embeddable":true,"href":"https:\/\/c-o-w.fr\/index.php?rest_route=%2Fwp%2Fv2%2Fproduct_tag&post=1020"}],"curies":[{"name":"wp","href":"https:\/\/api.w.org\/{rel}","templated":true}]}}