{"id":1019,"date":"2021-04-09T15:45:24","date_gmt":"2021-04-09T15:45:24","guid":{"rendered":"https:\/\/cow.stimdata.tools\/?product=import-placeholder-for-monte-da-vinha"},"modified":"2021-10-12T15:45:31","modified_gmt":"2021-10-12T15:45:31","slug":"monte-da-vinha","status":"publish","type":"product","link":"https:\/\/c-o-w.fr\/?product=monte-da-vinha","title":{"rendered":"Monte da Vinha"},"content":{"rendered":"<p>C\u2019est \u00e0 Vimieiro, dans le district d\u2019Evora, qu\u2019est \u00e9tablie la fromagerie Monte Da Vinha depuis 2004. Elle produit le fromage \u00e9ponyme\u00a0: p\u00e2te molle \u00e0 cro\u00fbte lav\u00e9e au lait de brebis. Comme souvent au Portugal, et plus largement sur la p\u00e9ninsule ib\u00e9rique, le lait est caill\u00e9 gr\u00e2ce \u00e0 un coagulant v\u00e9g\u00e9tal (fleur de chardon), et non du fait de l\u2019ajout de pr\u00e9sure (n\u00e9cessairement d\u2019origine animale). Apr\u00e8s un affinage d\u2019une vingtaine de\u00a0jours, avec lavages et retournements quotidiens, le MONTE DA VINHA d\u00e9veloppe une p\u00e2te cr\u00e9meuse, presque coulante. Fra\u00eecheur acidul\u00e9e, notes sucr\u00e9es de fruits ferment\u00e9s et intenses nuances vineuses font de lui un petit fromage de caract\u00e8re. L\u2019id\u00e9al est alors de le d\u00e9guster \u00e0 la cuill\u00e8re\u00a0!<\/p>\n","protected":false},"excerpt":{"rendered":"<p><strong><em>Type de fromage : <\/em><\/strong>Lait cru de brebis<br \/>\n<em><strong>Producteur : <\/strong><\/em>Monte Da Vinha<br \/>\n<em><strong>Intensit\u00e9 : <\/strong><\/em><br \/>\n<em><strong>Coagulant : <\/strong><\/em>Coagulant v\u00e9g\u00e9tal (fleur de chardon)<br \/>\n<em><strong>Affinage : <\/strong><\/em><br \/>\n<em><strong>Poids : <\/strong><\/em><\/p>\n","protected":false},"featured_media":622,"template":"","meta":[],"product_cat":[43,34],"product_tag":[],"jetpack_sharing_enabled":true,"_links":{"self":[{"href":"https:\/\/c-o-w.fr\/index.php?rest_route=\/wp\/v2\/product\/1019"}],"collection":[{"href":"https:\/\/c-o-w.fr\/index.php?rest_route=\/wp\/v2\/product"}],"about":[{"href":"https:\/\/c-o-w.fr\/index.php?rest_route=\/wp\/v2\/types\/product"}],"wp:featuredmedia":[{"embeddable":true,"href":"https:\/\/c-o-w.fr\/index.php?rest_route=\/wp\/v2\/media\/622"}],"wp:attachment":[{"href":"https:\/\/c-o-w.fr\/index.php?rest_route=%2Fwp%2Fv2%2Fmedia&parent=1019"}],"wp:term":[{"taxonomy":"product_cat","embeddable":true,"href":"https:\/\/c-o-w.fr\/index.php?rest_route=%2Fwp%2Fv2%2Fproduct_cat&post=1019"},{"taxonomy":"product_tag","embeddable":true,"href":"https:\/\/c-o-w.fr\/index.php?rest_route=%2Fwp%2Fv2%2Fproduct_tag&post=1019"}],"curies":[{"name":"wp","href":"https:\/\/api.w.org\/{rel}","templated":true}]}}