{"id":1013,"date":"2021-04-09T15:45:20","date_gmt":"2021-04-09T15:45:20","guid":{"rendered":"https:\/\/cow.stimdata.tools\/?product=import-placeholder-for-barely-buzzed"},"modified":"2021-10-12T15:48:05","modified_gmt":"2021-10-12T15:48:05","slug":"barely-buzzed","status":"publish","type":"product","link":"https:\/\/c-o-w.fr\/?product=barely-buzzed","title":{"rendered":"Barely Buzzed"},"content":{"rendered":"<p>En Utah, la Beehive Cheese Company de Tim Welsh et Pat Ford fabrique le BARELY BUZZED. Fr\u00e8res par alliance, ils collectent le lait dans leur ferme familiale situ\u00e9e \u00e0 une quinzaine de kilom\u00e8tres de la fromagerie. Fromage de type cheddar n\u00e9 en 2006, le BARELY BUZZED se voit frott\u00e9 le lendemain de sa fabrication avec le Beehive Blend\u00a0: un m\u00e9lange de grains de caf\u00e9 moulus, d\u2019huile v\u00e9g\u00e9tale et de bourgeons de lavande. Affin\u00e9 au minimum 8\u00a0mois sur des planches d\u2019\u00e9pinette bleue (un conif\u00e8re d\u2019Am\u00e9rique du Nord), il acquiert une texture proche de celle du CANTAL ou du SALERS, ferme et fondante \u00e0 la fois, et l\u00e9g\u00e8rement friable. Si le caf\u00e9 qui recouvre sa cro\u00fbte se fait tr\u00e8s pr\u00e9sent en bouche, il laisse toutefois les notes beurr\u00e9es et miell\u00e9es de sa p\u00e2te s\u2019exprimer chaleureusement. Le succ\u00e8s du BARELY BUZZED s\u2019est trouv\u00e9 confirm\u00e9 aux World Cheese Awards de Bergame en 2019, o\u00f9 il a re\u00e7u deux r\u00e9compenses.<\/p>\n","protected":false},"excerpt":{"rendered":"<p><strong><em>Type de fromage : <\/em><\/strong>Lait de vache pasteuris\u00e9<br \/>\n<em><strong>Producteur : <\/strong><\/em>La Beehive Cheese Company<br \/>\n<em><strong>Intensit\u00e9 : <\/strong><\/em><br \/>\n<em><strong>Coagulant : <\/strong><\/em><br \/>\n<em><strong>Affinage : <\/strong><\/em><br \/>\n<em><strong>Poids : <\/strong><\/em><\/p>\n","protected":false},"featured_media":622,"template":"","meta":[],"product_cat":[27,41],"product_tag":[],"jetpack_sharing_enabled":true,"_links":{"self":[{"href":"https:\/\/c-o-w.fr\/index.php?rest_route=\/wp\/v2\/product\/1013"}],"collection":[{"href":"https:\/\/c-o-w.fr\/index.php?rest_route=\/wp\/v2\/product"}],"about":[{"href":"https:\/\/c-o-w.fr\/index.php?rest_route=\/wp\/v2\/types\/product"}],"wp:featuredmedia":[{"embeddable":true,"href":"https:\/\/c-o-w.fr\/index.php?rest_route=\/wp\/v2\/media\/622"}],"wp:attachment":[{"href":"https:\/\/c-o-w.fr\/index.php?rest_route=%2Fwp%2Fv2%2Fmedia&parent=1013"}],"wp:term":[{"taxonomy":"product_cat","embeddable":true,"href":"https:\/\/c-o-w.fr\/index.php?rest_route=%2Fwp%2Fv2%2Fproduct_cat&post=1013"},{"taxonomy":"product_tag","embeddable":true,"href":"https:\/\/c-o-w.fr\/index.php?rest_route=%2Fwp%2Fv2%2Fproduct_tag&post=1013"}],"curies":[{"name":"wp","href":"https:\/\/api.w.org\/{rel}","templated":true}]}}