{"id":1011,"date":"2021-04-09T15:45:19","date_gmt":"2021-04-09T15:45:19","guid":{"rendered":"https:\/\/cow.stimdata.tools\/?product=import-placeholder-for-estive"},"modified":"2021-10-12T15:48:42","modified_gmt":"2021-10-12T15:48:42","slug":"estive","status":"publish","type":"product","link":"https:\/\/c-o-w.fr\/?product=estive","title":{"rendered":"Estive"},"content":{"rendered":"<p>Fabrice Michelin est producteur de MONT D\u2019OR et d\u2019autres produits disponibles chez COW (\u00c9PIVE, SAINT-POINT, MORBIER, FLORANIS). \u00c0 partir des laits du mois de mai, lorsque les p\u00e2turages sont en fleurs, Fabrice Michelin fabrique \u00e9galement l\u2019ESTIVE. C\u2019est \u00e0 Saint-Point-Lac dans le Haut-Doubs qu\u2019est affin\u00e9 ce gruy\u00e8re rustique, maturation que nous poursuivons ensuite dans nos caves parisiennes. D\u2019une texture proche du COMT\u00c9, l\u2019ESTIVE offre des notes assez animales, de forts ar\u00f4mes d\u2019\u00e9table rythm\u00e9s par le croquant des cristaux de tyrosine de sa p\u00e2te lorsqu\u2019il est plus \u00e2g\u00e9. Sur un plateau, dans une fondue ou en cuisine, l\u2019ESTIVE constitue une alternative originale et de caract\u00e8re au traditionnel COMT\u00c9.<\/p>\n","protected":false},"excerpt":{"rendered":"<p><strong><em>Type de fromage : <\/em><\/strong>Lait cru de vache<br \/>\n<em><strong>Producteur : <\/strong><\/em>Fabrice Michelin<br \/>\n<em><strong>Intensit\u00e9 : <\/strong><\/em><br \/>\n<em><strong>Coagulant : <\/strong><\/em><br \/>\n<em><strong>Affinage : <\/strong><\/em><br \/>\n<em><strong>Poids : <\/strong><\/em><\/p>\n","protected":false},"featured_media":627,"template":"","meta":[],"product_cat":[18,40],"product_tag":[],"jetpack_sharing_enabled":true,"_links":{"self":[{"href":"https:\/\/c-o-w.fr\/index.php?rest_route=\/wp\/v2\/product\/1011"}],"collection":[{"href":"https:\/\/c-o-w.fr\/index.php?rest_route=\/wp\/v2\/product"}],"about":[{"href":"https:\/\/c-o-w.fr\/index.php?rest_route=\/wp\/v2\/types\/product"}],"wp:featuredmedia":[{"embeddable":true,"href":"https:\/\/c-o-w.fr\/index.php?rest_route=\/wp\/v2\/media\/627"}],"wp:attachment":[{"href":"https:\/\/c-o-w.fr\/index.php?rest_route=%2Fwp%2Fv2%2Fmedia&parent=1011"}],"wp:term":[{"taxonomy":"product_cat","embeddable":true,"href":"https:\/\/c-o-w.fr\/index.php?rest_route=%2Fwp%2Fv2%2Fproduct_cat&post=1011"},{"taxonomy":"product_tag","embeddable":true,"href":"https:\/\/c-o-w.fr\/index.php?rest_route=%2Fwp%2Fv2%2Fproduct_tag&post=1011"}],"curies":[{"name":"wp","href":"https:\/\/api.w.org\/{rel}","templated":true}]}}