{"id":1010,"date":"2021-04-09T15:45:19","date_gmt":"2021-04-09T15:45:19","guid":{"rendered":"https:\/\/cow.stimdata.tools\/?product=import-placeholder-for-chiriboga-blue"},"modified":"2021-10-12T15:48:59","modified_gmt":"2021-10-12T15:48:59","slug":"chiriboga-blue","status":"publish","type":"product","link":"https:\/\/c-o-w.fr\/?product=chiriboga-blue","title":{"rendered":"Chiriboga Blue"},"content":{"rendered":"<p>Fabriqu\u00e9 par Arturo Chiriboga, fromager \u00e9quatorien install\u00e9 aux pieds des Alpes bavaroises, le CHIRIBOGA BLUE est une p\u00e2te persill\u00e9e enrichie en cr\u00e8me, affin\u00e9e jusqu\u2019\u00e0 trois mois. Pour cr\u00e9er ce fromage, Arturo s\u2019est inspir\u00e9 de la recette du BAVARIAN BLUE, invent\u00e9e en 1902. Sa texture est extr\u00eamement beurr\u00e9e, fondante. En bouche, la gourmandise de la cr\u00e8me vient envelopper les envol\u00e9es du bleu pour une exp\u00e9rience de d\u00e9gustation toute en onctuosit\u00e9.<\/p>\n","protected":false},"excerpt":{"rendered":"<p><strong><em>Type de fromage : <\/em><\/strong>Lait pasteuris\u00e9 de vache<br \/>\n<em><strong>Producteur : <\/strong><\/em>Arturo Chiriboga<br \/>\n<em><strong>Intensit\u00e9 : <\/strong><\/em>2\/5<br \/>\n<em><strong>Coagulant : <\/strong><\/em>Pr\u00e9sure<br \/>\n<em><strong>Affinage : <\/strong><\/em> ~6 &#8211; 8 mois<br \/>\n<em><strong>Poids : <\/strong><\/em> ~3Kg<\/p>\n","protected":false},"featured_media":622,"template":"","meta":[],"product_cat":[17,42],"product_tag":[],"jetpack_sharing_enabled":true,"_links":{"self":[{"href":"https:\/\/c-o-w.fr\/index.php?rest_route=\/wp\/v2\/product\/1010"}],"collection":[{"href":"https:\/\/c-o-w.fr\/index.php?rest_route=\/wp\/v2\/product"}],"about":[{"href":"https:\/\/c-o-w.fr\/index.php?rest_route=\/wp\/v2\/types\/product"}],"wp:featuredmedia":[{"embeddable":true,"href":"https:\/\/c-o-w.fr\/index.php?rest_route=\/wp\/v2\/media\/622"}],"wp:attachment":[{"href":"https:\/\/c-o-w.fr\/index.php?rest_route=%2Fwp%2Fv2%2Fmedia&parent=1010"}],"wp:term":[{"taxonomy":"product_cat","embeddable":true,"href":"https:\/\/c-o-w.fr\/index.php?rest_route=%2Fwp%2Fv2%2Fproduct_cat&post=1010"},{"taxonomy":"product_tag","embeddable":true,"href":"https:\/\/c-o-w.fr\/index.php?rest_route=%2Fwp%2Fv2%2Fproduct_tag&post=1010"}],"curies":[{"name":"wp","href":"https:\/\/api.w.org\/{rel}","templated":true}]}}