{"id":1007,"date":"2021-04-09T15:45:17","date_gmt":"2021-04-09T15:45:17","guid":{"rendered":"https:\/\/cow.stimdata.tools\/?product=import-placeholder-for-saint-point"},"modified":"2021-10-12T15:50:09","modified_gmt":"2021-10-12T15:50:09","slug":"saint-point","status":"publish","type":"product","link":"https:\/\/c-o-w.fr\/?product=saint-point","title":{"rendered":"Saint-Point"},"content":{"rendered":"<p>Producteur de MONT D\u2019OR et d\u2019autres produits disponibles chez COW (\u00c9PIVE, ESTIVE, FLORANIS, MORBIER, RACLETTE), Fabrice Michelin fabrique \u00e9galement le SAINT-POINT, \u00e0 Saint-Point-Lac dans le Haut-Doubs. Le SAINT-POINT ressemble au REBLOCHON, bien qu\u2019il n\u2019appartienne pas \u00e0 la m\u00eame famille de fromages (p\u00e2te molle \u00e0 cro\u00fbte lav\u00e9e pour le SAINT-POINT contre p\u00e2te press\u00e9e non cuite pour le REBLOCHON). Sa p\u00e2te rustique, aux saveurs lactiques et de fruits ferment\u00e9s d\u2019abord, offre en arri\u00e8re-bouche une v\u00e9ritable bouff\u00e9e d\u2019\u00e9table\u00a0! Avec l\u2019\u00e2ge, ce produit gagne en animalit\u00e9, avec une remarquable longueur en bouche. Nous proposons \u00e9galement en boutique une version de ce fromage enrichie en cerneaux de noix.<\/p>\n","protected":false},"excerpt":{"rendered":"<p><strong><em>Type de fromage : <\/em><\/strong>Lait cru de vache<br \/>\n<em><strong>Producteur : <\/strong><\/em>Fabrice Michelin<br \/>\n<em><strong>Intensit\u00e9 : <\/strong><\/em>3\/5<br \/>\n<em><strong>Coagulant : <\/strong><\/em> Pr\u00e9sure<br \/>\n<em><strong>Affinage : <\/strong><\/em>15 jours<br \/>\n<em><strong>Poids : <\/strong><\/em>~350g<\/p>\n","protected":false},"featured_media":648,"template":"","meta":[],"product_cat":[18,43],"product_tag":[],"jetpack_sharing_enabled":true,"_links":{"self":[{"href":"https:\/\/c-o-w.fr\/index.php?rest_route=\/wp\/v2\/product\/1007"}],"collection":[{"href":"https:\/\/c-o-w.fr\/index.php?rest_route=\/wp\/v2\/product"}],"about":[{"href":"https:\/\/c-o-w.fr\/index.php?rest_route=\/wp\/v2\/types\/product"}],"wp:featuredmedia":[{"embeddable":true,"href":"https:\/\/c-o-w.fr\/index.php?rest_route=\/wp\/v2\/media\/648"}],"wp:attachment":[{"href":"https:\/\/c-o-w.fr\/index.php?rest_route=%2Fwp%2Fv2%2Fmedia&parent=1007"}],"wp:term":[{"taxonomy":"product_cat","embeddable":true,"href":"https:\/\/c-o-w.fr\/index.php?rest_route=%2Fwp%2Fv2%2Fproduct_cat&post=1007"},{"taxonomy":"product_tag","embeddable":true,"href":"https:\/\/c-o-w.fr\/index.php?rest_route=%2Fwp%2Fv2%2Fproduct_tag&post=1007"}],"curies":[{"name":"wp","href":"https:\/\/api.w.org\/{rel}","templated":true}]}}