{"id":4462,"date":"2024-05-24T13:29:38","date_gmt":"2024-05-24T13:29:38","guid":{"rendered":"https:\/\/c-o-w.fr\/?page_id=4462"},"modified":"2024-05-24T15:31:32","modified_gmt":"2024-05-24T15:31:32","slug":"ateliers-de-fabrication","status":"publish","type":"page","link":"https:\/\/c-o-w.fr\/?page_id=4462","title":{"rendered":"Ateliers de fabrication"},"content":{"rendered":"\n<h3 class=\"wp-block-heading\">Fabrication et d\u00e9gustation de fromages<\/h3>\n\n\n\n<div class=\"wp-block-columns is-layout-flex wp-container-core-columns-layout-1 wp-block-columns-is-layout-flex\">\n<div class=\"wp-block-column is-layout-flow wp-block-column-is-layout-flow\">\n<p><em>Entre amis, en famille, avec des coll\u00e8gues ou avec de parfaits inconnus,&nbsp; venez fabriquez trois fromages que vous emporterez, et en d\u00e9guster d\u2019autres avec un bon verre de vin&nbsp;! Privatisation possible \u00e0 partir de 5 personnes, id\u00e9al pour vos team-buildings, enterrements de vie de jeune fille\/gar\u00e7on ou anniversaires.<\/em><\/p>\n\n\n\n<p> Vous aimez le fromage un peu, passionn\u00e9ment ou \u00e0 la folie&nbsp;?<span style=\"mso-spacerun:yes\">&nbsp; <\/span>M\u00eame pas du tout&nbsp;mais vous aimez faire des vraies choses avec vos mains&nbsp;? Venez rencontrer les fondus de Cheese of the World (COW), qui vous accueillent au c\u0153ur du quartier Latin pour une exp\u00e9rience conviviale garantie 100% lactose&nbsp;!<\/p>\n\n\n\n<p>Au menu&nbsp;: <em>panem et circenses<\/em>\u2026 <em>et caseus<\/em>&nbsp;! Dans une ambiance conviviale et ludique et apr\u00e8s une collation d\u2019accueil, vous apprendrez \u00e0 fabriquer trois fromages diff\u00e9rents, que vous ram\u00e8nerez fi\u00e8rement \u00e0 la maison, avec les recettes et des moules&nbsp;: tout pour transformer votre cuisine en micro-laiterie.<\/p>\n\n\n\n<p>Faire des fromages c\u2019est &#8211; tr\u00e8s &#8211; sympa mais les manger c\u2019est &#8211; au moins &#8211; aussi bien&nbsp;! Le programme pr\u00e9voit donc une d\u00e9gustation de vos fromages tout frais, agr\u00e9ment\u00e9s au sein de notre \u00e9picerie fine, et de trois excellents fromages issus des caves de COW, d\u2018ici et d\u2019ailleurs, accompagn\u00e9s d\u2019un verre de vin ou de jus de fruit. Le tout guid\u00e9 par un fromager passionn\u00e9 et passionnant qui vous accompagnera tout au long de l\u2019atelier.<\/p>\n<\/div>\n\n\n\n<div class=\"wp-block-column is-layout-flow wp-block-column-is-layout-flow\">\t<div data-slick=\"{&quot;autoplay&quot;:true,&quot;fade&quot;:false,&quot;infinite&quot;:true,&quot;arrows&quot;:true,&quot;prevArrow&quot;:&quot;&lt;button type=\\&quot;button\\&quot; class=\\&quot;yith-slider-nav slide-prev style-1\\&quot;&gt;Previous&lt;\\\/button&gt;&quot;,&quot;nextArrow&quot;:&quot;&lt;button type=\\&quot;button\\&quot; class=\\&quot;yith-slider-nav slide-next style-1\\&quot;&gt;Next&lt;\\\/button&gt;&quot;,&quot;centerMode&quot;:false,&quot;dots&quot;:true,&quot;dotsClass&quot;:&quot;yith-slider-dots style-1&quot;,&quot;autoplaySpeed&quot;:&quot;3000&quot;,&quot;rtl&quot;:false}\" class=\"yith-slider boxed container yith-slider-4464\" style=\"height: 550px; background-color: ; \">\n\t\t\t\t\t<div class=\"yith-slider-slide slide-id-4472 slick-slide\" style=\"background-color: ; \">\n\t\t\t\t<style type=\"text\/css\"> .slide-id-4472 .slide-container { max-width: 1540px;}<\/style>\t\t\t\t<div class=\"slide-container\">\n\t\t\t\t\t<div class=\"wp-block-image\">\n<figure class=\"aligncenter size-full is-resized\"><img loading=\"lazy\" decoding=\"async\" width=\"683\" height=\"1024\" src=\"https:\/\/c-o-w.fr\/wp-content\/uploads\/2024\/05\/accueil-cafe.jpg\" alt=\"\" class=\"wp-image-4465\" style=\"width:auto;height:500px\" srcset=\"https:\/\/c-o-w.fr\/wp-content\/uploads\/2024\/05\/accueil-cafe.jpg 683w, https:\/\/c-o-w.fr\/wp-content\/uploads\/2024\/05\/accueil-cafe-200x300.jpg 200w, https:\/\/c-o-w.fr\/wp-content\/uploads\/2024\/05\/accueil-cafe-600x900.jpg 600w\" sizes=\"(max-width: 683px) 100vw, 683px\" \/><\/figure><\/div>\t\t\t\t<\/div>\n\t\t\t<\/div>\n\t\t\t\t\t\t<div class=\"yith-slider-slide slide-id-4473 slick-slide\" style=\"background-color: ; \">\n\t\t\t\t<style type=\"text\/css\"> .slide-id-4473 .slide-container { max-width: 1540px;}<\/style>\t\t\t\t<div class=\"slide-container\">\n\t\t\t\t\t<div class=\"wp-block-image\">\n<figure class=\"aligncenter size-full is-resized\"><img loading=\"lazy\" decoding=\"async\" width=\"683\" height=\"1024\" src=\"https:\/\/c-o-w.fr\/wp-content\/uploads\/2024\/05\/brassage.jpg\" alt=\"\" class=\"wp-image-4466\" style=\"width:auto;height:500px\" srcset=\"https:\/\/c-o-w.fr\/wp-content\/uploads\/2024\/05\/brassage.jpg 683w, https:\/\/c-o-w.fr\/wp-content\/uploads\/2024\/05\/brassage-200x300.jpg 200w, https:\/\/c-o-w.fr\/wp-content\/uploads\/2024\/05\/brassage-600x900.jpg 600w\" sizes=\"(max-width: 683px) 100vw, 683px\" \/><\/figure><\/div>\t\t\t\t<\/div>\n\t\t\t<\/div>\n\t\t\t\t\t\t<div class=\"yith-slider-slide slide-id-4474 slick-slide\" style=\"background-color: ; \">\n\t\t\t\t<style type=\"text\/css\"> .slide-id-4474 .slide-container { max-width: 1540px;}<\/style>\t\t\t\t<div class=\"slide-container\">\n\t\t\t\t\t<div class=\"wp-block-image\">\n<figure class=\"aligncenter size-full is-resized\"><img loading=\"lazy\" decoding=\"async\" width=\"683\" height=\"1024\" src=\"https:\/\/c-o-w.fr\/wp-content\/uploads\/2024\/05\/cafe.jpg\" alt=\"\" class=\"wp-image-4467\" style=\"width:auto;height:500px\" srcset=\"https:\/\/c-o-w.fr\/wp-content\/uploads\/2024\/05\/cafe.jpg 683w, https:\/\/c-o-w.fr\/wp-content\/uploads\/2024\/05\/cafe-200x300.jpg 200w, https:\/\/c-o-w.fr\/wp-content\/uploads\/2024\/05\/cafe-600x900.jpg 600w\" sizes=\"(max-width: 683px) 100vw, 683px\" \/><\/figure><\/div>\t\t\t\t<\/div>\n\t\t\t<\/div>\n\t\t\t\t\t\t<div class=\"yith-slider-slide slide-id-4475 slick-slide\" style=\"background-color: ; \">\n\t\t\t\t<style type=\"text\/css\"> .slide-id-4475 .slide-container { max-width: 1540px;}<\/style>\t\t\t\t<div class=\"slide-container\">\n\t\t\t\t\t<div class=\"wp-block-image\">\n<figure class=\"aligncenter size-full is-resized\"><img loading=\"lazy\" decoding=\"async\" width=\"683\" height=\"1024\" src=\"https:\/\/c-o-w.fr\/wp-content\/uploads\/2024\/05\/caillage-2.jpg\" alt=\"\" class=\"wp-image-4468\" style=\"width:auto;height:500px\" srcset=\"https:\/\/c-o-w.fr\/wp-content\/uploads\/2024\/05\/caillage-2.jpg 683w, https:\/\/c-o-w.fr\/wp-content\/uploads\/2024\/05\/caillage-2-200x300.jpg 200w, https:\/\/c-o-w.fr\/wp-content\/uploads\/2024\/05\/caillage-2-600x900.jpg 600w\" sizes=\"(max-width: 683px) 100vw, 683px\" \/><\/figure><\/div>\t\t\t\t<\/div>\n\t\t\t<\/div>\n\t\t\t\t\t\t<div class=\"yith-slider-slide slide-id-4476 slick-slide\" style=\"background-color: ; \">\n\t\t\t\t<style type=\"text\/css\"> .slide-id-4476 .slide-container { max-width: 1540px;}<\/style>\t\t\t\t<div class=\"slide-container\">\n\t\t\t\t\t<div class=\"wp-block-image\">\n<figure class=\"aligncenter size-full is-resized\"><img loading=\"lazy\" decoding=\"async\" width=\"683\" height=\"1024\" src=\"https:\/\/c-o-w.fr\/wp-content\/uploads\/2024\/05\/caillage.jpg\" alt=\"\" class=\"wp-image-4469\" style=\"width:auto;height:500px\" srcset=\"https:\/\/c-o-w.fr\/wp-content\/uploads\/2024\/05\/caillage.jpg 683w, https:\/\/c-o-w.fr\/wp-content\/uploads\/2024\/05\/caillage-200x300.jpg 200w, https:\/\/c-o-w.fr\/wp-content\/uploads\/2024\/05\/caillage-600x900.jpg 600w\" sizes=\"(max-width: 683px) 100vw, 683px\" \/><\/figure><\/div>\t\t\t\t<\/div>\n\t\t\t<\/div>\n\t\t\t\t\t\t<div class=\"yith-slider-slide slide-id-4477 slick-slide\" style=\"background-color: ; \">\n\t\t\t\t<style type=\"text\/css\"> .slide-id-4477 .slide-container { max-width: 1540px;}<\/style>\t\t\t\t<div class=\"slide-container\">\n\t\t\t\t\t<div class=\"wp-block-image\">\n<figure class=\"aligncenter size-full is-resized\"><img loading=\"lazy\" decoding=\"async\" width=\"683\" height=\"1024\" src=\"https:\/\/c-o-w.fr\/wp-content\/uploads\/2024\/05\/faisselle.jpg\" alt=\"\" class=\"wp-image-4470\" style=\"width:auto;height:500px\" srcset=\"https:\/\/c-o-w.fr\/wp-content\/uploads\/2024\/05\/faisselle.jpg 683w, https:\/\/c-o-w.fr\/wp-content\/uploads\/2024\/05\/faisselle-200x300.jpg 200w, https:\/\/c-o-w.fr\/wp-content\/uploads\/2024\/05\/faisselle-600x900.jpg 600w\" sizes=\"(max-width: 683px) 100vw, 683px\" \/><\/figure><\/div>\t\t\t\t<\/div>\n\t\t\t<\/div>\n\t\t\t\t\t\t<div class=\"yith-slider-slide slide-id-4478 slick-slide\" style=\"background-color: ; \">\n\t\t\t\t<style type=\"text\/css\"> .slide-id-4478 .slide-container { max-width: 1540px;}<\/style>\t\t\t\t<div class=\"slide-container\">\n\t\t\t\t\t<div class=\"wp-block-image\">\n<figure class=\"aligncenter size-full is-resized\"><img loading=\"lazy\" decoding=\"async\" width=\"683\" height=\"1024\" src=\"https:\/\/c-o-w.fr\/wp-content\/uploads\/2024\/05\/halloumi.jpg\" alt=\"\" class=\"wp-image-4471\" style=\"width:auto;height:500px\" srcset=\"https:\/\/c-o-w.fr\/wp-content\/uploads\/2024\/05\/halloumi.jpg 683w, https:\/\/c-o-w.fr\/wp-content\/uploads\/2024\/05\/halloumi-200x300.jpg 200w, https:\/\/c-o-w.fr\/wp-content\/uploads\/2024\/05\/halloumi-600x900.jpg 600w\" sizes=\"(max-width: 683px) 100vw, 683px\" \/><\/figure><\/div>\t\t\t\t<\/div>\n\t\t\t<\/div>\n\t\t\t\t<\/div>\n\t\t\t<script>\n\t\t\tjQuery( function( $ ) {\n\t\t\t\t\t$('.yith-slider-4464').slick();\n\t\t\t\t});\n\t\t<\/script>\n\t\t\n<\/div>\n<\/div>\n\n\n\n<h2 class=\"wp-block-heading has-text-align-center has-yith-proteo-editor-custom-color-6-color has-text-color has-link-color wp-elements-30415f32d6279cb96af931b9d61fa557\">Infos pratiques<\/h2>\n\n\n\n<div class=\"wp-block-columns is-layout-flex wp-container-core-columns-layout-4 wp-block-columns-is-layout-flex\">\n<div class=\"wp-block-column is-layout-flow wp-block-column-is-layout-flow\">\n<div class=\"wp-block-columns is-layout-flex wp-container-core-columns-layout-2 wp-block-columns-is-layout-flex\">\n<div class=\"wp-block-column is-layout-flow wp-block-column-is-layout-flow\"><div class=\"wp-block-image\">\n<figure class=\"aligncenter size-full\"><img loading=\"lazy\" decoding=\"async\" width=\"116\" height=\"116\" src=\"https:\/\/c-o-w.fr\/wp-content\/uploads\/2024\/05\/pictos_ateliers_cow7.png\" alt=\"\" class=\"wp-image-4458\"\/><\/figure><\/div>\n\n\n<p class=\"has-text-align-center\">Lieu : Fromagerie <em>Cheese of the Word<\/em>, 30 bd St-Germain, Paris 5\u00e8me.<\/p>\n<\/div>\n\n\n\n<div class=\"wp-block-column is-layout-flow wp-block-column-is-layout-flow\"><div class=\"wp-block-image\">\n<figure class=\"aligncenter size-full\"><img loading=\"lazy\" decoding=\"async\" width=\"116\" height=\"116\" src=\"https:\/\/c-o-w.fr\/wp-content\/uploads\/2024\/05\/pictos_ateliers_cow3.png\" alt=\"\" class=\"wp-image-4454\"\/><\/figure><\/div>\n\n\n<p class=\"has-text-align-center\">Dur\u00e9e&nbsp;: 3h30, avec un fromager passionn\u00e9 et passionnant.<\/p>\n<\/div>\n<\/div>\n<\/div>\n\n\n\n<div class=\"wp-block-column is-layout-flow wp-block-column-is-layout-flow\">\n<div class=\"wp-block-columns is-layout-flex wp-container-core-columns-layout-3 wp-block-columns-is-layout-flex\">\n<div class=\"wp-block-column is-layout-flow wp-block-column-is-layout-flow\"><div class=\"wp-block-image\">\n<figure class=\"aligncenter size-full\"><img loading=\"lazy\" decoding=\"async\" width=\"116\" height=\"116\" src=\"https:\/\/c-o-w.fr\/wp-content\/uploads\/2024\/05\/pictos_ateliers_cow1.png\" alt=\"\" class=\"wp-image-4452\"\/><\/figure><\/div>\n\n\n<p class=\"has-text-align-center\">Nombre de participants&nbsp;: de 4 \u00e0 8 personnes<\/p>\n<\/div>\n\n\n\n<div class=\"wp-block-column is-layout-flow wp-block-column-is-layout-flow\"><div class=\"wp-block-image\">\n<figure class=\"aligncenter size-full\"><img loading=\"lazy\" decoding=\"async\" width=\"116\" height=\"116\" src=\"https:\/\/c-o-w.fr\/wp-content\/uploads\/2024\/05\/pictos_ateliers_cow5.png\" alt=\"\" class=\"wp-image-4456\"\/><\/figure><\/div>\n\n\n<p class=\"has-text-align-center\">Prix&nbsp;: 80 euros TTC<\/p>\n<\/div>\n<\/div>\n<\/div>\n<\/div>\n\n\n\n<div class=\"wp-block-columns is-layout-flex wp-container-core-columns-layout-7 wp-block-columns-is-layout-flex\">\n<div class=\"wp-block-column is-layout-flow wp-block-column-is-layout-flow\">\n<div class=\"wp-block-columns is-layout-flex wp-container-core-columns-layout-5 wp-block-columns-is-layout-flex\">\n<div class=\"wp-block-column is-layout-flow wp-block-column-is-layout-flow\"><\/div>\n\n\n\n<div class=\"wp-block-column is-layout-flow wp-block-column-is-layout-flow\"><div class=\"wp-block-image\">\n<figure class=\"aligncenter size-full\"><img loading=\"lazy\" decoding=\"async\" width=\"116\" height=\"116\" src=\"https:\/\/c-o-w.fr\/wp-content\/uploads\/2024\/05\/pictos_ateliers_cow8.png\" alt=\"\" class=\"wp-image-4459\"\/><\/figure><\/div>\n\n\n<p class=\"has-text-align-center\">R\u00e9alisations : 3 fromages (un fromage frais, un fromage fil\u00e9 et une tomme blanche) ramen\u00e9s \u00e0 la maison.<\/p>\n<\/div>\n<\/div>\n<\/div>\n\n\n\n<div class=\"wp-block-column is-layout-flow wp-block-column-is-layout-flow\">\n<div class=\"wp-block-columns is-layout-flex wp-container-core-columns-layout-6 wp-block-columns-is-layout-flex\">\n<div class=\"wp-block-column is-layout-flow wp-block-column-is-layout-flow\"><div class=\"wp-block-image\">\n<figure class=\"aligncenter size-full\"><img loading=\"lazy\" decoding=\"async\" width=\"116\" height=\"116\" src=\"https:\/\/c-o-w.fr\/wp-content\/uploads\/2024\/05\/pictos_ateliers_cow6.png\" alt=\"\" class=\"wp-image-4457\"\/><\/figure><\/div>\n\n\n<p class=\"has-text-align-center\">Au menu : caf\u00e9\/th\u00e9, jus de fruit et collation d\u2019accueil, d\u00e9gustation de fromages (150g par personne, portion ap\u00e9ritif dinatoire) et un verre de vin.<\/p>\n<\/div>\n\n\n\n<div class=\"wp-block-column is-layout-flow wp-block-column-is-layout-flow\"><\/div>\n<\/div>\n<\/div>\n<\/div>\n\n\n\n<h2 class=\"wp-block-heading has-text-align-center has-yith-proteo-editor-custom-color-6-color has-text-color has-link-color wp-elements-77001af8d01eae797aef243e50bf730e\">R\u00e9server<\/h2>\n\n\n\n<p class=\"has-text-align-center has-medium-font-size\"><strong><a href=\"https:\/\/my.weezevent.com\/atelier-de-fabrication-de-fromages?_gl=1*bfeabt*_gcl_au*NjE2MTQxOTE3LjE3MTI1OTA5MzA.*_ga*MTY1NjI2OTc5LjE2OTY5NDg3MjA.*_ga_39H9VBFX7G*MTcxNTc1ODQwMi4xMDMuMS4xNzE1NzYwMTIyLjU3LjAuMA\" target=\"_blank\" rel=\"noreferrer noopener\">R\u00e9servez votre atelier de fabrication en cliquant ici<\/a><\/strong><\/p>\n\n\n\n<h2 class=\"wp-block-heading has-text-align-center has-yith-proteo-editor-custom-color-6-color has-text-color has-link-color wp-elements-5ea284646300d637b90fd9147c95d498\">Contact<\/h2>\n\n\n\n<p class=\"has-text-align-center\">Adresse mail : <a href=\"mailto:thomas@c-o-w.fr\">thomas@c-o-w.fr<\/a><\/p>\n\n\n\n<p class=\"has-text-align-center\">T\u00e9l\u00e9phone : 06 17 69 13 59<\/p>\n\n\n\n<p class=\"has-text-align-center\">Instagram :<a href=\"https:\/\/www.instagram.com\/cow_fr\/\" target=\"_blank\" rel=\"noreferrer noopener\"> https:\/\/www.instagram.com\/cow_fr\/<\/a><\/p>\n\n\n\n<p class=\"has-text-align-center\">Facebook : <a href=\"https:\/\/www.facebook.com\/FromagerieCOW\/\" target=\"_blank\" rel=\"noreferrer noopener\">https:\/\/www.facebook.com\/FromagerieCOW\/<\/a><\/p>\n","protected":false},"excerpt":{"rendered":"<p>Fabrication et d\u00e9gustation de fromages Entre amis, en famille, avec des coll\u00e8gues ou avec de parfaits inconnus,&nbsp; venez fabriquez trois fromages que vous emporterez, et en d\u00e9guster d\u2019autres avec un bon verre de vin&nbsp;! Privatisation possible \u00e0 partir de 5 personnes, id\u00e9al pour vos team-buildings, enterrements de vie de jeune fille\/gar\u00e7on ou anniversaires. Vous aimez<a class=\"more-link\" href=\"https:\/\/c-o-w.fr\/?page_id=4462\">Read more  &#10230;<\/a><\/p>\n","protected":false},"author":1,"featured_media":0,"parent":0,"menu_order":0,"comment_status":"closed","ping_status":"closed","template":"","meta":{"footnotes":""},"jetpack_sharing_enabled":true,"_links":{"self":[{"href":"https:\/\/c-o-w.fr\/index.php?rest_route=\/wp\/v2\/pages\/4462"}],"collection":[{"href":"https:\/\/c-o-w.fr\/index.php?rest_route=\/wp\/v2\/pages"}],"about":[{"href":"https:\/\/c-o-w.fr\/index.php?rest_route=\/wp\/v2\/types\/page"}],"author":[{"embeddable":true,"href":"https:\/\/c-o-w.fr\/index.php?rest_route=\/wp\/v2\/users\/1"}],"replies":[{"embeddable":true,"href":"https:\/\/c-o-w.fr\/index.php?rest_route=%2Fwp%2Fv2%2Fcomments&post=4462"}],"version-history":[{"count":4,"href":"https:\/\/c-o-w.fr\/index.php?rest_route=\/wp\/v2\/pages\/4462\/revisions"}],"predecessor-version":[{"id":4523,"href":"https:\/\/c-o-w.fr\/index.php?rest_route=\/wp\/v2\/pages\/4462\/revisions\/4523"}],"wp:attachment":[{"href":"https:\/\/c-o-w.fr\/index.php?rest_route=%2Fwp%2Fv2%2Fmedia&parent=4462"}],"curies":[{"name":"wp","href":"https:\/\/api.w.org\/{rel}","templated":true}]}}