{"id":4442,"date":"2024-05-24T13:26:04","date_gmt":"2024-05-24T13:26:04","guid":{"rendered":"https:\/\/c-o-w.fr\/?page_id=4442"},"modified":"2024-05-24T15:27:53","modified_gmt":"2024-05-24T15:27:53","slug":"ateliers-de-conception-de-plateaux","status":"publish","type":"page","link":"https:\/\/c-o-w.fr\/?page_id=4442","title":{"rendered":"Ateliers de conception de plateaux"},"content":{"rendered":"\n<div class=\"wp-block-columns is-layout-flex wp-container-core-columns-layout-1 wp-block-columns-is-layout-flex\">\n<div class=\"wp-block-column is-layout-flow wp-block-column-is-layout-flow\">\n<h3 class=\"wp-block-heading\"><strong>Vous aimez le fromage<\/strong>?&nbsp;<\/h3>\n\n\n\n<p>Les <strong>fondus de <\/strong><strong><em>Cheese<\/em><\/strong><strong><em> of the World <\/em><\/strong>vous accueillent au c\u0153ur du <strong>quartier Latin <\/strong>pour un <strong>atelier de d\u00e9coupe et de cr\u00e9ation de votre plateau de fromage<\/strong>, \u00e0 emporter chez vous ou \u00e0 apporter \u00e0 des amis, selon l\u2019occasion.<\/p>\n\n\n\n<p>Guid\u00e9s par nos <strong>experts fromagers, <\/strong>vous apprendrez <strong>l\u2019art de la d\u00e9coupe et de la pr\u00e9sentation <\/strong>du fromage.<\/p>\n\n\n\n<p><\/p>\n<\/div>\n\n\n\n<div class=\"wp-block-column is-layout-flow wp-block-column-is-layout-flow\">\n<figure class=\"wp-block-gallery has-nested-images columns-default is-cropped wp-block-gallery-1 is-layout-flex wp-block-gallery-is-layout-flex\">\n<figure class=\"wp-block-image size-large\"><img loading=\"lazy\" decoding=\"async\" width=\"683\" height=\"1024\" src=\"https:\/\/c-o-w.fr\/wp-content\/uploads\/2024\/05\/Image2-1-683x1024.png\" alt=\"\" class=\"wp-image-4443\" srcset=\"https:\/\/c-o-w.fr\/wp-content\/uploads\/2024\/05\/Image2-1-683x1024.png 683w, https:\/\/c-o-w.fr\/wp-content\/uploads\/2024\/05\/Image2-1-200x300.png 200w, https:\/\/c-o-w.fr\/wp-content\/uploads\/2024\/05\/Image2-1-768x1152.png 768w, https:\/\/c-o-w.fr\/wp-content\/uploads\/2024\/05\/Image2-1-1024x1536.png 1024w, https:\/\/c-o-w.fr\/wp-content\/uploads\/2024\/05\/Image2-1-1365x2048.png 1365w, https:\/\/c-o-w.fr\/wp-content\/uploads\/2024\/05\/Image2-1-1920x2880.png 1920w, https:\/\/c-o-w.fr\/wp-content\/uploads\/2024\/05\/Image2-1-600x900.png 600w\" sizes=\"(max-width: 683px) 100vw, 683px\" \/><\/figure>\n\n\n\n<figure class=\"wp-block-image size-large\"><img loading=\"lazy\" decoding=\"async\" width=\"683\" height=\"1024\" src=\"https:\/\/c-o-w.fr\/wp-content\/uploads\/2024\/05\/Image1-683x1024.png\" alt=\"\" class=\"wp-image-4444\" srcset=\"https:\/\/c-o-w.fr\/wp-content\/uploads\/2024\/05\/Image1-683x1024.png 683w, https:\/\/c-o-w.fr\/wp-content\/uploads\/2024\/05\/Image1-200x300.png 200w, https:\/\/c-o-w.fr\/wp-content\/uploads\/2024\/05\/Image1-768x1152.png 768w, https:\/\/c-o-w.fr\/wp-content\/uploads\/2024\/05\/Image1-1024x1536.png 1024w, https:\/\/c-o-w.fr\/wp-content\/uploads\/2024\/05\/Image1-1365x2048.png 1365w, https:\/\/c-o-w.fr\/wp-content\/uploads\/2024\/05\/Image1-1920x2880.png 1920w, https:\/\/c-o-w.fr\/wp-content\/uploads\/2024\/05\/Image1-600x900.png 600w\" sizes=\"(max-width: 683px) 100vw, 683px\" \/><\/figure>\n<\/figure>\n<\/div>\n<\/div>\n\n\n\n<div class=\"wp-block-columns is-layout-flex wp-container-core-columns-layout-2 wp-block-columns-is-layout-flex\">\n<div class=\"wp-block-column is-layout-flow wp-block-column-is-layout-flow\">\n<figure class=\"wp-block-image size-large\"><img loading=\"lazy\" decoding=\"async\" width=\"1024\" height=\"683\" src=\"https:\/\/c-o-w.fr\/wp-content\/uploads\/2024\/05\/Image3-1024x683.png\" alt=\"\" class=\"wp-image-4450\" srcset=\"https:\/\/c-o-w.fr\/wp-content\/uploads\/2024\/05\/Image3-1024x683.png 1024w, https:\/\/c-o-w.fr\/wp-content\/uploads\/2024\/05\/Image3-300x200.png 300w, https:\/\/c-o-w.fr\/wp-content\/uploads\/2024\/05\/Image3-768x512.png 768w, https:\/\/c-o-w.fr\/wp-content\/uploads\/2024\/05\/Image3-1536x1024.png 1536w, https:\/\/c-o-w.fr\/wp-content\/uploads\/2024\/05\/Image3-2048x1365.png 2048w, https:\/\/c-o-w.fr\/wp-content\/uploads\/2024\/05\/Image3-1920x1280.png 1920w, https:\/\/c-o-w.fr\/wp-content\/uploads\/2024\/05\/Image3-600x400.png 600w\" sizes=\"(max-width: 1024px) 100vw, 1024px\" \/><\/figure>\n<\/div>\n\n\n\n<div class=\"wp-block-column is-layout-flow wp-block-column-is-layout-flow\">\n<h3 class=\"wp-block-heading\"><strong>Le principe<\/strong><\/h3>\n\n\n\n<p>Vous disposez de trois fromages de saison impos\u00e9s et vous en choisissez un autre dans la gamme de COW.<\/p>\n\n\n\n<p>Guid\u00e9 par un membre de l\u2019\u00e9quipe, vous r\u00e9alisez les d\u00e9coupes du fromage, la composition et la d\u00e9coration du plateau.<\/p>\n\n\n\n<p>Ce beau travail est r\u00e9compens\u00e9 par un verre de jus de fruit artisanal et le plus beau plateau du mois remporte une place \u00e0 notre atelier de fabrication !<\/p>\n<\/div>\n<\/div>\n\n\n\n<h2 class=\"wp-block-heading has-text-align-center\">A vous de faire mieux !<\/h2>\n\n\n\n<div class=\"wp-block-group is-layout-constrained wp-block-group-is-layout-constrained\"><div class=\"wp-block-group__inner-container\">\n<div class=\"wp-block-columns is-layout-flex wp-container-core-columns-layout-3 wp-block-columns-is-layout-flex\">\n<div class=\"wp-block-column is-layout-flow wp-block-column-is-layout-flow\">\n<figure class=\"wp-block-image size-full\"><img loading=\"lazy\" decoding=\"async\" width=\"740\" height=\"417\" src=\"https:\/\/c-o-w.fr\/wp-content\/uploads\/2024\/05\/fromages-dici_v2.png\" alt=\"\" class=\"wp-image-4449\" srcset=\"https:\/\/c-o-w.fr\/wp-content\/uploads\/2024\/05\/fromages-dici_v2.png 740w, https:\/\/c-o-w.fr\/wp-content\/uploads\/2024\/05\/fromages-dici_v2-300x169.png 300w, https:\/\/c-o-w.fr\/wp-content\/uploads\/2024\/05\/fromages-dici_v2-600x338.png 600w\" sizes=\"(max-width: 740px) 100vw, 740px\" \/><\/figure>\n\n\n\n<p><em>Fromages d\u2019ici (Qu\u00e9bec)<\/em><\/p>\n\n\n\n<figure class=\"wp-block-image size-full\"><img loading=\"lazy\" decoding=\"async\" width=\"740\" height=\"417\" src=\"https:\/\/c-o-w.fr\/wp-content\/uploads\/2024\/05\/charlicot-1_v3.png\" alt=\"\" class=\"wp-image-4445\" srcset=\"https:\/\/c-o-w.fr\/wp-content\/uploads\/2024\/05\/charlicot-1_v3.png 740w, https:\/\/c-o-w.fr\/wp-content\/uploads\/2024\/05\/charlicot-1_v3-300x169.png 300w, https:\/\/c-o-w.fr\/wp-content\/uploads\/2024\/05\/charlicot-1_v3-600x338.png 600w\" sizes=\"(max-width: 740px) 100vw, 740px\" \/><\/figure>\n\n\n\n<p><em>Charlicot (Paris 11\u00e8)<\/em><\/p>\n<\/div>\n\n\n\n<div class=\"wp-block-column is-layout-flow wp-block-column-is-layout-flow\">\n<figure class=\"wp-block-image size-full\"><img loading=\"lazy\" decoding=\"async\" width=\"740\" height=\"417\" src=\"https:\/\/c-o-w.fr\/wp-content\/uploads\/2024\/05\/fromagerie_janin_plateau_v2.png\" alt=\"\" class=\"wp-image-4448\" srcset=\"https:\/\/c-o-w.fr\/wp-content\/uploads\/2024\/05\/fromagerie_janin_plateau_v2.png 740w, https:\/\/c-o-w.fr\/wp-content\/uploads\/2024\/05\/fromagerie_janin_plateau_v2-300x169.png 300w, https:\/\/c-o-w.fr\/wp-content\/uploads\/2024\/05\/fromagerie_janin_plateau_v2-600x338.png 600w\" sizes=\"(max-width: 740px) 100vw, 740px\" \/><\/figure>\n\n\n\n<p><em>Marc Janin (MOF)? Champagnole (39)<\/em><\/p>\n\n\n\n<figure class=\"wp-block-image size-full\"><img loading=\"lazy\" decoding=\"async\" width=\"740\" height=\"417\" src=\"https:\/\/c-o-w.fr\/wp-content\/uploads\/2024\/05\/charlicot-2_v2.png\" alt=\"\" class=\"wp-image-4446\" srcset=\"https:\/\/c-o-w.fr\/wp-content\/uploads\/2024\/05\/charlicot-2_v2.png 740w, https:\/\/c-o-w.fr\/wp-content\/uploads\/2024\/05\/charlicot-2_v2-300x169.png 300w, https:\/\/c-o-w.fr\/wp-content\/uploads\/2024\/05\/charlicot-2_v2-600x338.png 600w\" sizes=\"(max-width: 740px) 100vw, 740px\" \/><\/figure>\n\n\n\n<p><em>Charlicot (Paris 11\u00e8)<\/em><\/p>\n<\/div>\n\n\n\n<div class=\"wp-block-column is-layout-flow wp-block-column-is-layout-flow\">\n<figure class=\"wp-block-image size-full\"><img loading=\"lazy\" decoding=\"async\" width=\"864\" height=\"486\" src=\"https:\/\/c-o-w.fr\/wp-content\/uploads\/2024\/05\/JF-DUbois.jpg\" alt=\"\" class=\"wp-image-4451\" srcset=\"https:\/\/c-o-w.fr\/wp-content\/uploads\/2024\/05\/JF-DUbois.jpg 864w, https:\/\/c-o-w.fr\/wp-content\/uploads\/2024\/05\/JF-DUbois-300x169.jpg 300w, https:\/\/c-o-w.fr\/wp-content\/uploads\/2024\/05\/JF-DUbois-768x432.jpg 768w, https:\/\/c-o-w.fr\/wp-content\/uploads\/2024\/05\/JF-DUbois-600x338.jpg 600w\" sizes=\"(max-width: 864px) 100vw, 864px\" \/><\/figure>\n\n\n\n<p><em>Jean-Fran\u00e7ois Dubois, La Finarde : Arras (62)<\/em><\/p>\n\n\n\n<figure class=\"wp-block-image size-full\"><img loading=\"lazy\" decoding=\"async\" width=\"740\" height=\"417\" src=\"https:\/\/c-o-w.fr\/wp-content\/uploads\/2024\/05\/charlicot-3_v2.png\" alt=\"\" class=\"wp-image-4447\" srcset=\"https:\/\/c-o-w.fr\/wp-content\/uploads\/2024\/05\/charlicot-3_v2.png 740w, https:\/\/c-o-w.fr\/wp-content\/uploads\/2024\/05\/charlicot-3_v2-300x169.png 300w, https:\/\/c-o-w.fr\/wp-content\/uploads\/2024\/05\/charlicot-3_v2-600x338.png 600w\" sizes=\"(max-width: 740px) 100vw, 740px\" \/><\/figure>\n\n\n\n<p><em>Charlicot (Paris 11\u00e8)<\/em><\/p>\n<\/div>\n<\/div>\n<\/div><\/div>\n\n\n\n<h2 class=\"wp-block-heading has-text-align-center\">Infos pratiques<\/h2>\n\n\n\n<div class=\"wp-block-columns is-layout-flex wp-container-core-columns-layout-6 wp-block-columns-is-layout-flex\">\n<div class=\"wp-block-column is-layout-flow wp-block-column-is-layout-flow\">\n<div class=\"wp-block-columns is-layout-flex wp-container-core-columns-layout-4 wp-block-columns-is-layout-flex\">\n<div class=\"wp-block-column is-layout-flow wp-block-column-is-layout-flow\"><div class=\"wp-block-image\">\n<figure class=\"aligncenter size-full\"><img loading=\"lazy\" decoding=\"async\" width=\"116\" height=\"116\" src=\"https:\/\/c-o-w.fr\/wp-content\/uploads\/2024\/05\/pictos_ateliers_cow7.png\" alt=\"\" class=\"wp-image-4458\"\/><\/figure><\/div>\n\n\n<p class=\"has-text-align-center\">Fromagerie COW<br>30 Bd St-Germain<br>Paris 5\u00e8me<\/p>\n<\/div>\n\n\n\n<div class=\"wp-block-column is-layout-flow wp-block-column-is-layout-flow\"><div class=\"wp-block-image\">\n<figure class=\"aligncenter size-full\"><img loading=\"lazy\" decoding=\"async\" width=\"116\" height=\"116\" src=\"https:\/\/c-o-w.fr\/wp-content\/uploads\/2024\/05\/pictos_ateliers_cow2.png\" alt=\"\" class=\"wp-image-4453\"\/><\/figure><\/div>\n\n\n<p class=\"has-text-align-center\">Du mardi au samedi<br>14h30- 15h30<br>16h30-17h30<\/p>\n<\/div>\n<\/div>\n<\/div>\n\n\n\n<div class=\"wp-block-column is-layout-flow wp-block-column-is-layout-flow\">\n<div class=\"wp-block-columns is-layout-flex wp-container-core-columns-layout-5 wp-block-columns-is-layout-flex\">\n<div class=\"wp-block-column is-layout-flow wp-block-column-is-layout-flow\"><div class=\"wp-block-image\">\n<figure class=\"aligncenter size-full\"><img loading=\"lazy\" decoding=\"async\" width=\"116\" height=\"116\" src=\"https:\/\/c-o-w.fr\/wp-content\/uploads\/2024\/05\/pictos_ateliers_cow1.png\" alt=\"\" class=\"wp-image-4452\"\/><\/figure><\/div>\n\n\n<p class=\"has-text-align-center\">De 1 \u00e0 4 personnes<\/p>\n<\/div>\n\n\n\n<div class=\"wp-block-column is-layout-flow wp-block-column-is-layout-flow\"><div class=\"wp-block-image\">\n<figure class=\"aligncenter size-full\"><img loading=\"lazy\" decoding=\"async\" width=\"116\" height=\"116\" src=\"https:\/\/c-o-w.fr\/wp-content\/uploads\/2024\/05\/pictos_ateliers_cow3.png\" alt=\"\" class=\"wp-image-4454\"\/><\/figure><\/div>\n\n\n<p class=\"has-text-align-center\">Dur\u00e9e : 1h00<\/p>\n<\/div>\n<\/div>\n<\/div>\n<\/div>\n\n\n\n<div class=\"wp-block-columns is-layout-flex wp-container-core-columns-layout-9 wp-block-columns-is-layout-flex\">\n<div class=\"wp-block-column is-layout-flow wp-block-column-is-layout-flow\">\n<div class=\"wp-block-columns is-layout-flex wp-container-core-columns-layout-7 wp-block-columns-is-layout-flex\">\n<div class=\"wp-block-column is-layout-flow wp-block-column-is-layout-flow\"><div class=\"wp-block-image\">\n<figure class=\"aligncenter size-full\"><img loading=\"lazy\" decoding=\"async\" width=\"116\" height=\"116\" src=\"https:\/\/c-o-w.fr\/wp-content\/uploads\/2024\/05\/pictos_ateliers_cow5.png\" alt=\"\" class=\"wp-image-4456\"\/><\/figure><\/div>\n\n\n<p class=\"has-text-align-center\">Par plateau et artiste : 50 \u20ac TTC<br>(+10\u20ac par personne suppl\u00e9mentaire)<\/p>\n<\/div>\n\n\n\n<div class=\"wp-block-column is-layout-flow wp-block-column-is-layout-flow\"><div class=\"wp-block-image\">\n<figure class=\"aligncenter size-full\"><img loading=\"lazy\" decoding=\"async\" width=\"116\" height=\"116\" src=\"https:\/\/c-o-w.fr\/wp-content\/uploads\/2024\/05\/pictos_ateliers_cow6.png\" alt=\"\" class=\"wp-image-4457\"\/><\/figure><\/div>\n\n\n<p class=\"has-text-align-center\">Collation (jus de fruit ou limonade)<br>D\u00e9gustation des fromages utilis\u00e9s<\/p>\n<\/div>\n<\/div>\n<\/div>\n\n\n\n<div class=\"wp-block-column is-layout-flow wp-block-column-is-layout-flow\">\n<div class=\"wp-block-columns is-layout-flex wp-container-core-columns-layout-8 wp-block-columns-is-layout-flex\">\n<div class=\"wp-block-column is-layout-flow wp-block-column-is-layout-flow\"><div class=\"wp-block-image\">\n<figure class=\"aligncenter size-full\"><img loading=\"lazy\" decoding=\"async\" width=\"116\" height=\"116\" src=\"https:\/\/c-o-w.fr\/wp-content\/uploads\/2024\/05\/pictos_ateliers_cow8.png\" alt=\"\" class=\"wp-image-4459\"\/><\/figure><\/div>\n\n\n<p class=\"has-text-align-center\">Plateau : 4 fromages, 4\/6 pers. en fin de repas ou 2\/3 pers. pour un buffet ap\u00e9ritif (env. 500\/600g au total)<br>D\u00e9corations, \u00e9tiquettes, p\u00e2te de coing etc<\/p>\n<\/div>\n\n\n\n<div class=\"wp-block-column is-layout-flow wp-block-column-is-layout-flow\"><div class=\"wp-block-image\">\n<figure class=\"aligncenter size-full\"><img loading=\"lazy\" decoding=\"async\" width=\"116\" height=\"116\" src=\"https:\/\/c-o-w.fr\/wp-content\/uploads\/2024\/05\/pictos_ateliers_cow4.png\" alt=\"\" class=\"wp-image-4455\"\/><\/figure><\/div>\n\n\n<p class=\"has-text-align-center\">Repartez avec :<br>Votre (magnifique) plateau<br>La ma\u00eetrise des techniques de d\u00e9coupe et d\u2019assortiment<\/p>\n<\/div>\n<\/div>\n<\/div>\n<\/div>\n\n\n\n<h2 class=\"wp-block-heading has-text-align-center has-yith-proteo-editor-custom-color-6-color has-text-color has-link-color wp-elements-77001af8d01eae797aef243e50bf730e\">R\u00e9server<\/h2>\n\n\n\n<p class=\"has-text-align-center has-medium-font-size\"><strong><a href=\"https:\/\/my.weezevent.com\/atelier-de-conception-de-plateaux-de-fromages?_gl=1*1nk2v6c*_gcl_au*NjE2MTQxOTE3LjE3MTI1OTA5MzA.*_ga*MTY1NjI2OTc5LjE2OTY5NDg3MjA.*_ga_39H9VBFX7G*MTcxNTc1ODQwMi4xMDMuMS4xNzE1NzYwODQ0LjU0LjAuMA\" target=\"_blank\" rel=\"noreferrer noopener\">R\u00e9servez votre atelier de fabrication en cliquant ici<\/a><\/strong><\/p>\n\n\n\n<h2 class=\"wp-block-heading has-text-align-center has-yith-proteo-editor-custom-color-6-color has-text-color has-link-color wp-elements-5ea284646300d637b90fd9147c95d498\">Contact<\/h2>\n\n\n\n<div class=\"wp-block-columns is-layout-flex wp-container-core-columns-layout-10 wp-block-columns-is-layout-flex\">\n<div class=\"wp-block-column is-layout-flow wp-block-column-is-layout-flow\"><\/div>\n\n\n\n<div class=\"wp-block-column is-layout-flow wp-block-column-is-layout-flow\">\n<p class=\"has-text-align-center\">Thomas Roby<\/p>\n\n\n\n<p class=\"has-text-align-center\">Adresse mail : <a href=\"mailto:thomas@c-o-w.fr\">thomas@c-o-w.fr<\/a><\/p>\n\n\n\n<p class=\"has-text-align-center\">T\u00e9l\u00e9phone : 06 17 69 13 59<\/p>\n<\/div>\n\n\n\n<div class=\"wp-block-column is-layout-flow wp-block-column-is-layout-flow\"><\/div>\n<\/div>\n","protected":false},"excerpt":{"rendered":"<p>Vous aimez le fromage?&nbsp; Les fondus de Cheese of the World vous accueillent au c\u0153ur du quartier Latin pour un atelier de d\u00e9coupe et de cr\u00e9ation de votre plateau de fromage, \u00e0 emporter chez vous ou \u00e0 apporter \u00e0 des amis, selon l\u2019occasion. Guid\u00e9s par nos experts fromagers, vous apprendrez l\u2019art de la d\u00e9coupe et<a class=\"more-link\" href=\"https:\/\/c-o-w.fr\/?page_id=4442\">Read more  &#10230;<\/a><\/p>\n","protected":false},"author":1,"featured_media":0,"parent":0,"menu_order":0,"comment_status":"closed","ping_status":"closed","template":"","meta":{"footnotes":""},"jetpack_sharing_enabled":true,"_links":{"self":[{"href":"https:\/\/c-o-w.fr\/index.php?rest_route=\/wp\/v2\/pages\/4442"}],"collection":[{"href":"https:\/\/c-o-w.fr\/index.php?rest_route=\/wp\/v2\/pages"}],"about":[{"href":"https:\/\/c-o-w.fr\/index.php?rest_route=\/wp\/v2\/types\/page"}],"author":[{"embeddable":true,"href":"https:\/\/c-o-w.fr\/index.php?rest_route=\/wp\/v2\/users\/1"}],"replies":[{"embeddable":true,"href":"https:\/\/c-o-w.fr\/index.php?rest_route=%2Fwp%2Fv2%2Fcomments&post=4442"}],"version-history":[{"count":4,"href":"https:\/\/c-o-w.fr\/index.php?rest_route=\/wp\/v2\/pages\/4442\/revisions"}],"predecessor-version":[{"id":4520,"href":"https:\/\/c-o-w.fr\/index.php?rest_route=\/wp\/v2\/pages\/4442\/revisions\/4520"}],"wp:attachment":[{"href":"https:\/\/c-o-w.fr\/index.php?rest_route=%2Fwp%2Fv2%2Fmedia&parent=4442"}],"curies":[{"name":"wp","href":"https:\/\/api.w.org\/{rel}","templated":true}]}}