{"id":4384,"date":"2024-05-24T09:49:31","date_gmt":"2024-05-24T09:49:31","guid":{"rendered":"https:\/\/c-o-w.fr\/?page_id=4384"},"modified":"2024-05-24T15:30:32","modified_gmt":"2024-05-24T15:30:32","slug":"box-aperitif","status":"publish","type":"page","link":"https:\/\/c-o-w.fr\/?page_id=4384","title":{"rendered":"Box ap\u00e9ritif"},"content":{"rendered":"\n<div class=\"wp-block-columns is-layout-flex wp-container-core-columns-layout-1 wp-block-columns-is-layout-flex\">\n<div class=\"wp-block-column is-layout-flow wp-block-column-is-layout-flow\" style=\"flex-basis:25%\"><\/div>\n\n\n\n<div class=\"wp-block-column is-layout-flow wp-block-column-is-layout-flow\" style=\"flex-basis:50%\">\n<p class=\"has-medium-font-size\">Vous aimez les bonnes choses\u00a0? Nous aussi\u00a0! Nous vous avons pr\u00e9par\u00e9 une jolie BOX avec tout ce qui faut dedans pour vous \u00e9viter de courir les magasins.<\/p>\n\n\n\n<p class=\"has-medium-font-size\">Notre n\u00e9cessaire \u00e0 ap\u00e9ritif tout-en-un pour 4 personnes comprend : fromage frais aromatis\u00e9 \u00e0 tartiner, fait maison (250g), un paquet de crackers, deux fromages affin\u00e9s pr\u00e9d\u00e9coup\u00e9s (env. 250g), un assortiment de charcuterie et de saucisson tranch\u00e9 (80g ).<\/p>\n\n\n\n<p class=\"has-medium-font-size\">Et pour faire passer tout ca, de quoi satisfaire tous les gosiers&nbsp;: jus de pomme, cidre, vin, champagne au choix<\/p>\n\n\n\n<h2 class=\"wp-block-heading has-text-align-center\">Tarifs<\/h2>\n\n\n\n<ul>\n<li class=\"has-medium-font-size\">Box + jus de pomme&nbsp;: 30\u20ac<\/li>\n\n\n\n<li class=\"has-medium-font-size\">Box + cidre&nbsp;: 35\u20ac<\/li>\n\n\n\n<li class=\"has-medium-font-size\">Box + vin rouge&nbsp;: 45\u20ac<\/li>\n\n\n\n<li class=\"has-medium-font-size\">Box + vin blanc&nbsp;: 45\u20ac<\/li>\n\n\n\n<li class=\"has-medium-font-size\">Box + vin ros\u00e9&nbsp;: 40\u20ac<\/li>\n\n\n\n<li class=\"has-medium-font-size\">Box + champagne&nbsp;: 70\u20ac<\/li>\n<\/ul>\n<\/div>\n\n\n\n<div class=\"wp-block-column is-layout-flow wp-block-column-is-layout-flow\" style=\"flex-basis:25%\"><\/div>\n<\/div>\n\n\n\n<p><\/p>\n","protected":false},"excerpt":{"rendered":"<p>Vous aimez les bonnes choses\u00a0? Nous aussi\u00a0! Nous vous avons pr\u00e9par\u00e9 une jolie BOX avec tout ce qui faut dedans pour vous \u00e9viter de courir les magasins. Notre n\u00e9cessaire \u00e0 ap\u00e9ritif tout-en-un pour 4 personnes comprend : fromage frais aromatis\u00e9 \u00e0 tartiner, fait maison (250g), un paquet de crackers, deux fromages affin\u00e9s pr\u00e9d\u00e9coup\u00e9s (env. 250g),<a class=\"more-link\" href=\"https:\/\/c-o-w.fr\/?page_id=4384\">Read more  &#10230;<\/a><\/p>\n","protected":false},"author":1,"featured_media":0,"parent":0,"menu_order":0,"comment_status":"closed","ping_status":"closed","template":"","meta":{"footnotes":""},"jetpack_sharing_enabled":true,"_links":{"self":[{"href":"https:\/\/c-o-w.fr\/index.php?rest_route=\/wp\/v2\/pages\/4384"}],"collection":[{"href":"https:\/\/c-o-w.fr\/index.php?rest_route=\/wp\/v2\/pages"}],"about":[{"href":"https:\/\/c-o-w.fr\/index.php?rest_route=\/wp\/v2\/types\/page"}],"author":[{"embeddable":true,"href":"https:\/\/c-o-w.fr\/index.php?rest_route=\/wp\/v2\/users\/1"}],"replies":[{"embeddable":true,"href":"https:\/\/c-o-w.fr\/index.php?rest_route=%2Fwp%2Fv2%2Fcomments&post=4384"}],"version-history":[{"count":4,"href":"https:\/\/c-o-w.fr\/index.php?rest_route=\/wp\/v2\/pages\/4384\/revisions"}],"predecessor-version":[{"id":4522,"href":"https:\/\/c-o-w.fr\/index.php?rest_route=\/wp\/v2\/pages\/4384\/revisions\/4522"}],"wp:attachment":[{"href":"https:\/\/c-o-w.fr\/index.php?rest_route=%2Fwp%2Fv2%2Fmedia&parent=4384"}],"curies":[{"name":"wp","href":"https:\/\/api.w.org\/{rel}","templated":true}]}}