{"id":4382,"date":"2024-05-24T09:49:17","date_gmt":"2024-05-24T09:49:17","guid":{"rendered":"https:\/\/c-o-w.fr\/?page_id=4382"},"modified":"2024-05-24T15:26:12","modified_gmt":"2024-05-24T15:26:12","slug":"degustations-guidees","status":"publish","type":"page","link":"https:\/\/c-o-w.fr\/?page_id=4382","title":{"rendered":"D\u00e9gustations guid\u00e9es"},"content":{"rendered":"\n<h2 class=\"wp-block-heading\">Fromage, Vins et Champagnes<\/h2>\n\n\n\n<div class=\"wp-block-columns is-layout-flex wp-container-core-columns-layout-1 wp-block-columns-is-layout-flex\">\n<div class=\"wp-block-column has-medium-font-size is-layout-flow wp-block-column-is-layout-flow\">\n<p>Vous aimez le fromage&nbsp;? Venez en d\u00e9guster du &#8211; tr\u00e8s &#8211; bon&nbsp;!<\/p>\n\n\n\n<p>Nous vous concocterons une s\u00e9lection de fromages d\u2019ici ou d\u2019ailleurs, affin\u00e9s par nos soins, qui ravirons vos sens. Pour satisfaire votre curiosit\u00e9, la d\u00e9gustation est guid\u00e9e par un fromager passionn\u00e9 et passionnant qui vous fera voyager en Lactosie dans une ambiance d\u00e9tendue et conviviale.<\/p>\n\n\n\n<p>Deux bonnes heures pass\u00e9es en saine compagnie et o\u00f9 vous ferez bonne ch\u00e8re :<\/p>\n\n\n\n<ul>\n<li>S\u00e9lection de 6 fromages &#8211; 250g par personne<\/li>\n\n\n\n<li>Pain en cons\u00e9quence<\/li>\n\n\n\n<li>Salade ou quiche v\u00e9g\u00e9tarienne faite maison<\/li>\n\n\n\n<li>Si vous avez encore faim, yaourt ou dessert maison<\/li>\n<\/ul>\n\n\n\n<p>\u00c9videment, \u00e7a donne soif\u2026 et donne un parfait pr\u00e9texte pour tester des accords surprenants, en fonction de la s\u00e9lection du moment. <\/p>\n\n\n\n<p>Au programme&nbsp;:<\/p>\n\n\n\n<ul>\n<li>&nbsp;un verre de champagne des maisons Gonet ou Lassale,<\/li>\n\n\n\n<li>&nbsp;deux verres de vins, s\u00e9lectionn\u00e9s aupr\u00e8s de nos cavistes partenaire (<a href=\"https:\/\/www.ratafiaparis.fr\/\">Accueil | Ratafia Paris 11<\/a>),<\/li>\n\n\n\n<li>jus de fruit fermier propos\u00e9 en alternative.<\/li>\n<\/ul>\n\n\n\n<p>Un esprit sain dans un corps sain dit le dicton&nbsp;! On s\u2019occupe \u00e9galement de votre t\u00eate avec des jeux, quizz etc. pour apprendre en s\u2019amusant. En plus, il y a un lot \u00e0 gagner pour le(s) vainqueur(s).<\/p>\n\n\n\n<ul>\n<li>Lieu&nbsp;: Cheese of the word, 30 boulevard Saint-Germain, Paris 5\u00e8me<\/li>\n\n\n\n<li>Dur\u00e9e : 2h\/2h30<\/li>\n\n\n\n<li>Produit : D\u00e9gustation 6 fromages \/ Vins et champagne<\/li>\n\n\n\n<li>Accompagnement v\u00e9g\u00e9tal et dessert<\/li>\n\n\n\n<li>Animation et jeux durant la d\u00e9gustation avec lot pour le ou les vainqueurs<\/li>\n\n\n\n<li>Tarifs&nbsp;:<ul><li>70\u20ac pour la formule avec accord vin\/champagne<\/li><\/ul>\n<ul>\n<li>55\u20ac sans alcool<\/li>\n<\/ul>\n<\/li>\n<\/ul>\n\n\n\n<p>Privatisable et personnalisable \u00e0 partir de 4 personnes, sur le cr\u00e9neau de votre choix.<\/p>\n\n\n\n<p>Nous pouvons \u00e9galement organiser l\u2019\u00e9v\u00e8nement dans vos locaux.<\/p>\n\n\n\n<h3 class=\"wp-block-heading\"><a href=\"https:\/\/my.weezevent.com\/degustation-guidee-fromages-vins-et-champagne?_gl=1*124drg0*_gcl_au*NjE2MTQxOTE3LjE3MTI1OTA5MzA.*_ga*MTY1NjI2OTc5LjE2OTY5NDg3MjA.*_ga_39H9VBFX7G*MTcxNTc1ODQwMi4xMDMuMS4xNzE1NzYwNTY4LjE0LjAuMA\" target=\"_blank\" rel=\"noreferrer noopener\">R\u00e9server<\/a><\/h3>\n\n\n\n<h2 class=\"wp-block-heading\">Contact<\/h2>\n\n\n\n<p>Thomas Roby<\/p>\n\n\n\n<p>Adresse mail : <a href=\"mailto:thomas@c-o-w.fr\">thomas@c-o-w.fr<\/a><\/p>\n\n\n\n<p>T\u00e9l\u00e9phone : 06 17 69 13 59<\/p>\n<\/div>\n\n\n\n<div class=\"wp-block-column is-layout-flow wp-block-column-is-layout-flow\">\n<figure class=\"wp-block-image size-large\"><img loading=\"lazy\" decoding=\"async\" width=\"683\" height=\"1024\" src=\"https:\/\/c-o-w.fr\/wp-content\/uploads\/2024\/05\/degustation-fromage-1-683x1024.jpg\" alt=\"\" class=\"wp-image-4491\" srcset=\"https:\/\/c-o-w.fr\/wp-content\/uploads\/2024\/05\/degustation-fromage-1-683x1024.jpg 683w, https:\/\/c-o-w.fr\/wp-content\/uploads\/2024\/05\/degustation-fromage-1-200x300.jpg 200w, https:\/\/c-o-w.fr\/wp-content\/uploads\/2024\/05\/degustation-fromage-1-768x1151.jpg 768w, https:\/\/c-o-w.fr\/wp-content\/uploads\/2024\/05\/degustation-fromage-1-1025x1536.jpg 1025w, https:\/\/c-o-w.fr\/wp-content\/uploads\/2024\/05\/degustation-fromage-1-1366x2048.jpg 1366w, https:\/\/c-o-w.fr\/wp-content\/uploads\/2024\/05\/degustation-fromage-1-600x899.jpg 600w, https:\/\/c-o-w.fr\/wp-content\/uploads\/2024\/05\/degustation-fromage-1.jpg 1576w\" sizes=\"(max-width: 683px) 100vw, 683px\" \/><\/figure>\n<\/div>\n<\/div>\n","protected":false},"excerpt":{"rendered":"<p>Fromage, Vins et Champagnes Vous aimez le fromage&nbsp;? Venez en d\u00e9guster du &#8211; tr\u00e8s &#8211; bon&nbsp;! Nous vous concocterons une s\u00e9lection de fromages d\u2019ici ou d\u2019ailleurs, affin\u00e9s par nos soins, qui ravirons vos sens. Pour satisfaire votre curiosit\u00e9, la d\u00e9gustation est guid\u00e9e par un fromager passionn\u00e9 et passionnant qui vous fera voyager en Lactosie dans<a class=\"more-link\" href=\"https:\/\/c-o-w.fr\/?page_id=4382\">Read more  &#10230;<\/a><\/p>\n","protected":false},"author":1,"featured_media":0,"parent":0,"menu_order":0,"comment_status":"closed","ping_status":"closed","template":"","meta":{"footnotes":""},"jetpack_sharing_enabled":true,"_links":{"self":[{"href":"https:\/\/c-o-w.fr\/index.php?rest_route=\/wp\/v2\/pages\/4382"}],"collection":[{"href":"https:\/\/c-o-w.fr\/index.php?rest_route=\/wp\/v2\/pages"}],"about":[{"href":"https:\/\/c-o-w.fr\/index.php?rest_route=\/wp\/v2\/types\/page"}],"author":[{"embeddable":true,"href":"https:\/\/c-o-w.fr\/index.php?rest_route=\/wp\/v2\/users\/1"}],"replies":[{"embeddable":true,"href":"https:\/\/c-o-w.fr\/index.php?rest_route=%2Fwp%2Fv2%2Fcomments&post=4382"}],"version-history":[{"count":4,"href":"https:\/\/c-o-w.fr\/index.php?rest_route=\/wp\/v2\/pages\/4382\/revisions"}],"predecessor-version":[{"id":4518,"href":"https:\/\/c-o-w.fr\/index.php?rest_route=\/wp\/v2\/pages\/4382\/revisions\/4518"}],"wp:attachment":[{"href":"https:\/\/c-o-w.fr\/index.php?rest_route=%2Fwp%2Fv2%2Fmedia&parent=4382"}],"curies":[{"name":"wp","href":"https:\/\/api.w.org\/{rel}","templated":true}]}}