{"id":4380,"date":"2024-05-24T09:49:03","date_gmt":"2024-05-24T09:49:03","guid":{"rendered":"https:\/\/c-o-w.fr\/?page_id=4380"},"modified":"2024-05-24T11:56:15","modified_gmt":"2024-05-24T11:56:15","slug":"plateaux-et-buffets","status":"publish","type":"page","link":"https:\/\/c-o-w.fr\/?page_id=4380","title":{"rendered":"Plateaux et buffets"},"content":{"rendered":"\n<div class=\"wp-block-columns is-layout-flex wp-container-core-columns-layout-1 wp-block-columns-is-layout-flex\">\n<div class=\"wp-block-column is-layout-flow wp-block-column-is-layout-flow\" style=\"flex-basis:25%\"><\/div>\n\n\n\n<div class=\"wp-block-column is-layout-flow wp-block-column-is-layout-flow\" style=\"flex-basis:50%\">\n<p class=\"has-text-align-center has-medium-font-size\">Ap\u00e9ro entre amis, diner de famille, anniversaire, mariage ou divorce, toutes les occasions sont bonnes pour partager un joli et bon plateau&nbsp;! <\/p>\n\n\n\n<p class=\"has-text-align-center has-medium-font-size\">Nous pouvons vous proposer un assortiment personnalis\u00e9 de fromage et\/ou de charcuteries artisanaux, joliment dress\u00e9 sur plateau et m\u00eame vous le livrer.<\/p>\n<\/div>\n\n\n\n<div class=\"wp-block-column is-layout-flow wp-block-column-is-layout-flow\" style=\"flex-basis:25%\"><\/div>\n\n\n\n<div class=\"wp-block-column is-layout-flow wp-block-column-is-layout-flow\"><\/div>\n\n\n\n<div class=\"wp-block-column is-layout-flow wp-block-column-is-layout-flow\"><\/div>\n<\/div>\n\n\n\n<h2 class=\"wp-block-heading has-text-align-center\"><strong>Tarifs<\/strong><\/h2>\n\n\n\n<div class=\"wp-block-columns is-layout-flex wp-container-core-columns-layout-2 wp-block-columns-is-layout-flex\">\n<div class=\"wp-block-column is-layout-flow wp-block-column-is-layout-flow\" style=\"flex-basis:25%\"><\/div>\n\n\n\n<div class=\"wp-block-column is-layout-flow wp-block-column-is-layout-flow\" style=\"flex-basis:50%\">\n<ul>\n<li class=\"has-medium-font-size\">45\u20ac le plateau de fromage pour 6 personnes (120g\/pers, format ap\u00e9ritif dinatoire)<\/li>\n\n\n\n<li class=\"has-medium-font-size\">65\u20ac le plateau de fromage pour 10 personnes<\/li>\n\n\n\n<li class=\"has-medium-font-size\">4\u20ac\/personne pour un assortiment de charcuterie (80g\/pers)<\/li>\n\n\n\n<li class=\"has-medium-font-size\">5\u20ac Paris intramuros et 8\u20ac Paris petite couronne<\/li>\n<\/ul>\n<\/div>\n\n\n\n<div class=\"wp-block-column is-layout-flow wp-block-column-is-layout-flow\" style=\"flex-basis:25%\"><\/div>\n\n\n\n<div class=\"wp-block-column is-layout-flow wp-block-column-is-layout-flow\"><\/div>\n\n\n\n<div class=\"wp-block-column is-layout-flow wp-block-column-is-layout-flow\"><\/div>\n<\/div>\n\n\n\n<div class=\"wp-block-buttons is-content-justification-center is-layout-flex wp-container-core-buttons-layout-1 wp-block-buttons-is-layout-flex\">\n<div class=\"wp-block-button is-style-outline\"><a class=\"wp-block-button__link has-yith-proteo-editor-custom-color-6-color has-yith-proteo-editor-custom-color-2-background-color has-text-color has-background has-link-color wp-element-button\" href=\"https:\/\/c-o-w.fr\/?page_id=4394\" target=\"_blank\" rel=\"noreferrer noopener\">Commander un plateau<\/a><\/div>\n<\/div>\n\n\n\n<div class=\"wp-block-columns is-layout-flex wp-container-core-columns-layout-3 wp-block-columns-is-layout-flex\">\n<div class=\"wp-block-column is-layout-flow wp-block-column-is-layout-flow\" style=\"flex-basis:25%\"><\/div>\n\n\n\n<div class=\"wp-block-column is-layout-flow wp-block-column-is-layout-flow\" style=\"flex-basis:50%\">\n<p class=\"has-text-align-center has-medium-font-size\">Nous pouvons \u00e9galement vous proposer nos propositions sal\u00e9es et sucr\u00e9es faites maison par notre partenaire COBO si vous souhaitez une prestation traiteur int\u00e9gr\u00e9e.<\/p>\n<\/div>\n\n\n\n<div class=\"wp-block-column is-layout-flow wp-block-column-is-layout-flow\" style=\"flex-basis:25%\"><\/div>\n\n\n\n<div class=\"wp-block-column is-layout-flow wp-block-column-is-layout-flow\"><\/div>\n\n\n\n<div class=\"wp-block-column is-layout-flow wp-block-column-is-layout-flow\"><\/div>\n<\/div>\n\n\n\n<h2 class=\"wp-block-heading has-text-align-center\">Contact<\/h2>\n\n\n\n<div class=\"wp-block-columns is-layout-flex wp-container-core-columns-layout-4 wp-block-columns-is-layout-flex\">\n<div class=\"wp-block-column is-layout-flow wp-block-column-is-layout-flow\" style=\"flex-basis:25%\"><\/div>\n\n\n\n<div class=\"wp-block-column is-layout-flow wp-block-column-is-layout-flow\" style=\"flex-basis:50%\">\n<p class=\"has-text-align-center\">Adresse mail : <a href=\"mailto:thomas@c-o-w.fr\">thomas@c-o-w.fr<\/a><\/p>\n\n\n\n<p class=\"has-text-align-center\">T\u00e9l\u00e9phone : 06 17 69 13 59<\/p>\n\n\n\n<p class=\"has-text-align-center\">Instagram :<a href=\"https:\/\/www.instagram.com\/cow_fr\/\" target=\"_blank\" rel=\"noreferrer noopener\"> https:\/\/www.instagram.com\/cow_fr\/<\/a><\/p>\n\n\n\n<p class=\"has-text-align-center\">Facebook : <a href=\"https:\/\/www.facebook.com\/FromagerieCOW\/\" target=\"_blank\" rel=\"noreferrer noopener\">https:\/\/www.facebook.com\/FromagerieCOW\/<\/a><\/p>\n<\/div>\n\n\n\n<div class=\"wp-block-column is-layout-flow wp-block-column-is-layout-flow\" style=\"flex-basis:25%\"><\/div>\n\n\n\n<div class=\"wp-block-column is-layout-flow wp-block-column-is-layout-flow\"><\/div>\n\n\n\n<div class=\"wp-block-column is-layout-flow wp-block-column-is-layout-flow\"><\/div>\n<\/div>\n","protected":false},"excerpt":{"rendered":"<p>Ap\u00e9ro entre amis, diner de famille, anniversaire, mariage ou divorce, toutes les occasions sont bonnes pour partager un joli et bon plateau&nbsp;! Nous pouvons vous proposer un assortiment personnalis\u00e9 de fromage et\/ou de charcuteries artisanaux, joliment dress\u00e9 sur plateau et m\u00eame vous le livrer. Tarifs Nous pouvons \u00e9galement vous proposer nos propositions sal\u00e9es et sucr\u00e9es<a class=\"more-link\" href=\"https:\/\/c-o-w.fr\/?page_id=4380\">Read more  &#10230;<\/a><\/p>\n","protected":false},"author":1,"featured_media":0,"parent":0,"menu_order":0,"comment_status":"closed","ping_status":"closed","template":"","meta":{"footnotes":""},"jetpack_sharing_enabled":true,"_links":{"self":[{"href":"https:\/\/c-o-w.fr\/index.php?rest_route=\/wp\/v2\/pages\/4380"}],"collection":[{"href":"https:\/\/c-o-w.fr\/index.php?rest_route=\/wp\/v2\/pages"}],"about":[{"href":"https:\/\/c-o-w.fr\/index.php?rest_route=\/wp\/v2\/types\/page"}],"author":[{"embeddable":true,"href":"https:\/\/c-o-w.fr\/index.php?rest_route=\/wp\/v2\/users\/1"}],"replies":[{"embeddable":true,"href":"https:\/\/c-o-w.fr\/index.php?rest_route=%2Fwp%2Fv2%2Fcomments&post=4380"}],"version-history":[{"count":4,"href":"https:\/\/c-o-w.fr\/index.php?rest_route=\/wp\/v2\/pages\/4380\/revisions"}],"predecessor-version":[{"id":4420,"href":"https:\/\/c-o-w.fr\/index.php?rest_route=\/wp\/v2\/pages\/4380\/revisions\/4420"}],"wp:attachment":[{"href":"https:\/\/c-o-w.fr\/index.php?rest_route=%2Fwp%2Fv2%2Fmedia&parent=4380"}],"curies":[{"name":"wp","href":"https:\/\/api.w.org\/{rel}","templated":true}]}}