{"id":4378,"date":"2024-05-24T09:48:51","date_gmt":"2024-05-24T09:48:51","guid":{"rendered":"https:\/\/c-o-w.fr\/?page_id=4378"},"modified":"2024-05-24T10:04:53","modified_gmt":"2024-05-24T10:04:53","slug":"repas-fromage","status":"publish","type":"page","link":"https:\/\/c-o-w.fr\/?page_id=4378","title":{"rendered":"Repas fromage"},"content":{"rendered":"\n<h2 class=\"wp-block-heading has-text-align-center\">Organisez votre soir\u00e9e raclette \/ fondue <br> \u00e0 la fromagerie COW !<\/h2>\n\n\n<div class=\"wp-block-image\">\n<figure class=\"aligncenter size-full\"><img loading=\"lazy\" decoding=\"async\" width=\"788\" height=\"229\" src=\"https:\/\/c-o-w.fr\/wp-content\/uploads\/2024\/05\/Image2.png\" alt=\"\" class=\"wp-image-4387\" srcset=\"https:\/\/c-o-w.fr\/wp-content\/uploads\/2024\/05\/Image2.png 788w, https:\/\/c-o-w.fr\/wp-content\/uploads\/2024\/05\/Image2-300x87.png 300w, https:\/\/c-o-w.fr\/wp-content\/uploads\/2024\/05\/Image2-768x223.png 768w, https:\/\/c-o-w.fr\/wp-content\/uploads\/2024\/05\/Image2-600x174.png 600w\" sizes=\"(max-width: 788px) 100vw, 788px\" \/><\/figure><\/div>\n\n\n<p class=\"has-text-align-center has-medium-font-size\">Venez avec vos copains, on fournit le reste ! <br> Ni vaisselle, ni odeurs \u00e0 la maison ! <br> Animations propos\u00e9e au cours du repas.<\/p>\n\n\n\n<h2 class=\"wp-block-heading has-text-align-center\"><strong>Formule tout compris \u00e0 60\u20ac \/ pers. incluant :<\/strong><\/h2>\n\n\n\n<div class=\"wp-block-columns is-layout-flex wp-container-core-columns-layout-1 wp-block-columns-is-layout-flex\">\n<div class=\"wp-block-column is-layout-flow wp-block-column-is-layout-flow\" style=\"flex-basis:25%\"><\/div>\n\n\n\n<div class=\"wp-block-column is-layout-flow wp-block-column-is-layout-flow\" style=\"flex-basis:50%\">\n<ul>\n<li class=\"has-medium-font-size\">Champagne en ap\u00e9ritif<\/li>\n\n\n\n<li class=\"has-medium-font-size\">G\u00e9n\u00e9reux plateaux de raclettes ou fondue (250g\/p et de charcuterie (100g\/p)<\/li>\n\n\n\n<li class=\"has-medium-font-size\">Pommes de terre fondantes, pains, cornichons<\/li>\n\n\n\n<li class=\"has-medium-font-size\">\u00bd bouteille de vin par personne<\/li>\n\n\n\n<li class=\"has-medium-font-size\">Animations durant le repas par un fromager passionn\u00e9 et passionnant<\/li>\n<\/ul>\n<\/div>\n\n\n\n<div class=\"wp-block-column is-layout-flow wp-block-column-is-layout-flow\" style=\"flex-basis:25%\"><\/div>\n<\/div>\n\n\n\n<h2 class=\"wp-block-heading has-text-align-center\"><strong>A partir de 6 personnes \u2013 jusqu\u2019\u00e0 12 convives<\/strong><\/h2>\n\n\n\n<p class=\"has-text-align-center has-medium-font-size\">J\u2019EN VEUX !!!!<br>Comment on fait ? <br>On se manifeste !<\/p>\n\n\n\n<h2 class=\"wp-block-heading has-text-align-center\"><strong><strong>R\u00e9servation<\/strong><\/strong><\/h2>\n\n\n\n<p class=\"has-text-align-center\">Adresse mail : <strong><a href=\"mailto:thomas@c-o-w.fr\">thomas@c-o-w.fr<\/a> <br><\/strong> T\u00e9l\u00e9phone : <strong>06 17 69 13 59<\/strong><\/p>\n","protected":false},"excerpt":{"rendered":"<p>Organisez votre soir\u00e9e raclette \/ fondue \u00e0 la fromagerie COW ! Venez avec vos copains, on fournit le reste ! Ni vaisselle, ni odeurs \u00e0 la maison ! Animations propos\u00e9e au cours du repas. Formule tout compris \u00e0 60\u20ac \/ pers. incluant : A partir de 6 personnes \u2013 jusqu\u2019\u00e0 12 convives J\u2019EN VEUX !!!!Comment<a class=\"more-link\" href=\"https:\/\/c-o-w.fr\/?page_id=4378\">Read more  &#10230;<\/a><\/p>\n","protected":false},"author":1,"featured_media":0,"parent":0,"menu_order":0,"comment_status":"closed","ping_status":"closed","template":"","meta":{"footnotes":""},"jetpack_sharing_enabled":true,"_links":{"self":[{"href":"https:\/\/c-o-w.fr\/index.php?rest_route=\/wp\/v2\/pages\/4378"}],"collection":[{"href":"https:\/\/c-o-w.fr\/index.php?rest_route=\/wp\/v2\/pages"}],"about":[{"href":"https:\/\/c-o-w.fr\/index.php?rest_route=\/wp\/v2\/types\/page"}],"author":[{"embeddable":true,"href":"https:\/\/c-o-w.fr\/index.php?rest_route=\/wp\/v2\/users\/1"}],"replies":[{"embeddable":true,"href":"https:\/\/c-o-w.fr\/index.php?rest_route=%2Fwp%2Fv2%2Fcomments&post=4378"}],"version-history":[{"count":2,"href":"https:\/\/c-o-w.fr\/index.php?rest_route=\/wp\/v2\/pages\/4378\/revisions"}],"predecessor-version":[{"id":4388,"href":"https:\/\/c-o-w.fr\/index.php?rest_route=\/wp\/v2\/pages\/4378\/revisions\/4388"}],"wp:attachment":[{"href":"https:\/\/c-o-w.fr\/index.php?rest_route=%2Fwp%2Fv2%2Fmedia&parent=4378"}],"curies":[{"name":"wp","href":"https:\/\/api.w.org\/{rel}","templated":true}]}}