{"id":3,"date":"2020-06-12T14:31:20","date_gmt":"2020-06-12T14:31:20","guid":{"rendered":"https:\/\/cow.stimdata.tools\/?page_id=3"},"modified":"2021-09-30T10:22:30","modified_gmt":"2021-09-30T10:22:30","slug":"privacy-policy","status":"publish","type":"page","link":"https:\/\/c-o-w.fr\/?page_id=3","title":{"rendered":"Politique de confidentialit\u00e9"},"content":{"rendered":"\n<h2 class=\"wp-block-heading\"><strong>Qui sommes-nous&nbsp;?<\/strong><\/h2>\n\n\n\n<p>L\u2019adresse de notre site est&nbsp;: https:\/\/www.c-o-w.fr\/<\/p>\n\n\n\n<p>La pr\u00e9sente politique de protection des donn\u00e9es personnelles a pour objectif de vous informer sur la mani\u00e8re dont ces donn\u00e9es sont trait\u00e9es par la soci\u00e9t\u00e9 CHEESE(S) OF THE WORLD (soci\u00e9t\u00e9 \u00e0 actions simplifi\u00e9es au capital de 100 000 \u20ac, dont le si\u00e8ge social est situ\u00e9 30 Bvd St-Germain, 75005, Paris, immatricul\u00e9e au registre du commerce et des soci\u00e9t\u00e9s de Paris sous le num\u00e9ro 848 607 610) qui agit en tant que responsable du traitement pour les traitements de donn\u00e9es \u00e0 caract\u00e8re personnel \u00e9voqu\u00e9s dans le pr\u00e9sent document.<\/p>\n\n\n\n<h2 class=\"wp-block-heading\"><strong>Utilisation des donn\u00e9es personnelles collect\u00e9es<\/strong><\/h2>\n\n\n\n<h3 class=\"wp-block-heading\">Commentaires<\/h3>\n\n\n\n<p>Quand vous laissez un commentaire sur notre site, les donn\u00e9es inscrites dans le formulaire de commentaire, mais aussi votre adresse IP et l\u2019agent utilisateur de votre navigateur sont collect\u00e9s pour nous aider \u00e0 la d\u00e9tection des commentaires ind\u00e9sirables. Une cha\u00eene anonymis\u00e9e cr\u00e9\u00e9e \u00e0 partir de votre adresse e-mail (\u00e9galement appel\u00e9e hash) peut \u00eatre envoy\u00e9e au service Gravatar pour v\u00e9rifier si vous utilisez ce dernier. Les clauses de confidentialit\u00e9 du service Gravatar sont disponibles ici&nbsp;: https:\/\/automattic.com\/privacy\/. Apr\u00e8s validation de votre commentaire, votre photo de profil sera visible publiquement \u00e0 cot\u00e9 de votre commentaire.<\/p>\n\n\n\n<h3 class=\"wp-block-heading\"><strong>M\u00e9dias<\/strong><\/h3>\n\n\n\n<p>Si vous t\u00e9l\u00e9versez des images sur le site, nous vous conseillons d\u2019\u00e9viter de t\u00e9l\u00e9verser des images contenant des donn\u00e9es EXIF de coordonn\u00e9es GPS. Les personnes visitant votre site peuvent t\u00e9l\u00e9charger et extraire des donn\u00e9es de localisation depuis ces images.<\/p>\n\n\n\n<h3 class=\"wp-block-heading\">Cat\u00e9gories des donn\u00e9es<\/h3>\n\n\n\n<p>Identit\u00e9 : civilit\u00e9, nom, pr\u00e9nom, adresse, adresse de livraison, num\u00e9ro de t\u00e9l\u00e9phone, adresse \u00e9lectronique, date de naissance, code interne de traitement permettant l\u2019identification du client, donn\u00e9es relatives \u00e0 l\u2019enregistrement sur des listes d\u2019opposition.<\/p>\n\n\n\n<p>Donn\u00e9es relatives aux commandes : num\u00e9ro de la transaction, d\u00e9tail des achats, montant des achats, donn\u00e9es relatives au r\u00e8glement des factures (r\u00e8glements, impay\u00e9s, remises), retour de produits.<\/p>\n\n\n\n<p>Donn\u00e9es relatives aux moyens de paiement : num\u00e9ro de carte bancaire, date de fin de validit\u00e9 de la carte bancaire, cryptogramme visuel (lequel est imm\u00e9diatement effac\u00e9).<\/p>\n\n\n\n<p>Donn\u00e9es n\u00e9cessaires \u00e0 la r\u00e9alisation des actions de fid\u00e9lisation et de prospection : historique des achats.<\/p>\n\n\n\n<h3 class=\"wp-block-heading\">Cookies<\/h3>\n\n\n\n<p>Un cookie est un fichier qui permet d\u2019enregistrer des informations relatives \u00e0 votre navigation (ex. nombres de visites, nombre de pages vues\u2026) afin de vous proposer des services adapt\u00e9s \u00e0 votre terminal (ordinateur, mobile, ou tablette).<\/p>\n\n\n\n<p>Vous pouvez \u00e0 tout moment supprimer les \u00ab cookies \u00bb install\u00e9s sur votre ordinateur, vous opposer \u00e0 l\u2019enregistrement de nouveaux \u00ab cookies \u00bb et recevoir une notification avant l\u2019installation d\u2019un nouveau cookie en configurant votre outil de navigation via les instructions figurant ci-dessous. <\/p>\n\n\n\n<p>Veuillez noter que si vous d\u00e9sinstallez un \u00ab cookie \u00bb ou si vous vous opposez \u00e0 l\u2019installation de \u00ab cookies \u00bb sur votre machine, vous risquez de ne pas \u00eatre en mesure de b\u00e9n\u00e9ficier de certains des services du Site.<\/p>\n\n\n\n<h3 class=\"wp-block-heading\"><strong><strong>Types de cookies<\/strong><\/strong><\/h3>\n\n\n\n<p class=\"has-yith-proteo-editor-custom-color-6-color has-text-color\">CHEESE(S) OF THE WORLD utilise trois types de cookies :<\/p>\n\n\n\n<ul><li>Les cookies de s\u00e9curit\u00e9 permettent de reconna\u00eetre l\u2019appareil (ordinateur, mobile, tablette) avec lequel vous vous connectez.<\/li><li>Les cookies de fonctionnalit\u00e9s et de performance nous permettent de conserver vos pr\u00e9f\u00e9rences (pays, langue\u2026)<\/li><li>Les autres cookies nous permettent de vous proposer vos articles pr\u00e9f\u00e9r\u00e9s au meilleur prix<\/li><\/ul>\n\n\n\n<p>Les cookies m\u00e9morisent le temps de votre visite sur le Site, votre identit\u00e9 (connue gr\u00e2ce \u00e0 son adresse \u00e9lectronique et \u00e0 son mot de passe) et le contenu de votre panier.<\/p>\n\n\n\n<h3 class=\"wp-block-heading\"><strong><strong>Suppression et param\u00e9trage des cookies<\/strong><\/strong><\/h3>\n\n\n\n<p>Vous pouvez vous opposer \u00e0 l\u2019enregistrement des cookies en configurant son navigateur Internet. Il perd alors toute personnalisation du service qui lui est propos\u00e9 sur le Site.<\/p>\n\n\n\n<p>Vous pouvez \u00e0 tout moment choisir de d\u00e9sactiver ces cookies en param\u00e9trant votre navigateur internet.<\/p>\n\n\n\n<p>Nous vous rappelons que le param\u00e9trage est susceptible de modifier vos conditions d\u2019acc\u00e8s \u00e0 nos services n\u00e9cessitant l\u2019utilisation de cookies.<\/p>\n\n\n\n<p>La plupart des navigateurs vous permettent de g\u00e9rer vos cookies pr\u00e9f\u00e9r\u00e9s. Vous pouvez r\u00e9gler votre navigateur pour refuser ou effacer certains cookies. G\u00e9n\u00e9ralement, vous pouvez \u00e9galement g\u00e9rer les technologies similaires de la m\u00eame fa\u00e7on, en utilisant vos navigateurs pr\u00e9f\u00e9r\u00e9s.<\/p>\n\n\n\n<p>Les \u00e9tapes \u00e0 suivre pour d\u00e9sactiver les cookies varient d\u2019un navigateur internet \u00e0 l\u2019autre et sont g\u00e9n\u00e9ralement d\u00e9crites dans la rubrique \u00ab Aide \u00bb. Nous vous invitons \u00e0 en prendre connaissance pour pouvoir ainsi modifier vos souhaits en mati\u00e8re de cookie.<\/p>\n\n\n\n<p>Quand vous acceptez ou vous vous opposez au d\u00e9p\u00f4t de cookies via le site, un cookie est install\u00e9 sur votre navigateur pour stocker votre choix et ainsi ne pas vous solliciter \u00e0 nouveau pendant un certain laps de temps.<\/p>\n\n\n\n<h3 class=\"wp-block-heading\"><strong>Contenu embarqu\u00e9 depuis d\u2019autres sites<\/strong><\/h3>\n\n\n\n<p>Les articles de ce site peuvent inclure des contenus int\u00e9gr\u00e9s (par exemple des vid\u00e9os, images, articles\u2026). Le contenu int\u00e9gr\u00e9 depuis d\u2019autres sites se comporte de la m\u00eame mani\u00e8re que si le visiteur se rendait sur cet autre site.<\/p>\n\n\n\n<p>Ces sites web pourraient collecter des donn\u00e9es sur vous, utiliser des cookies, embarquer des outils de suivis tiers, suivre vos interactions avec ces contenus embarqu\u00e9s si vous disposez d\u2019un compte connect\u00e9 sur leur site web.<\/p>\n\n\n\n<h2 class=\"wp-block-heading\"><strong>Utilisation et transmission de vos donn\u00e9es personnelles<\/strong><\/h2>\n\n\n\n<p>Si vous demandez une r\u00e9initialisation de votre mot de passe, votre adresse IP sera incluse dans l\u2019e-mail de r\u00e9initialisation.<\/p>\n\n\n\n<h2 class=\"wp-block-heading\"><strong>Dur\u00e9es de stockage de vos donn\u00e9es<\/strong><\/h2>\n\n\n\n<p>Conform\u00e9ment \u00e0 la R\u00e9glementation Applicable, vous disposez des droits suivants sur vos Donn\u00e9es \u00e0 Caract\u00e8re Personnel :<\/p>\n\n\n\n<ul><li>Le droit d\u2019acc\u00e8s : vous avez le droit d\u2019obtenir (i) la confirmation que des donn\u00e9es \u00e0 caract\u00e8re personnel vous concernant sont ou ne sont pas trait\u00e9es et, lorsqu\u2019elles le sont, d\u2019obtenir (ii) l\u2019acc\u00e8s auxdites donn\u00e9es et une copie de ces derni\u00e8res.<\/li><li>Le droit de rectification : vous avez le droit d\u2019obtenir la rectification des donn\u00e9es \u00e0 caract\u00e8re personnel vous concernant qui sont inexactes. Vous avez \u00e9galement le droit d\u2019obtenir que les donn\u00e9es \u00e0 caract\u00e8re personnel incompl\u00e8tes soient compl\u00e9t\u00e9es, y compris en fournissant une d\u00e9claration compl\u00e9mentaire.<\/li><li>Le droit \u00e0 l\u2019effacement : Dans certains cas, vous avez le droit d\u2019obtenir l\u2019effacement de vos donn\u00e9es \u00e0 caract\u00e8re personnel. Ce droit n\u2019est cependant pas un droit absolu et la soci\u00e9t\u00e9 CHEESE(S) OF THE WORLD peut avoir des raisons l\u00e9gales ou l\u00e9gitimes de conserver lesdites donn\u00e9es.<\/li><li>Le droit \u00e0 la limitation du traitement : dans certains cas, vous avez le droit d\u2019obtenir la limitation du Traitement de vos donn\u00e9es \u00e0 caract\u00e8re personnel.<\/li><li>Le droit \u00e0 la portabilit\u00e9 : vous avez le droit de recevoir les donn\u00e9es \u00e0 caract\u00e8re personnel vous concernant que vous avez fournies \u00e0 la soci\u00e9t\u00e9 CHEESE(S) OF THE WORLD, dans un format structur\u00e9, couramment utilis\u00e9 et lisible par machine, et vous avez le droit de transmettre ces Donn\u00e9es \u00e0 un autre responsable du traitement sans que CHEESE(S) OF THE WORLD y fasse obstacle. Ce droit ne s\u2019applique que lorsque le traitement de vos donn\u00e9es \u00e0 caract\u00e8re personnel est fond\u00e9 sur votre consentement ou sur l\u2019ex\u00e9cution d\u2019un contrat et que ledit Traitement est effectu\u00e9 \u00e0 l\u2019aide de proc\u00e9d\u00e9s automatis\u00e9s.<\/li><li>Le droit d\u2019opposition : vous avez le droit de vous opposer \u00e0 tout moment, pour des raisons tenant \u00e0 votre situation particuli\u00e8re, \u00e0 un traitement de donn\u00e9es \u00e0 caract\u00e8re personnel vous concernant lorsque ledit traitement est bas\u00e9 sur l\u2019int\u00e9r\u00eat l\u00e9gitime de CHEESE(S) OF THE WORLD. CHEESE(S) OF THE WORLD peut cependant invoquer des motifs l\u00e9gitimes et imp\u00e9rieux n\u00e9cessitant la poursuite du traitement. Lorsque vos donn\u00e9es \u00e0 caract\u00e8re personnel sont trait\u00e9es \u00e0 des fins de prospection, vous avez le droit de vous opposer \u00e0 tout moment au traitement de ces donn\u00e9es. Vous pouvez vous opposer \u00e0 la r\u00e9ception de newsletters, de communications et d\u2019invitations aux formations et \u00e9v\u00e8nements organis\u00e9s par CHEESE(S) OF THE WORLD en envoyant un email \u00e0 l\u2019une des adresses indiqu\u00e9es ci-dessous. Par ailleurs, nos messages de prospection commerciale contiennent une option de \u00ab d\u00e9sinscription \u00bb dans le cas o\u00f9 vous ne souhaiteriez plus recevoir de tels messages de notre part.<\/li><li>Le droit de transmettre des instructions concernant l\u2019utilisation des donn\u00e9es apr\u00e8s le d\u00e9c\u00e8s : Vous avez le droit de donner \u00e0 CHEESE(S) OF THE WORLD des directives concernant l\u2019utilisation de vos Donn\u00e9es \u00e0 Caract\u00e8re Personnel apr\u00e8s votre d\u00e9c\u00e8s.<\/li><\/ul>\n\n\n\n<p>En cas de difficult\u00e9 en lien avec la gestion des Donn\u00e9es \u00e0 Caract\u00e8re Personnel, vous pouvez adresser une r\u00e9clamation aupr\u00e8s de la CNIL (3 Place de Fontenoy, 75007 Paris) ou de toute autre autorit\u00e9 comp\u00e9tente. Nous vous invitons toutefois \u00e0 nous contacter au pr\u00e9alable avant d\u2019introduire une r\u00e9clamation aupr\u00e8s de la CNIL.<\/p>\n\n\n\n<h2 class=\"wp-block-heading\"><strong>Transmission de vos donn\u00e9es personnelles<\/strong><\/h2>\n\n\n\n<p>Les commentaires des visiteurs peuvent \u00eatre v\u00e9rifi\u00e9s \u00e0 l\u2019aide d\u2019un service automatis\u00e9 de d\u00e9tection des commentaires ind\u00e9sirables.<\/p>\n\n\n\n<h2 class=\"wp-block-heading\"><strong>Informations de contact<\/strong><\/h2>\n\n\n\n<p>CHEESE(S) OF THE WORLD<\/p>\n\n\n\n<p>30 Bvd St-Germain,<\/p>\n\n\n\n<p>75005, Paris<\/p>\n\n\n\n<p>T\u00e9l\u00e9phone : 01 88 33 54 00<\/p>\n\n\n\n<p>Courriel : contact@c-o-w.fr<\/p>\n\n\n\n<h2 class=\"wp-block-heading\"><strong>Informations suppl\u00e9mentaires<\/strong><\/h2>\n\n\n\n<h3 class=\"wp-block-heading\"><strong>S\u00e9curit\u00e9 de vos donn\u00e9es<\/strong><\/h3>\n\n\n\n<p>Nous assurons la s\u00e9curit\u00e9 de vos donn\u00e9es personnelles en mettant en place une protection renforc\u00e9e par l\u2019utilisation de mesures de s\u00e9curisation techniques et organisationnelles sp\u00e9cifiques visant \u00e0 emp\u00eacher que vos donn\u00e9es personnelles ne soient utilis\u00e9es de mani\u00e8re illicite ou frauduleuse.<\/p>\n\n\n\n<p>Nous veillons particuli\u00e8rement \u00e0 ce que vos donn\u00e9es \u00e0 caract\u00e8re personnel ne soient pas divulgu\u00e9es, d\u00e9form\u00e9es, endommag\u00e9es\/ alt\u00e9r\u00e9es ou que des tiers non autoris\u00e9s n\u2019y aient acc\u00e8s.<\/p>\n\n\n\n<h3 class=\"wp-block-heading\"><strong>Objet du traitement<\/strong><\/h3>\n\n\n\n<p>Le pr\u00e9sent site de vente en ligne permet de recevoir les commandes de nos clients et les donn\u00e9es collect\u00e9es \u00e0 cette occasion sont enregistr\u00e9es et trait\u00e9es dans un fichier clients.<\/p>\n\n\n\n<p>Ce fichier permet de :<\/p>\n\n\n\n<ul><li>G\u00e9rer les commandes, le paiement et la livraison.<\/li><li>Mener des op\u00e9rations de marketing (fid\u00e9lisation, promotions) et adresser des publicit\u00e9s par courriel aupr\u00e8s de nos clients qui ne s\u2019y sont pas oppos\u00e9s ou qui l\u2019ont accept\u00e9 :<ul><li>Sur des produits analogues \u00e0 ceux qu\u2019ils ont command\u00e9s.<\/li><\/ul><ul><li>Sur d\u2019autres produits propos\u00e9s par la soci\u00e9t\u00e9.<\/li><\/ul><\/li><\/ul>\n\n\n\n<h3 class=\"wp-block-heading\"><strong>Bases l\u00e9gales des traitements<\/strong><\/h3>\n\n\n\n<p>Gestion des commandes : la base l\u00e9gale du traitement est l\u2019ex\u00e9cution d\u2019un contrat (Cf. article 6.1.b) du R\u00e8glement europ\u00e9en sur la protection des donn\u00e9es).<\/p>\n\n\n\n<p>Envoi de sollicitations commerciales par courriel sur des produits analogues \u00e0 ceux command\u00e9s par les clients : la base l\u00e9gale du traitement est l\u2019int\u00e9r\u00eat l\u00e9gitime de la soci\u00e9t\u00e9 (Cf. article 6.1.f) du R\u00e8glement europ\u00e9en sur la protection des donn\u00e9es), \u00e0 savoir promouvoir nos produits aupr\u00e8s de nos clients.<\/p>\n\n\n\n<p>Envoi de sollicitations commerciales par courriel sur d\u2019autres produits propos\u00e9s par la soci\u00e9t\u00e9 CHEESE(S) OF THE WORLD : la base l\u00e9gale du traitement est le consentement (Cf. article 6.1.a) du R\u00e8glement europ\u00e9en sur la protection des donn\u00e9es), comme l\u2019exige l\u2019article L. 34-5 du code des postes et des communications \u00e9lectroniques.<\/p>\n\n\n\n<h3 class=\"wp-block-heading\"><strong>Ce que nous collectons et stockons<\/strong><\/h3>\n\n\n\n<p>Pendant votre visite du site, nous suivons&nbsp;:<\/p>\n\n\n\n<ul><li>Produits que vous avez vu&nbsp;: nous les utilisons pour, par exemple, afficher des produits que vous avez r\u00e9cemment vu<\/li><li>Localisation, adresse IP et type de navigateur&nbsp;: nous les utilisons pour l\u2018estimation des taxes et frais de port<\/li><li>Adresse de livraison&nbsp;: nous vous demanderons de la saisir pour estimer les frais d\u2019exp\u00e9dition avant que vous passiez commande, et pour vous envoyer la commande&nbsp;!<\/li><\/ul>\n\n\n\n<p>Nous utilisons des cookies pour suivre les contenus du panier pendant que vous naviguez sur notre site.<\/p>\n\n\n\n<p>Quand vous achetez sur notre site web, nous vous demanderons de fournir des informations incluant votre nom, adresse de facturation, adresse de livraison, adresse de messagerie, num\u00e9ro de t\u00e9l\u00e9phone, donn\u00e9es de paiement \/ carte bancaire et \u00e9ventuellement les donn\u00e9es du compte tel que l\u2019identifiant et le mot de passe. Ces informations seront utilis\u00e9es pour&nbsp;:<\/p>\n\n\n\n<ul><li>Envoie de l\u2019information \u00e0 propos de votre compte et commande<\/li><li>R\u00e9pondre aux demandes, incluant les remboursements et plaintes<\/li><li>Traitement des paiements et pr\u00e9vention de la fraude<\/li><li>Configurez votre compte pour notre boutique<\/li><li>Se conformer avec toute obligation l\u00e9gale, telle que le calcul des taxes<\/li><li>Am\u00e9liorer les offres de notre boutique<\/li><li>Vous envoyer des messages marketing, si vous choisissez d\u2019en recevoir<\/li><\/ul>\n\n\n\n<p>Si vous cr\u00e9ez un compte, nous stockons votre nom, adresse, e-mail, et num\u00e9ro de t\u00e9l\u00e9phone, qui sera utilis\u00e9 pour pr\u00e9remplir la validation de commande pour les prochaines commandes.<\/p>\n\n\n\n<p>Nous stockons g\u00e9n\u00e9ralement vos informations aussi longtemps que nous en avons besoin pour l\u2019usage pour lequel nous les collectons et utilisons, et nous ne sommes pas oblig\u00e9s l\u00e9galement de continuer \u00e0 les conserver. Ceci inclut votre nom, e-mail et adresses de facturation et livraison.<\/p>\n\n\n\n<p>Nous stockons aussi les commentaires ou avis, si vous choisissez d\u2019en envoyer.<\/p>\n\n\n\n<h3 class=\"wp-block-heading\"><strong>Qui de notre \u00e9quipe a acc\u00e8s aux donn\u00e9es<\/strong><\/h3>\n\n\n\n<p>Les membres de notre \u00e9quipe ont acc\u00e8s aux informations que vous nous fournissez. Par exemple, les administrateurs et g\u00e9rants de boutique ont acc\u00e8s&nbsp;:<\/p>\n\n\n\n<ul><li>Information de commande tel que ce qui a \u00e9t\u00e9 achet\u00e9, quand et o\u00f9 cela doit \u00eatre envoy\u00e9, et<\/li><li>Information client tel que votre nom, adresse de messagerie et informations de facturation et livraison.<\/li><\/ul>\n\n\n\n<p>Notre \u00e9quipe a acc\u00e8s \u00e0 ces informations pour tra\u00eeter les commandes, effectuer les remboursements et vous aider.<\/p>\n\n\n\n<h3 class=\"wp-block-heading\">Ce que nous partageons avec d\u2019autres<\/h3>\n\n\n\n<p>Nous partageons des donn\u00e9es avec des tiers qui nous aident \u00e0 g\u00e9rer nos commandes et services de la boutique.<\/p>\n\n\n\n<h3 class=\"wp-block-heading\">Paiements<\/h3>\n\n\n\n<p>Nous acceptons les paiements par PayPal. Lors du traitement des paiements, certaines donn\u00e9es seront transmises \u00e0 PayPal, incluant l\u2019information obligatoire \u00e0 l\u2019ex\u00e9cution du paiement, tel que le montant total ou les informations de facturation.<\/p>\n\n\n\n<p>Veuillez lire la <a href=\"https:\/\/www.paypal.com\/us\/webapps\/mpp\/ua\/privacy-full\">politique de confidentialit\u00e9 de PayPal<\/a> pour plus de d\u00e9tails.<\/p>\n\n\n\n<p><\/p>\n","protected":false},"excerpt":{"rendered":"<p>Qui sommes-nous&nbsp;? L\u2019adresse de notre site est&nbsp;: https:\/\/www.c-o-w.fr\/ La pr\u00e9sente politique de protection des donn\u00e9es personnelles a pour objectif de vous informer sur la mani\u00e8re dont ces donn\u00e9es sont trait\u00e9es par la soci\u00e9t\u00e9 CHEESE(S) OF THE WORLD (soci\u00e9t\u00e9 \u00e0 actions simplifi\u00e9es au capital de 100 000 \u20ac, dont le si\u00e8ge social est situ\u00e9 30 Bvd<a class=\"more-link\" href=\"https:\/\/c-o-w.fr\/?page_id=3\">Read more  &#10230;<\/a><\/p>\n","protected":false},"author":1,"featured_media":0,"parent":0,"menu_order":0,"comment_status":"closed","ping_status":"open","template":"","meta":{"footnotes":""},"jetpack_sharing_enabled":true,"_links":{"self":[{"href":"https:\/\/c-o-w.fr\/index.php?rest_route=\/wp\/v2\/pages\/3"}],"collection":[{"href":"https:\/\/c-o-w.fr\/index.php?rest_route=\/wp\/v2\/pages"}],"about":[{"href":"https:\/\/c-o-w.fr\/index.php?rest_route=\/wp\/v2\/types\/page"}],"author":[{"embeddable":true,"href":"https:\/\/c-o-w.fr\/index.php?rest_route=\/wp\/v2\/users\/1"}],"replies":[{"embeddable":true,"href":"https:\/\/c-o-w.fr\/index.php?rest_route=%2Fwp%2Fv2%2Fcomments&post=3"}],"version-history":[{"count":9,"href":"https:\/\/c-o-w.fr\/index.php?rest_route=\/wp\/v2\/pages\/3\/revisions"}],"predecessor-version":[{"id":1694,"href":"https:\/\/c-o-w.fr\/index.php?rest_route=\/wp\/v2\/pages\/3\/revisions\/1694"}],"wp:attachment":[{"href":"https:\/\/c-o-w.fr\/index.php?rest_route=%2Fwp%2Fv2%2Fmedia&parent=3"}],"curies":[{"name":"wp","href":"https:\/\/api.w.org\/{rel}","templated":true}]}}