{"id":27,"date":"2020-06-15T12:56:40","date_gmt":"2020-06-15T12:56:40","guid":{"rendered":"https:\/\/cow.stimdata.tools\/?page_id=27"},"modified":"2024-05-24T15:32:37","modified_gmt":"2024-05-24T15:32:37","slug":"27-2","status":"publish","type":"page","link":"https:\/\/c-o-w.fr\/","title":{"rendered":"Accueil"},"content":{"rendered":"\n<div style=\"height:100px\" aria-hidden=\"true\" class=\"wp-block-spacer\"><\/div>\n\n\n\n<div class=\"wp-block-columns wp-block-group animate-fade-up aos-init aos-animate is-layout-flex wp-container-core-columns-layout-1 wp-block-columns-is-layout-flex\">\n<div class=\"wp-block-column is-layout-flow wp-block-column-is-layout-flow\"><div class=\"wp-block-image\">\n<figure class=\"aligncenter size-large\"><img loading=\"lazy\" decoding=\"async\" width=\"116\" height=\"116\" src=\"https:\/\/c-o-w.fr\/wp-content\/uploads\/2021\/06\/fresh_icone_nb.png\" alt=\"\" class=\"wp-image-1433\"\/><\/figure><\/div>\n\n\n<h4 class=\"wp-block-heading has-text-align-center has-yith-proteo-editor-custom-color-6-color has-text-color\" style=\"line-height:0.5\">Des produits frais<\/h4>\n\n\n\n<p class=\"has-text-align-center has-yith-proteo-editor-custom-color-6-color has-text-color\">La gamme des fromages que nous proposons change fr\u00e9quemment.<\/p>\n<\/div>\n\n\n\n<div class=\"wp-block-column is-layout-flow wp-block-column-is-layout-flow\"><div class=\"wp-block-image\">\n<figure class=\"aligncenter size-large\"><img loading=\"lazy\" decoding=\"async\" width=\"116\" height=\"116\" src=\"https:\/\/c-o-w.fr\/wp-content\/uploads\/2021\/06\/highquality_icone_nb.png\" alt=\"\" class=\"wp-image-1431\"\/><\/figure><\/div>\n\n\n<h4 class=\"wp-block-heading has-text-align-center has-yith-proteo-editor-custom-color-6-color has-text-color\" style=\"line-height:0.5\">Des produits de qualit\u00e9<\/h4>\n\n\n\n<p class=\"has-text-align-center has-yith-proteo-editor-custom-color-6-color has-text-color\">Une grande s\u00e9lection de fromages venus du monde entier et de qualit\u00e9.<br>Go\u00fbt, originalit\u00e9 et histoire sont au rendez-vous !<\/p>\n<\/div>\n\n\n\n<div class=\"wp-block-column is-layout-flow wp-block-column-is-layout-flow\"><div class=\"wp-block-image\">\n<figure class=\"aligncenter size-large\"><img loading=\"lazy\" decoding=\"async\" width=\"116\" height=\"116\" src=\"https:\/\/c-o-w.fr\/wp-content\/uploads\/2021\/06\/bike_icone_nb.png\" alt=\"\" class=\"wp-image-1432\"\/><\/figure><\/div>\n\n\n<h4 class=\"wp-block-heading has-text-align-center has-yith-proteo-editor-custom-color-6-color has-text-color\" style=\"line-height:0.5\">Livr\u00e9s chez vous<\/h4>\n\n\n\n<p class=\"has-text-align-center has-yith-proteo-editor-custom-color-6-color has-text-color\">Vous pouvez \u00e9galement commander nos produits et vous les faire livrer aux horaires d\u2019ouverture de nos \u00e9tablissements : <a href=\"https:\/\/c-o-w.fr\/?page_id=4394\" data-type=\"page\" data-id=\"4394\" target=\"_blank\" rel=\"noreferrer noopener\">plateaux fromages<\/a> \/ <a href=\"https:\/\/c-o-w.fr\/?page_id=211\" data-type=\"page\" data-id=\"211\" target=\"_blank\" rel=\"noreferrer noopener\">charcuterie<\/a>, <a href=\"https:\/\/c-o-w.fr\/?page_id=4384\" data-type=\"page\" data-id=\"4384\">box <\/a><a href=\"https:\/\/c-o-w.fr\/?page_id=4384\" data-type=\"page\" data-id=\"4384\" target=\"_blank\" rel=\"noreferrer noopener\">ap\u00e9ritif<\/a>, et le reste de notre gamme avec notre partenaire <a href=\"https:\/\/www.epicery.com\/epiceries\/cow-5-eme\" data-type=\"link\" data-id=\"https:\/\/www.epicery.com\/epiceries\/cow-5-eme\" target=\"_blank\" rel=\"noreferrer noopener\">Epicery<\/a>.<\/p>\n<\/div>\n<\/div>\n\n\n\t<div data-slick=\"{&quot;autoplay&quot;:true,&quot;fade&quot;:true,&quot;infinite&quot;:true,&quot;arrows&quot;:false,&quot;prevArrow&quot;:&quot;&lt;button type=\\&quot;button\\&quot; class=\\&quot;yith-slider-nav slide-prev \\&quot;&gt;Previous&lt;\\\/button&gt;&quot;,&quot;nextArrow&quot;:&quot;&lt;button type=\\&quot;button\\&quot; class=\\&quot;yith-slider-nav slide-next \\&quot;&gt;Next&lt;\\\/button&gt;&quot;,&quot;centerMode&quot;:false,&quot;dots&quot;:false,&quot;dotsClass&quot;:&quot;yith-slider-dots &quot;,&quot;autoplaySpeed&quot;:&quot;1500&quot;,&quot;rtl&quot;:false}\" class=\"yith-slider fluid yith-slider-1188\" style=\"background-color: ; \">\n\t\t\t\t\t<div class=\"yith-slider-slide slide-id-1192 slick-slide\" style=\"background-color: #ffffff; \">\n\t\t\t\t<style type=\"text\/css\"> .slide-id-1192 .slide-container { max-width: 1540px;}<\/style>\t\t\t\t<div class=\"slide-container\">\n\t\t\t\t\t\n<div class=\"wp-block-columns is-layout-flex wp-container-core-columns-layout-2 wp-block-columns-is-layout-flex\">\n<div class=\"wp-block-column is-layout-flow wp-block-column-is-layout-flow\">\n<figure class=\"wp-block-image size-large\"><img decoding=\"async\" src=\"https:\/\/c-o-w.fr\/wp-content\/uploads\/2021\/04\/photo_8.jpeg\" alt=\"\"\/><\/figure>\n<\/div>\n\n\n\n<div class=\"wp-block-column is-layout-flow wp-block-column-is-layout-flow\">\n<figure class=\"wp-block-image size-large\"><img decoding=\"async\" src=\"https:\/\/c-o-w.fr\/wp-content\/uploads\/2021\/04\/photo_3.jpeg\" alt=\"\"\/><\/figure>\n<\/div>\n\n\n\n<div class=\"wp-block-column is-layout-flow wp-block-column-is-layout-flow\">\n<figure class=\"wp-block-image size-large\"><img decoding=\"async\" src=\"https:\/\/c-o-w.fr\/wp-content\/uploads\/2021\/04\/photo_7.jpeg\" alt=\"\"\/><\/figure>\n<\/div>\n<\/div>\n\n\n\n<p><\/p>\n\t\t\t\t<\/div>\n\t\t\t<\/div>\n\t\t\t\t\t\t<div class=\"yith-slider-slide slide-id-1190 slick-slide\" style=\"background-color: ; \">\n\t\t\t\t<style type=\"text\/css\"> .slide-id-1190 .slide-container { max-width: 1540px;}<\/style>\t\t\t\t<div class=\"slide-container\">\n\t\t\t\t\t\n<div class=\"wp-block-columns is-layout-flex wp-container-core-columns-layout-3 wp-block-columns-is-layout-flex\">\n<div class=\"wp-block-column is-layout-flow wp-block-column-is-layout-flow\">\n<figure class=\"wp-block-image size-large\"><img decoding=\"async\" src=\"https:\/\/c-o-w.fr\/wp-content\/uploads\/2021\/04\/photo_9.jpeg\" alt=\"\"\/><\/figure>\n<\/div>\n\n\n\n<div class=\"wp-block-column is-layout-flow wp-block-column-is-layout-flow\">\n<figure class=\"wp-block-image size-large\"><img loading=\"lazy\" decoding=\"async\" width=\"700\" height=\"700\" src=\"https:\/\/c-o-w.fr\/wp-content\/uploads\/2021\/04\/photo_5.jpeg\" alt=\"\" class=\"wp-image-931\" srcset=\"https:\/\/c-o-w.fr\/wp-content\/uploads\/2021\/04\/photo_5.jpeg 700w, https:\/\/c-o-w.fr\/wp-content\/uploads\/2021\/04\/photo_5-300x300.jpeg 300w, https:\/\/c-o-w.fr\/wp-content\/uploads\/2021\/04\/photo_5-150x150.jpeg 150w, https:\/\/c-o-w.fr\/wp-content\/uploads\/2021\/04\/photo_5-600x600.jpeg 600w\" sizes=\"(max-width: 700px) 100vw, 700px\" \/><\/figure>\n<\/div>\n\n\n\n<div class=\"wp-block-column is-layout-flow wp-block-column-is-layout-flow\">\n<figure class=\"wp-block-image size-large\"><img loading=\"lazy\" decoding=\"async\" width=\"700\" height=\"700\" src=\"https:\/\/c-o-w.fr\/wp-content\/uploads\/2021\/04\/photo_11.jpeg\" alt=\"\" class=\"wp-image-937\" srcset=\"https:\/\/c-o-w.fr\/wp-content\/uploads\/2021\/04\/photo_11.jpeg 700w, https:\/\/c-o-w.fr\/wp-content\/uploads\/2021\/04\/photo_11-300x300.jpeg 300w, https:\/\/c-o-w.fr\/wp-content\/uploads\/2021\/04\/photo_11-150x150.jpeg 150w, https:\/\/c-o-w.fr\/wp-content\/uploads\/2021\/04\/photo_11-600x600.jpeg 600w\" sizes=\"(max-width: 700px) 100vw, 700px\" \/><\/figure>\n<\/div>\n<\/div>\n\n\n\n<p><\/p>\n\t\t\t\t<\/div>\n\t\t\t<\/div>\n\t\t\t\t\t\t<div class=\"yith-slider-slide slide-id-1189 slick-slide\" style=\"background-color: ; \">\n\t\t\t\t<style type=\"text\/css\"> .slide-id-1189 .slide-container { max-width: 1540px;}<\/style>\t\t\t\t<div class=\"slide-container\">\n\t\t\t\t\t\n<div class=\"wp-block-columns is-layout-flex wp-container-core-columns-layout-4 wp-block-columns-is-layout-flex\">\n<div class=\"wp-block-column is-layout-flow wp-block-column-is-layout-flow\">\n<figure class=\"wp-block-image size-large\"><img decoding=\"async\" src=\"https:\/\/c-o-w.fr\/wp-content\/uploads\/2021\/04\/photo_12.jpeg\" alt=\"\"\/><\/figure>\n<\/div>\n\n\n\n<div class=\"wp-block-column is-layout-flow wp-block-column-is-layout-flow\">\n<figure class=\"wp-block-image size-large\"><img decoding=\"async\" src=\"https:\/\/c-o-w.fr\/wp-content\/uploads\/2021\/04\/photo_4.jpeg\" alt=\"\"\/><\/figure>\n<\/div>\n\n\n\n<div class=\"wp-block-column is-layout-flow wp-block-column-is-layout-flow\">\n<figure class=\"wp-block-image size-large\"><img decoding=\"async\" src=\"https:\/\/c-o-w.fr\/wp-content\/uploads\/2021\/04\/photo_10.jpeg\" alt=\"\"\/><\/figure>\n\n\n\n<p><\/p>\n<\/div>\n<\/div>\n\t\t\t\t<\/div>\n\t\t\t<\/div>\n\t\t\t\t\t\t<div class=\"yith-slider-slide slide-id-1194 slick-slide\" style=\"background-color: ; \">\n\t\t\t\t<style type=\"text\/css\"> .slide-id-1194 .slide-container { max-width: 1540px;}<\/style>\t\t\t\t<div class=\"slide-container\">\n\t\t\t\t\t\n<div class=\"wp-block-columns is-layout-flex wp-container-core-columns-layout-5 wp-block-columns-is-layout-flex\">\n<div class=\"wp-block-column is-layout-flow wp-block-column-is-layout-flow\">\n<figure class=\"wp-block-image size-large\"><img decoding=\"async\" src=\"https:\/\/c-o-w.fr\/wp-content\/uploads\/2021\/04\/photo_1.jpeg\" alt=\"\"\/><\/figure>\n<\/div>\n\n\n\n<div class=\"wp-block-column is-layout-flow wp-block-column-is-layout-flow\">\n<figure class=\"wp-block-image size-large\"><img decoding=\"async\" src=\"https:\/\/c-o-w.fr\/wp-content\/uploads\/2021\/04\/photo_2.jpeg\" alt=\"\"\/><\/figure>\n<\/div>\n\n\n\n<div class=\"wp-block-column is-layout-flow wp-block-column-is-layout-flow\">\n<figure class=\"wp-block-image size-large\"><img decoding=\"async\" src=\"https:\/\/c-o-w.fr\/wp-content\/uploads\/2021\/04\/photo_6.jpeg\" alt=\"\"\/><\/figure>\n<\/div>\n<\/div>\n\t\t\t\t<\/div>\n\t\t\t<\/div>\n\t\t\t\t\t\t<div class=\"yith-slider-slide slide-id-1892 slick-slide\" style=\"background-color: ; \">\n\t\t\t\t<style type=\"text\/css\"> .slide-id-1892 .slide-container { max-width: 1540px;}<\/style>\t\t\t\t<div class=\"slide-container\">\n\t\t\t\t\t\n<div class=\"wp-block-columns is-layout-flex wp-container-core-columns-layout-6 wp-block-columns-is-layout-flex\">\n<div class=\"wp-block-column is-layout-flow wp-block-column-is-layout-flow\">\n<figure class=\"wp-block-image size-large\"><img loading=\"lazy\" decoding=\"async\" width=\"700\" height=\"700\" src=\"https:\/\/c-o-w.fr\/wp-content\/uploads\/2021\/10\/nos_plateaux.jpg\" alt=\"\" class=\"wp-image-1843\" srcset=\"https:\/\/c-o-w.fr\/wp-content\/uploads\/2021\/10\/nos_plateaux.jpg 700w, https:\/\/c-o-w.fr\/wp-content\/uploads\/2021\/10\/nos_plateaux-300x300.jpg 300w, https:\/\/c-o-w.fr\/wp-content\/uploads\/2021\/10\/nos_plateaux-150x150.jpg 150w, https:\/\/c-o-w.fr\/wp-content\/uploads\/2021\/10\/nos_plateaux-600x600.jpg 600w\" sizes=\"(max-width: 700px) 100vw, 700px\" \/><\/figure>\n<\/div>\n\n\n\n<div class=\"wp-block-column is-layout-flow wp-block-column-is-layout-flow\">\n<figure class=\"wp-block-image size-large\"><img loading=\"lazy\" decoding=\"async\" width=\"700\" height=\"700\" src=\"https:\/\/c-o-w.fr\/wp-content\/uploads\/2021\/04\/36-feta2.jpg\" alt=\"\" class=\"wp-image-1880\" srcset=\"https:\/\/c-o-w.fr\/wp-content\/uploads\/2021\/04\/36-feta2.jpg 700w, https:\/\/c-o-w.fr\/wp-content\/uploads\/2021\/04\/36-feta2-300x300.jpg 300w, https:\/\/c-o-w.fr\/wp-content\/uploads\/2021\/04\/36-feta2-150x150.jpg 150w, https:\/\/c-o-w.fr\/wp-content\/uploads\/2021\/04\/36-feta2-600x600.jpg 600w\" sizes=\"(max-width: 700px) 100vw, 700px\" \/><\/figure>\n<\/div>\n\n\n\n<div class=\"wp-block-column is-layout-flow wp-block-column-is-layout-flow\">\n<figure class=\"wp-block-image size-large\"><img loading=\"lazy\" decoding=\"async\" width=\"700\" height=\"700\" src=\"https:\/\/c-o-w.fr\/wp-content\/uploads\/2021\/10\/portion_stilton2.jpg\" alt=\"\" class=\"wp-image-1854\" srcset=\"https:\/\/c-o-w.fr\/wp-content\/uploads\/2021\/10\/portion_stilton2.jpg 700w, https:\/\/c-o-w.fr\/wp-content\/uploads\/2021\/10\/portion_stilton2-300x300.jpg 300w, https:\/\/c-o-w.fr\/wp-content\/uploads\/2021\/10\/portion_stilton2-150x150.jpg 150w, https:\/\/c-o-w.fr\/wp-content\/uploads\/2021\/10\/portion_stilton2-600x600.jpg 600w\" sizes=\"(max-width: 700px) 100vw, 700px\" \/><\/figure>\n<\/div>\n<\/div>\n\n\n\n<p><\/p>\n\t\t\t\t<\/div>\n\t\t\t<\/div>\n\t\t\t\t<\/div>\n\t\t\t<script>\n\t\t\tjQuery( function( $ ) {\n\t\t\t\t\t$('.yith-slider-1188').slick();\n\t\t\t\t});\n\t\t<\/script>\n\t\t\n\n\n\t<div data-slick=\"{&quot;autoplay&quot;:false,&quot;fade&quot;:false,&quot;infinite&quot;:false,&quot;arrows&quot;:false,&quot;prevArrow&quot;:&quot;&lt;button type=\\&quot;button\\&quot; class=\\&quot;yith-slider-nav slide-prev \\&quot;&gt;Previous&lt;\\\/button&gt;&quot;,&quot;nextArrow&quot;:&quot;&lt;button type=\\&quot;button\\&quot; class=\\&quot;yith-slider-nav slide-next \\&quot;&gt;Next&lt;\\\/button&gt;&quot;,&quot;centerMode&quot;:false,&quot;dots&quot;:false,&quot;dotsClass&quot;:&quot;yith-slider-dots &quot;,&quot;autoplaySpeed&quot;:&quot;3000&quot;,&quot;rtl&quot;:false}\" class=\"yith-slider fluid yith-slider-130\" style=\"background-color: ; \">\n\t\t\t\t\t<div class=\"yith-slider-slide slide-id-131 slick-slide\" style=\"background-color: ; display: block; float: none; \">\n\t\t\t\t<style type=\"text\/css\"> .slide-id-131 .slide-container { max-width: 1540px;}<\/style>\t\t\t\t<div class=\"slide-container\">\n\t\t\t\t\t\n<div class=\"wp-block-columns is-layout-flex wp-container-core-columns-layout-7 wp-block-columns-is-layout-flex\">\n<div class=\"wp-block-column is-vertically-aligned-top is-layout-flow wp-block-column-is-layout-flow\" style=\"flex-basis:33.33%\">\n<div class=\"wp-block-cover is-light wp-block-column animate-fade-right aos-init aos-animate\"><span aria-hidden=\"true\" class=\"wp-block-cover__background has-background-dim-10 has-background-dim\"><\/span><img loading=\"lazy\" decoding=\"async\" width=\"959\" height=\"961\" class=\"wp-block-cover__image-background wp-image-170\" src=\"https:\/\/c-o-w.fr\/wp-content\/uploads\/2020\/06\/a_propos_fromager.jpg\" data-object-fit=\"cover\" srcset=\"https:\/\/c-o-w.fr\/wp-content\/uploads\/2020\/06\/a_propos_fromager.jpg 959w, https:\/\/c-o-w.fr\/wp-content\/uploads\/2020\/06\/a_propos_fromager-300x300.jpg 300w, https:\/\/c-o-w.fr\/wp-content\/uploads\/2020\/06\/a_propos_fromager-150x150.jpg 150w, https:\/\/c-o-w.fr\/wp-content\/uploads\/2020\/06\/a_propos_fromager-768x770.jpg 768w, https:\/\/c-o-w.fr\/wp-content\/uploads\/2020\/06\/a_propos_fromager-600x601.jpg 600w\" sizes=\"(max-width: 959px) 100vw, 959px\" \/><div class=\"wp-block-cover__inner-container is-layout-flow wp-block-cover-is-layout-flow\">\n<h3 class=\"wp-block-heading has-text-align-center has-yith-proteo-editor-custom-color-2-color has-text-color has-link-color wp-elements-dc844ea74e7ddd75fca91edcddbe0a21\" style=\"font-size:32px;line-height:1\">Alexandre <\/h3>\n\n\n\n<h3 class=\"wp-block-heading has-text-align-center has-yith-proteo-editor-custom-color-2-color has-text-color has-link-color wp-elements-fbb15c1b8c13dc866a0a05691bf7a3dd\" style=\"font-size:32px;line-height:1\">Ma\u00eetre fromager<\/h3>\n\n\n\n<div class=\"wp-block-buttons is-content-justification-center is-layout-flex wp-container-core-buttons-layout-1 wp-block-buttons-is-layout-flex\">\n<div class=\"wp-block-button\"><a class=\"wp-block-button__link has-yith-proteo-editor-custom-color-6-color has-yith-proteo-editor-custom-color-2-background-color has-text-color has-background has-text-align-center wp-element-button\" href=\"https:\/\/c-o-w.fr\/?page_id=190\">En savoir plus<\/a><\/div>\n<\/div>\n<\/div><\/div>\n<\/div>\n\n\n\n<div class=\"wp-block-column is-layout-flow wp-block-column-is-layout-flow\" style=\"flex-basis:66.66%\">\n<div class=\"wp-block-cover is-light wp-block-column animate-fade-left aos-init aos-animate\"><span aria-hidden=\"true\" class=\"wp-block-cover__background has-background-dim-20 has-background-dim\"><\/span><img loading=\"lazy\" decoding=\"async\" width=\"1000\" height=\"626\" class=\"wp-block-cover__image-background wp-image-772\" src=\"https:\/\/c-o-w.fr\/wp-content\/uploads\/2021\/02\/cave_affinage_01.jpg\" data-object-fit=\"cover\" srcset=\"https:\/\/c-o-w.fr\/wp-content\/uploads\/2021\/02\/cave_affinage_01.jpg 1000w, https:\/\/c-o-w.fr\/wp-content\/uploads\/2021\/02\/cave_affinage_01-300x188.jpg 300w, https:\/\/c-o-w.fr\/wp-content\/uploads\/2021\/02\/cave_affinage_01-768x481.jpg 768w, https:\/\/c-o-w.fr\/wp-content\/uploads\/2021\/02\/cave_affinage_01-600x376.jpg 600w\" sizes=\"(max-width: 1000px) 100vw, 1000px\" \/><div class=\"wp-block-cover__inner-container is-layout-flow wp-block-cover-is-layout-flow\">\n<h3 class=\"wp-block-heading has-text-align-center has-yith-proteo-editor-custom-color-2-color has-text-color has-link-color wp-elements-7c715a328f8c1ded03cc0634eec795c9\" style=\"font-size:32px;line-height:1\">Des fromages de qualit\u00e9<\/h3>\n\n\n\n<h3 class=\"wp-block-heading has-text-align-center has-yith-proteo-editor-custom-color-2-color has-text-color has-link-color wp-elements-abfa53d0d2b64c9126ad0e33be4ac07b\" style=\"font-size:32px;line-height:1\">du monde entier<\/h3>\n\n\n\n<p><\/p>\n<\/div><\/div>\n<\/div>\n<\/div>\n\n\n\n<p><\/p>\n\t\t\t\t<\/div>\n\t\t\t<\/div>\n\t\t\t\t<\/div>\n\t\n\n\n\t<div data-slick=\"{&quot;autoplay&quot;:false,&quot;fade&quot;:false,&quot;infinite&quot;:false,&quot;arrows&quot;:false,&quot;prevArrow&quot;:&quot;&lt;button type=\\&quot;button\\&quot; class=\\&quot;yith-slider-nav slide-prev \\&quot;&gt;Previous&lt;\\\/button&gt;&quot;,&quot;nextArrow&quot;:&quot;&lt;button type=\\&quot;button\\&quot; class=\\&quot;yith-slider-nav slide-next \\&quot;&gt;Next&lt;\\\/button&gt;&quot;,&quot;centerMode&quot;:false,&quot;dots&quot;:false,&quot;dotsClass&quot;:&quot;yith-slider-dots &quot;,&quot;autoplaySpeed&quot;:&quot;3000&quot;,&quot;rtl&quot;:false}\" class=\"yith-slider alignfull yith-slider-153\" style=\"background-color: ; \">\n\t\t\t\t\t<div class=\"yith-slider-slide slide-id-154 slick-slide\" style=\"background-color: ; display: block; float: none; \">\n\t\t\t\t<style type=\"text\/css\"> .slide-id-154 .slide-container { max-width: 1540px;}<\/style>\t\t\t\t<div class=\"slide-container\">\n\t\t\t\t\t\n<h2 class=\"has-text-align-center has-text-color wp-block-heading\" style=\"color:#000000\">Cat\u00e9gories<\/h2>\n\n\n\n<div class=\"wp-block-group animate-fade-up aos-init aos-animate\"><div class=\"wp-block-group__inner-container is-layout-flow wp-block-group-is-layout-flow\">\n<div class=\"wp-block-columns is-layout-flex wp-container-core-columns-layout-10 wp-block-columns-is-layout-flex\">\n<div class=\"wp-block-column is-layout-flow wp-block-column-is-layout-flow\">\n<div class=\"wp-block-columns is-layout-flex wp-container-core-columns-layout-8 wp-block-columns-is-layout-flex\">\n<div class=\"wp-block-column is-layout-flow wp-block-column-is-layout-flow\">\n<div class=\"wp-block-image\"><figure class=\"aligncenter size-large\"><a href=\"https:\/\/c-o-w.fr\/?page_id=202\"><img decoding=\"async\" src=\"https:\/\/c-o-w.fr\/wp-content\/uploads\/2020\/06\/image_footer_pays.jpg\" alt=\"Nos fromages par pays\"\/><\/a><\/figure><\/div>\n\n\n\n<p class=\"has-text-align-center\">Fromages par pays<\/p>\n<\/div>\n\n\n\n<div class=\"wp-block-column is-layout-flow wp-block-column-is-layout-flow\">\n<div class=\"wp-block-image\"><figure class=\"aligncenter size-large\"><a href=\"https:\/\/c-o-w.fr\/?page_id=205\"><img decoding=\"async\" src=\"https:\/\/c-o-w.fr\/wp-content\/uploads\/2020\/06\/image_footer_types.jpg\" alt=\"\"\/><\/a><\/figure><\/div>\n\n\n\n<p class=\"has-text-align-center\">Types de fromages<\/p>\n<\/div>\n<\/div>\n<\/div>\n\n\n\n<div class=\"wp-block-column is-layout-flow wp-block-column-is-layout-flow\">\n<div class=\"wp-block-columns is-layout-flex wp-container-core-columns-layout-9 wp-block-columns-is-layout-flex\">\n<div class=\"wp-block-column is-layout-flow wp-block-column-is-layout-flow\">\n<div class=\"wp-block-image\"><figure class=\"aligncenter size-large\"><a href=\"https:\/\/c-o-w.fr\/?page_id=209\"><img decoding=\"async\" src=\"https:\/\/c-o-w.fr\/wp-content\/uploads\/2020\/06\/image_footer_frais.jpg\" alt=\"\"\/><\/a><\/figure><\/div>\n\n\n\n<p class=\"has-text-align-center\">L'ultra frais<\/p>\n<\/div>\n\n\n\n<div class=\"wp-block-column is-layout-flow wp-block-column-is-layout-flow\">\n<div class=\"wp-block-image\"><figure class=\"aligncenter size-large\"><a href=\"https:\/\/c-o-w.fr\/?page_id=211\"><img decoding=\"async\" src=\"https:\/\/c-o-w.fr\/wp-content\/uploads\/2020\/06\/image_footer_epicerie.jpg\" alt=\"\"\/><\/a><\/figure><\/div>\n\n\n\n<p class=\"has-text-align-center\">L'\u00e9picerie<\/p>\n<\/div>\n<\/div>\n<\/div>\n<\/div>\n<\/div><\/div>\n\t\t\t\t<\/div>\n\t\t\t<\/div>\n\t\t\t\t<\/div>\n\t\n","protected":false},"excerpt":{"rendered":"<p>Des produits frais La gamme des fromages que nous proposons change fr\u00e9quemment. Des produits de qualit\u00e9 Une grande s\u00e9lection de fromages venus du monde entier et de qualit\u00e9.Go\u00fbt, originalit\u00e9 et histoire sont au rendez-vous ! Livr\u00e9s chez vous Vous pouvez \u00e9galement commander nos produits et vous les faire livrer aux horaires d\u2019ouverture de nos \u00e9tablissements<a class=\"more-link\" href=\"https:\/\/c-o-w.fr\/\">Read more  &#10230;<\/a><\/p>\n","protected":false},"author":1,"featured_media":0,"parent":0,"menu_order":0,"comment_status":"closed","ping_status":"closed","template":"","meta":{"footnotes":""},"jetpack_sharing_enabled":true,"_links":{"self":[{"href":"https:\/\/c-o-w.fr\/index.php?rest_route=\/wp\/v2\/pages\/27"}],"collection":[{"href":"https:\/\/c-o-w.fr\/index.php?rest_route=\/wp\/v2\/pages"}],"about":[{"href":"https:\/\/c-o-w.fr\/index.php?rest_route=\/wp\/v2\/types\/page"}],"author":[{"embeddable":true,"href":"https:\/\/c-o-w.fr\/index.php?rest_route=\/wp\/v2\/users\/1"}],"replies":[{"embeddable":true,"href":"https:\/\/c-o-w.fr\/index.php?rest_route=%2Fwp%2Fv2%2Fcomments&post=27"}],"version-history":[{"count":56,"href":"https:\/\/c-o-w.fr\/index.php?rest_route=\/wp\/v2\/pages\/27\/revisions"}],"predecessor-version":[{"id":4524,"href":"https:\/\/c-o-w.fr\/index.php?rest_route=\/wp\/v2\/pages\/27\/revisions\/4524"}],"wp:attachment":[{"href":"https:\/\/c-o-w.fr\/index.php?rest_route=%2Fwp%2Fv2%2Fmedia&parent=27"}],"curies":[{"name":"wp","href":"https:\/\/api.w.org\/{rel}","templated":true}]}}