{"id":218,"date":"2020-06-23T07:16:15","date_gmt":"2020-06-23T07:16:15","guid":{"rendered":"https:\/\/cow.stimdata.tools\/?page_id=218"},"modified":"2024-05-28T08:39:43","modified_gmt":"2024-05-28T08:39:43","slug":"contact","status":"publish","type":"page","link":"https:\/\/c-o-w.fr\/?page_id=218","title":{"rendered":"Contact"},"content":{"rendered":"\n<div class=\"wp-block-columns has-background is-layout-flex wp-container-core-columns-layout-1 wp-block-columns-is-layout-flex\" style=\"background-color:#f7f7f7\">\n<div class=\"wp-block-column is-layout-flow wp-block-column-is-layout-flow\">\n<h4 class=\"wp-block-heading has-text-align-left has-yith-proteo-editor-custom-color-6-color has-text-color\" style=\"line-height:0.5\">Paris 5<sup>\u00e8me<\/sup><\/h4>\n\n\n\n<p class=\"has-text-align-left has-yith-proteo-editor-custom-color-6-color has-text-color\" style=\"line-height:1\">030 Bd Saint-Germain,<br>75005 Paris. <br><strong>M\u00e9tro :<\/strong> Maubert Mutualit\u00e9 <br><br><strong>Horaires<\/strong><br>Lundi : 15h30-20h<br>Mardi \u00e0 Vendredi : 10h-13h30 et 15h30-20h<br>Samedi : 10h-20h <\/p>\n<\/div>\n\n\n\n<div class=\"wp-block-column is-layout-flow wp-block-column-is-layout-flow\">\n<h4 class=\"wp-block-heading has-text-align-left has-yith-proteo-editor-custom-color-6-color has-text-color\" style=\"line-height:0.5\">Paris 17<sup>\u00e8me<\/sup><\/h4>\n\n\n\n<p class=\"has-text-align-left has-yith-proteo-editor-custom-color-6-color has-text-color\" style=\"line-height:1\"> 95 rue Lemercier,<br>75017 Paris. <br><strong>M\u00e9tro :<\/strong> Brochant  <br><br><strong>Horaires <br><\/strong>Mardi \u00e0 Vendredi : 10h30-13h et 16h-20h<br>Samedi : 10h-20h <br>Dimanche : 10h-13h30 <\/p>\n<\/div>\n\n\n\n<div class=\"wp-block-column is-layout-flow wp-block-column-is-layout-flow\">\n<h4 class=\"wp-block-heading has-text-align-left has-yith-proteo-editor-custom-color-6-color has-text-color\" style=\"line-height:0.5\">Paris 14<sup>\u00e8me<\/sup> <\/h4>\n\n\n\n<p class=\"has-text-align-left has-yith-proteo-editor-custom-color-6-color has-text-color has-normal-font-size\" style=\"line-height:1\">100 rue Raymond Losserand,<br>75014 Paris. <br><strong>M\u00e9tro :<\/strong> Plaisance ou Pernety <br><strong><br>Horaires <br><\/strong>Mardi \u00e0 Vendredi : 9h30-13h et 15h30-20h<br>Samedi : 9h30-20h <br>Dimanche : 10h-13h<\/p>\n<\/div>\n<\/div>\n\n\n\n<div class=\"wp-block-columns are-vertically-aligned-top is-layout-flex wp-container-core-columns-layout-2 wp-block-columns-is-layout-flex\">\n<div class=\"wp-block-column is-vertically-aligned-top is-layout-flow wp-block-column-is-layout-flow\" style=\"flex-basis:66.66%\"><div class=\"wp-block-image\">\n<figure class=\"aligncenter size-large\"><img loading=\"lazy\" decoding=\"async\" width=\"1024\" height=\"1024\" src=\"https:\/\/c-o-w.fr\/wp-content\/uploads\/2024\/05\/carte-cow4-1024x1024.jpg\" alt=\"\" class=\"wp-image-4404\" srcset=\"https:\/\/c-o-w.fr\/wp-content\/uploads\/2024\/05\/carte-cow4-1024x1024.jpg 1024w, https:\/\/c-o-w.fr\/wp-content\/uploads\/2024\/05\/carte-cow4-300x300.jpg 300w, https:\/\/c-o-w.fr\/wp-content\/uploads\/2024\/05\/carte-cow4-150x150.jpg 150w, https:\/\/c-o-w.fr\/wp-content\/uploads\/2024\/05\/carte-cow4-768x768.jpg 768w, https:\/\/c-o-w.fr\/wp-content\/uploads\/2024\/05\/carte-cow4-1536x1536.jpg 1536w, https:\/\/c-o-w.fr\/wp-content\/uploads\/2024\/05\/carte-cow4-2048x2048.jpg 2048w, https:\/\/c-o-w.fr\/wp-content\/uploads\/2024\/05\/carte-cow4-1920x1920.jpg 1920w, https:\/\/c-o-w.fr\/wp-content\/uploads\/2024\/05\/carte-cow4-600x600.jpg 600w\" sizes=\"(max-width: 1024px) 100vw, 1024px\" \/><\/figure><\/div><\/div>\n\n\n\n<div class=\"wp-block-column is-vertically-aligned-top is-layout-flow wp-block-column-is-layout-flow\" style=\"flex-basis:33.33%\">\n<h3 class=\"wp-block-heading has-text-align-left has-yith-proteo-editor-custom-color-6-color has-text-color\">Contactez-nous<\/h3>\n\n\n\n<p class=\"has-yith-proteo-editor-custom-color-6-color has-text-color has-link-color wp-elements-06d92c9d126f96f6235debf759db8f33\"><strong>T\u00e9l\u00e9phone :<\/strong> 0 188 335 400<\/p>\n\n\n\n<div class=\"wpcf7 no-js\" id=\"wpcf7-f5-o1\" lang=\"fr-FR\" dir=\"ltr\">\n<div class=\"screen-reader-response\"><p role=\"status\" aria-live=\"polite\" aria-atomic=\"true\"><\/p> <ul><\/ul><\/div>\n<form action=\"\/index.php?rest_route=%2Fwp%2Fv2%2Fpages%2F218#wpcf7-f5-o1\" method=\"post\" class=\"wpcf7-form init\" aria-label=\"Formulaire de contact\" novalidate=\"novalidate\" data-status=\"init\">\n<div style=\"display: none;\">\n<input type=\"hidden\" name=\"_wpcf7\" value=\"5\" \/>\n<input type=\"hidden\" name=\"_wpcf7_version\" value=\"5.8.3\" \/>\n<input type=\"hidden\" name=\"_wpcf7_locale\" value=\"fr_FR\" \/>\n<input type=\"hidden\" name=\"_wpcf7_unit_tag\" value=\"wpcf7-f5-o1\" \/>\n<input type=\"hidden\" name=\"_wpcf7_container_post\" value=\"0\" \/>\n<input type=\"hidden\" name=\"_wpcf7_posted_data_hash\" value=\"\" \/>\n<input type=\"hidden\" name=\"_wpcf7_recaptcha_response\" value=\"\" \/>\n<\/div>\n<p><label> Votre nom (obligatoire)<br \/>\n<span class=\"wpcf7-form-control-wrap\" data-name=\"your-name\"><input size=\"40\" class=\"wpcf7-form-control wpcf7-text wpcf7-validates-as-required\" aria-required=\"true\" aria-invalid=\"false\" value=\"\" type=\"text\" name=\"your-name\" \/><\/span> <\/label>\n<\/p>\n<p><label> Votre adresse de messagerie (obligatoire)<br \/>\n<span class=\"wpcf7-form-control-wrap\" data-name=\"your-email\"><input size=\"40\" class=\"wpcf7-form-control wpcf7-email wpcf7-validates-as-required wpcf7-text wpcf7-validates-as-email\" aria-required=\"true\" aria-invalid=\"false\" value=\"\" type=\"email\" name=\"your-email\" \/><\/span> <\/label>\n<\/p>\n<p><label> Objet<br \/>\n<span class=\"wpcf7-form-control-wrap\" data-name=\"your-subject\"><input size=\"40\" class=\"wpcf7-form-control wpcf7-text\" aria-invalid=\"false\" value=\"\" type=\"text\" name=\"your-subject\" \/><\/span> <\/label>\n<\/p>\n<p><label> Votre message<br \/>\n<span class=\"wpcf7-form-control-wrap\" data-name=\"your-message\"><textarea cols=\"40\" rows=\"10\" class=\"wpcf7-form-control wpcf7-textarea\" aria-invalid=\"false\" name=\"your-message\"><\/textarea><\/span> <\/label>\n<\/p>\n<p><input class=\"wpcf7-form-control wpcf7-submit has-spinner\" type=\"submit\" value=\"Envoyer\" \/>\n<\/p><script type='text\/javascript'>\n\n\t\t\t\t\t\tif(contactform === undefined){\n\t\t\t\t\t\t\tvar contactform = [];\n\t\t\t\t\t\t}\n\t\t\t\t\t\tvar innerVal = [5,'mail_sent_ok','Merci pour votre message. Il a &eacute;t&eacute; envoy&eacute;.'];\n\t\t\t\t\t\tcontactform.push(innerVal);\n\t\t\t\t\t\tvar innerVal = [5,'mail_sent_ng','Une erreur s&rsquo;est produite lors de l&rsquo;envoi de votre message. Veuillez essayer &agrave; nouveau plus tard.'];\n\t\t\t\t\t\tcontactform.push(innerVal);\n\t\t\t\t\t\tvar innerVal = [5,'validation_error','Un ou plusieurs champs contiennent une erreur. Veuillez v&eacute;rifier et essayer &agrave; nouveau.'];\n\t\t\t\t\t\tcontactform.push(innerVal);\n\t\t\t\t\t\tvar innerVal = [5,'spam','Une erreur s&rsquo;est produite lors de l&rsquo;envoi de votre message. Veuillez essayer &agrave; nouveau plus tard.'];\n\t\t\t\t\t\tcontactform.push(innerVal);\n\t\t\t\t\t\tvar innerVal = [5,'accept_terms','Vous devez accepter les termes et conditions avant d&rsquo;envoyer votre message.'];\n\t\t\t\t\t\tcontactform.push(innerVal);\n\t\t\t\t\t\tvar innerVal = [5,'invalid_required','Ce champ est obligatoire.'];\n\t\t\t\t\t\tcontactform.push(innerVal);\n\t\t\t\t\t\tvar innerVal = [5,'invalid_too_long','Le champ est trop long.'];\n\t\t\t\t\t\tcontactform.push(innerVal);\n\t\t\t\t\t\tvar innerVal = [5,'invalid_too_short','Le champ est trop court.'];\n\t\t\t\t\t\tcontactform.push(innerVal);\n\t\t\t\t\t\tvar innerVal = [5,'upload_failed','Une erreur inconnue s&rsquo;est produite lors du t&eacute;l&eacute;versement du fichier.'];\n\t\t\t\t\t\tcontactform.push(innerVal);\n\t\t\t\t\t\tvar innerVal = [5,'upload_file_type_invalid','Vous n&rsquo;avez pas les droits n&eacute;cessaires pour t&eacute;l&eacute;verser ce type de fichier.'];\n\t\t\t\t\t\tcontactform.push(innerVal);\n\t\t\t\t\t\tvar innerVal = [5,'upload_file_too_large','Le fichier est trop volumineux.'];\n\t\t\t\t\t\tcontactform.push(innerVal);\n\t\t\t\t\t\tvar innerVal = [5,'upload_failed_php_error','Une erreur s&rsquo;est produite lors du t&eacute;l&eacute;versement du fichier.'];\n\t\t\t\t\t\tcontactform.push(innerVal);\n\t\t\t\t\t\tvar innerVal = [5,'invalid_date','Le format de date est incorrect.'];\n\t\t\t\t\t\tcontactform.push(innerVal);\n\t\t\t\t\t\tvar innerVal = [5,'date_too_early','La date pr&eacute;c&egrave;de la premi&egrave;re date autoris&eacute;e.'];\n\t\t\t\t\t\tcontactform.push(innerVal);\n\t\t\t\t\t\tvar innerVal = [5,'date_too_late','La date est post&eacute;rieure &agrave; la derni&egrave;re date autoris&eacute;e.'];\n\t\t\t\t\t\tcontactform.push(innerVal);\n\t\t\t\t\t\tvar innerVal = [5,'invalid_number','Le format du nombre est invalide.'];\n\t\t\t\t\t\tcontactform.push(innerVal);\n\t\t\t\t\t\tvar innerVal = [5,'number_too_small','Le nombre est plus petit que le minimum autoris&eacute;.'];\n\t\t\t\t\t\tcontactform.push(innerVal);\n\t\t\t\t\t\tvar innerVal = [5,'number_too_large','Le nombre est plus grand que le maximum autoris&eacute;.'];\n\t\t\t\t\t\tcontactform.push(innerVal);\n\t\t\t\t\t\tvar innerVal = [5,'quiz_answer_not_correct','La r&eacute;ponse &agrave; la question est incorrecte.'];\n\t\t\t\t\t\tcontactform.push(innerVal);\n\t\t\t\t\t\tvar innerVal = [5,'invalid_email','L&rsquo;adresse e-mail n&rsquo;est pas valide.'];\n\t\t\t\t\t\tcontactform.push(innerVal);\n\t\t\t\t\t\tvar innerVal = [5,'invalid_url','L&rsquo;URL n&rsquo;est pas valide.'];\n\t\t\t\t\t\tcontactform.push(innerVal);\n\t\t\t\t\t\tvar innerVal = [5,'invalid_tel','Le num&eacute;ro de t&eacute;l&eacute;phone n&rsquo;est pas valide.'];\n\t\t\t\t\t\tcontactform.push(innerVal);\n\t\t\t\t\t\tvar innerVal = [5,'gdpr',''];\n\t\t\t\t\t\tcontactform.push(innerVal);\n\t\t\t\t\t\t<\/script><div class=\"wpcf7-response-output\" aria-hidden=\"true\"><\/div>\n<\/form>\n<\/div>\n\n<\/div>\n<\/div>\n\n\n\n<p><\/p>\n","protected":false},"excerpt":{"rendered":"<p>Paris 5\u00e8me 030 Bd Saint-Germain,75005 Paris. M\u00e9tro : Maubert Mutualit\u00e9 HorairesLundi : 15h30-20hMardi \u00e0 Vendredi : 10h-13h30 et 15h30-20hSamedi : 10h-20h Paris 17\u00e8me 95 rue Lemercier,75017 Paris. M\u00e9tro : Brochant Horaires Mardi \u00e0 Vendredi : 10h30-13h et 16h-20hSamedi : 10h-20h Dimanche : 10h-13h30 Paris 14\u00e8me 100 rue Raymond Losserand,75014 Paris. M\u00e9tro : Plaisance ou Pernety<a class=\"more-link\" href=\"https:\/\/c-o-w.fr\/?page_id=218\">Read more  &#10230;<\/a><\/p>\n","protected":false},"author":1,"featured_media":0,"parent":0,"menu_order":0,"comment_status":"closed","ping_status":"closed","template":"","meta":{"footnotes":""},"jetpack_sharing_enabled":true,"_links":{"self":[{"href":"https:\/\/c-o-w.fr\/index.php?rest_route=\/wp\/v2\/pages\/218"}],"collection":[{"href":"https:\/\/c-o-w.fr\/index.php?rest_route=\/wp\/v2\/pages"}],"about":[{"href":"https:\/\/c-o-w.fr\/index.php?rest_route=\/wp\/v2\/types\/page"}],"author":[{"embeddable":true,"href":"https:\/\/c-o-w.fr\/index.php?rest_route=\/wp\/v2\/users\/1"}],"replies":[{"embeddable":true,"href":"https:\/\/c-o-w.fr\/index.php?rest_route=%2Fwp%2Fv2%2Fcomments&post=218"}],"version-history":[{"count":57,"href":"https:\/\/c-o-w.fr\/index.php?rest_route=\/wp\/v2\/pages\/218\/revisions"}],"predecessor-version":[{"id":4528,"href":"https:\/\/c-o-w.fr\/index.php?rest_route=\/wp\/v2\/pages\/218\/revisions\/4528"}],"wp:attachment":[{"href":"https:\/\/c-o-w.fr\/index.php?rest_route=%2Fwp%2Fv2%2Fmedia&parent=218"}],"curies":[{"name":"wp","href":"https:\/\/api.w.org\/{rel}","templated":true}]}}