{"id":205,"date":"2020-06-22T15:45:50","date_gmt":"2020-06-22T15:45:50","guid":{"rendered":"https:\/\/cow.stimdata.tools\/?page_id=205"},"modified":"2021-11-22T16:02:55","modified_gmt":"2021-11-22T16:02:55","slug":"nos-fromages-par-types","status":"publish","type":"page","link":"https:\/\/c-o-w.fr\/?page_id=205","title":{"rendered":"Nos fromages par types"},"content":{"rendered":"\n<div class=\"wp-block-columns is-layout-flex wp-container-core-columns-layout-2 wp-block-columns-is-layout-flex\">\n<div class=\"wp-block-column is-layout-flow wp-block-column-is-layout-flow\" style=\"flex-basis:100%\">\n<div class=\"wp-block-columns is-layout-flex wp-container-core-columns-layout-1 wp-block-columns-is-layout-flex\">\n<div class=\"wp-block-column is-layout-flow wp-block-column-is-layout-flow\"><div data-block-name=\"woocommerce\/featured-category\" data-edit-mode=\"false\" data-media-id=\"772\" data-media-src=\"https:\/\/c-o-w.fr\/wp-content\/uploads\/2021\/02\/cave_affinage_01.jpg\" data-category-id=\"45\" class=\"wc-block-featured-category alignnone has-background-dim wp-block-woocommerce-featured-category\" style=\"min-height:500px;\"><div class=\"wc-block-featured-category__wrapper\"><div class=\"background-dim__overlay\" style=\"background-color: #000000\"><\/div><img decoding=\"async\" alt=\"P\u00e2te molle \u00e0 cro\u00fbte fleurie\" class=\"wc-block-featured-category__background-image\" src=\"https:\/\/c-o-w.fr\/wp-content\/uploads\/2021\/02\/cave_affinage_01.jpg\" style=\"object-fit: none;object-position: 50% 50%;\" \/><h2 class=\"wc-block-featured-category__title\">P\u00e2te molle \u00e0 cro\u00fbte fleurie<\/h2><div class=\"wc-block-featured-category__description\"><\/div><div class=\"wc-block-featured-category__link\">\n\n<div class=\"wp-block-button aligncenter\"><a class=\"wp-block-button__link has-yith-proteo-editor-custom-color-6-color has-yith-proteo-editor-custom-color-2-background-color has-text-color has-background\" href=\"https:\/\/c-o-w.fr\/?product_cat=pate-molle-croute-fleurie\">D\u00e9couvrir<\/a><\/div>\n\n<\/div><\/div><\/div>\n\n<div data-block-name=\"woocommerce\/featured-category\" data-edit-mode=\"false\" data-media-id=\"772\" data-media-src=\"https:\/\/c-o-w.fr\/wp-content\/uploads\/2021\/02\/cave_affinage_01.jpg\" data-category-id=\"40\" class=\"wc-block-featured-category alignnone has-background-dim wp-block-woocommerce-featured-category\" style=\"min-height:500px;\"><div class=\"wc-block-featured-category__wrapper\"><div class=\"background-dim__overlay\" style=\"background-color: #000000\"><\/div><img decoding=\"async\" alt=\"P\u00e2te press\u00e9e cuite\" class=\"wc-block-featured-category__background-image\" src=\"https:\/\/c-o-w.fr\/wp-content\/uploads\/2021\/02\/cave_affinage_01.jpg\" style=\"object-fit: none;object-position: 50% 50%;\" \/><h2 class=\"wc-block-featured-category__title\">P\u00e2te press\u00e9e cuite<\/h2><div class=\"wc-block-featured-category__description\"><\/div><div class=\"wc-block-featured-category__link\">\n\n<div class=\"wp-block-button aligncenter\"><a class=\"wp-block-button__link has-yith-proteo-editor-custom-color-6-color has-yith-proteo-editor-custom-color-2-background-color has-text-color has-background\" href=\"https:\/\/c-o-w.fr\/?product_cat=pate-pressee-cuite\">D\u00e9couvrir<\/a><\/div>\n\n<\/div><\/div><\/div>\n\n<div data-block-name=\"woocommerce\/featured-category\" data-edit-mode=\"false\" data-media-id=\"772\" data-media-src=\"https:\/\/c-o-w.fr\/wp-content\/uploads\/2021\/02\/cave_affinage_01.jpg\" data-category-id=\"51\" class=\"wc-block-featured-category alignnone has-background-dim wp-block-woocommerce-featured-category\" style=\"min-height:500px;\"><div class=\"wc-block-featured-category__wrapper\"><div class=\"background-dim__overlay\" style=\"background-color: #000000\"><\/div><img decoding=\"async\" alt=\"Pr\u00e9paration fromag\u00e8re\" class=\"wc-block-featured-category__background-image\" src=\"https:\/\/c-o-w.fr\/wp-content\/uploads\/2021\/02\/cave_affinage_01.jpg\" style=\"object-fit: none;object-position: 50% 50%;\" \/><h2 class=\"wc-block-featured-category__title\">Pr\u00e9paration fromag\u00e8re<\/h2><div class=\"wc-block-featured-category__description\"><\/div><div class=\"wc-block-featured-category__link\">\n\n<div class=\"wp-block-button aligncenter\"><a class=\"wp-block-button__link has-yith-proteo-editor-custom-color-6-color has-yith-proteo-editor-custom-color-2-background-color has-text-color has-background\" href=\"https:\/\/c-o-w.fr\/?product_cat=preparation-fromagere\">D\u00e9couvrir<\/a><\/div>\n\n<\/div><\/div><\/div><\/div>\n\n\n\n<div class=\"wp-block-column is-layout-flow wp-block-column-is-layout-flow\"><div data-block-name=\"woocommerce\/featured-category\" data-edit-mode=\"false\" data-media-id=\"772\" data-media-src=\"https:\/\/c-o-w.fr\/wp-content\/uploads\/2021\/02\/cave_affinage_01.jpg\" data-category-id=\"43\" class=\"wc-block-featured-category alignnone has-background-dim wp-block-woocommerce-featured-category\" style=\"min-height:500px;\"><div class=\"wc-block-featured-category__wrapper\"><div class=\"background-dim__overlay\" style=\"background-color: #000000\"><\/div><img decoding=\"async\" alt=\"P\u00e2te molle \u00e0 cro\u00fbte lav\u00e9e\" class=\"wc-block-featured-category__background-image\" src=\"https:\/\/c-o-w.fr\/wp-content\/uploads\/2021\/02\/cave_affinage_01.jpg\" style=\"object-fit: none;object-position: 50% 50%;\" \/><h2 class=\"wc-block-featured-category__title\">P\u00e2te molle \u00e0 cro\u00fbte lav\u00e9e<\/h2><div class=\"wc-block-featured-category__description\"><\/div><div class=\"wc-block-featured-category__link\">\n\n<div class=\"wp-block-button aligncenter\"><a class=\"wp-block-button__link has-yith-proteo-editor-custom-color-6-color has-yith-proteo-editor-custom-color-2-background-color has-text-color has-background\" href=\"https:\/\/c-o-w.fr\/?product_cat=pate-molle-croute-lavee\">D\u00e9couvrir<\/a><\/div>\n\n<\/div><\/div><\/div>\n\n<div data-block-name=\"woocommerce\/featured-category\" data-edit-mode=\"false\" data-media-id=\"772\" data-media-src=\"https:\/\/c-o-w.fr\/wp-content\/uploads\/2021\/02\/cave_affinage_01.jpg\" data-category-id=\"41\" class=\"wc-block-featured-category alignnone has-background-dim wp-block-woocommerce-featured-category\" style=\"min-height:500px;\"><div class=\"wc-block-featured-category__wrapper\"><div class=\"background-dim__overlay\" style=\"background-color: #000000\"><\/div><img decoding=\"async\" alt=\"P\u00e2te press\u00e9e non cuite\" class=\"wc-block-featured-category__background-image\" src=\"https:\/\/c-o-w.fr\/wp-content\/uploads\/2021\/02\/cave_affinage_01.jpg\" style=\"object-fit: none;object-position: 50% 50%;\" \/><h2 class=\"wc-block-featured-category__title\">P\u00e2te press\u00e9e non cuite<\/h2><div class=\"wc-block-featured-category__description\"><\/div><div class=\"wc-block-featured-category__link\">\n\n<div class=\"wp-block-button aligncenter\"><a class=\"wp-block-button__link has-yith-proteo-editor-custom-color-6-color has-yith-proteo-editor-custom-color-2-background-color has-text-color has-background\" href=\"https:\/\/c-o-w.fr\/?product_cat=pate-pressee-non-cuite\">D\u00e9couvrir<\/a><\/div>\n\n<\/div><\/div><\/div><\/div>\n\n\n\n<div class=\"wp-block-column is-layout-flow wp-block-column-is-layout-flow\"><div data-block-name=\"woocommerce\/featured-category\" data-edit-mode=\"false\" data-media-id=\"772\" data-media-src=\"https:\/\/c-o-w.fr\/wp-content\/uploads\/2021\/02\/cave_affinage_01.jpg\" data-category-id=\"47\" class=\"wc-block-featured-category alignnone has-background-dim wp-block-woocommerce-featured-category\" style=\"min-height:500px;\"><div class=\"wc-block-featured-category__wrapper\"><div class=\"background-dim__overlay\" style=\"background-color: #000000\"><\/div><img decoding=\"async\" alt=\"Ch\u00e8vre et cro\u00fbte naturelle\" class=\"wc-block-featured-category__background-image\" src=\"https:\/\/c-o-w.fr\/wp-content\/uploads\/2021\/02\/cave_affinage_01.jpg\" style=\"object-fit: none;object-position: 50% 50%;\" \/><h2 class=\"wc-block-featured-category__title\">Ch\u00e8vre et cro\u00fbte naturelle<\/h2><div class=\"wc-block-featured-category__description\"><\/div><div class=\"wc-block-featured-category__link\">\n\n<div class=\"wp-block-button aligncenter\"><a class=\"wp-block-button__link has-yith-proteo-editor-custom-color-6-color has-yith-proteo-editor-custom-color-2-background-color has-text-color has-background\" href=\"https:\/\/c-o-w.fr\/?product_cat=chevre-et-croute-naturelle\">D\u00e9couvrir<\/a><\/div>\n\n<\/div><\/div><\/div>\n\n<div data-block-name=\"woocommerce\/featured-category\" data-edit-mode=\"false\" data-media-id=\"772\" data-media-src=\"https:\/\/c-o-w.fr\/wp-content\/uploads\/2021\/02\/cave_affinage_01.jpg\" data-category-id=\"42\" class=\"wc-block-featured-category alignnone has-background-dim wp-block-woocommerce-featured-category\" style=\"min-height:500px;\"><div class=\"wc-block-featured-category__wrapper\"><div class=\"background-dim__overlay\" style=\"background-color: #000000\"><\/div><img decoding=\"async\" alt=\"P\u00e2te persill\u00e9e\" class=\"wc-block-featured-category__background-image\" src=\"https:\/\/c-o-w.fr\/wp-content\/uploads\/2021\/02\/cave_affinage_01.jpg\" style=\"object-fit: none;object-position: 50% 50%;\" \/><h2 class=\"wc-block-featured-category__title\">P\u00e2te persill\u00e9e<\/h2><div class=\"wc-block-featured-category__description\"><\/div><div class=\"wc-block-featured-category__link\">\n\n<div class=\"wp-block-button aligncenter\"><a class=\"wp-block-button__link has-yith-proteo-editor-custom-color-6-color has-yith-proteo-editor-custom-color-2-background-color has-text-color has-background\" href=\"https:\/\/c-o-w.fr\/?product_cat=pate-persillee\">D\u00e9couvrir<\/a><\/div>\n\n<\/div><\/div><\/div><\/div>\n<\/div>\n<\/div>\n<\/div>\n\n\n\n<p><\/p>\n","protected":false},"excerpt":{"rendered":"","protected":false},"author":1,"featured_media":0,"parent":39,"menu_order":2,"comment_status":"closed","ping_status":"closed","template":"","meta":{"footnotes":""},"jetpack_sharing_enabled":true,"_links":{"self":[{"href":"https:\/\/c-o-w.fr\/index.php?rest_route=\/wp\/v2\/pages\/205"}],"collection":[{"href":"https:\/\/c-o-w.fr\/index.php?rest_route=\/wp\/v2\/pages"}],"about":[{"href":"https:\/\/c-o-w.fr\/index.php?rest_route=\/wp\/v2\/types\/page"}],"author":[{"embeddable":true,"href":"https:\/\/c-o-w.fr\/index.php?rest_route=\/wp\/v2\/users\/1"}],"replies":[{"embeddable":true,"href":"https:\/\/c-o-w.fr\/index.php?rest_route=%2Fwp%2Fv2%2Fcomments&post=205"}],"version-history":[{"count":20,"href":"https:\/\/c-o-w.fr\/index.php?rest_route=\/wp\/v2\/pages\/205\/revisions"}],"predecessor-version":[{"id":1897,"href":"https:\/\/c-o-w.fr\/index.php?rest_route=\/wp\/v2\/pages\/205\/revisions\/1897"}],"up":[{"embeddable":true,"href":"https:\/\/c-o-w.fr\/index.php?rest_route=\/wp\/v2\/pages\/39"}],"wp:attachment":[{"href":"https:\/\/c-o-w.fr\/index.php?rest_route=%2Fwp%2Fv2%2Fmedia&parent=205"}],"curies":[{"name":"wp","href":"https:\/\/api.w.org\/{rel}","templated":true}]}}